{"id":27,"date":"2012-07-24T12:57:18","date_gmt":"2012-07-24T12:57:18","guid":{"rendered":"http:\/\/portfolio-pre.uqac.ca\/gabarit\/?page_id=27"},"modified":"2019-03-13T15:11:01","modified_gmt":"2019-03-13T19:11:01","slug":"curriculum-vitae","status":"publish","type":"page","link":"https:\/\/portfolio.uqac.ca\/eliseduchesne\/curriculum-vitae\/","title":{"rendered":"Exp\u00e9rience"},"content":{"rendered":"<h2><strong>Dipl\u00f4mes<\/strong><\/h2>\n<p>Doctorat en physiologie-endocrinologie (PhD.) &#8211; Universit\u00e9 Laval (2013)<\/p>\n<p>Duchesne, E. (2013).\u00a0<a href=\"https:\/\/archipel.uqam.ca\/9997\/\">\u00ab <\/a> <a href=\"https:\/\/corpus.ulaval.ca\/jspui\/handle\/20.500.11794\/24731\">Blessures musculaires : contribution des mastocytes au processus de r\u00e9paration et identification d&#8217;un m\u00e9canisme alternatif contribuant \u00e0 l&#8217;accumulation des macrophages <\/a><a href=\"https:\/\/archipel.uqam.ca\/9997\/\">\u00bb<\/a>\u00a0 Th\u00e8se. Qu\u00e9bec (Qu\u00e9bec, Canada), Universit\u00e9 Laval, Doctorat en physiologie-endocrinologie.<\/p>\n<p>Ma\u00eetrise en physiologie endocrinologie (M.A -sans m\u00e9moire) &#8211; Universit\u00e9 Laval (2008)<\/p>\n<p>Baccalaur\u00e9at en sciences de la sant\u00e9 (physioth\u00e9rapie) &#8211; Universit\u00e9 Laval (2006)<\/p>\n<h2><strong>Titres de comp\u00e9tences<br \/>\n<\/strong><\/h2>\n<p>Physioth\u00e9rapeute, Association qu\u00e9b\u00e9coise de la physioth\u00e9rapie (2016)<\/p>\n<p>Habilitation institutionnelle \u00e0 la direction des \u00e9tudes aux cycles sup\u00e9rieurs, Universit\u00e9 du Qu\u00e9bec \u00e0 Chicoutimi (2015)<\/p>\n<p>Chercheure r\u00e9guli\u00e8re, CIUSSS du Saguenay-Lac-Saint-Jean (2015)<\/p>\n<p>Physioth\u00e9rapeute, Ordre professionnel de la physioth\u00e9rapie du Qu\u00e9bec (2006)<\/p>\n<h2><strong> Distinctions et bourses<br \/>\n<\/strong><\/h2>\n<p>Bourse de formation de doctorat pour les d\u00e9tenteurs d&#8217;un dipl\u00f4me professionnel &#8211; Fonds de recherche du Qu\u00e9bec &#8211; Sant\u00e9 (FRQS) (2008-2011)<\/p>\n<p>Bourse de formation de ma\u00eetrise pour les d\u00e9tenteurs d&#8217;un dipl\u00f4me professionnel &#8211; Fonds de recherche du Qu\u00e9bec &#8211; Sant\u00e9 (FRQS) (2006-2008)<\/p>\n<p>Bourse des Instituts de recherche en sant\u00e9 du Canada (IRSC) pour un stage d&#8217;\u00e9t\u00e9 en recherche &#8211; Universit\u00e9 Laval (2005)<\/p>\n<p>Bourse des Instituts de recherche en sant\u00e9 du Canada (IRSC) pour un stage d&#8217;\u00e9t\u00e9 en recherche &#8211; Universit\u00e9 Laval (2004)<\/p>\n<p>Bourse des Instituts de recherche en sant\u00e9 du Canada (IRSC) pour un stage d&#8217;\u00e9t\u00e9 en recherche &#8211; Universit\u00e9 Laval (2003)<\/p>\n<h2><strong><br \/>\nActivit\u00e9s professionnelles \/ implications<br \/>\n<\/strong><\/h2>\n<p>Formatrice, Ordre professionnel de la physioth\u00e9rapie du Qu\u00e9bec<\/p>\n<p>\u00c9valuateur, Agr\u00e9ment de l&#8217;enseignement de la physioth\u00e9rapie au Canada<\/p>\n<p>&nbsp;<\/p>\n","protected":false},"excerpt":{"rendered":"<p>Dipl\u00f4mes Doctorat en physiologie-endocrinologie (PhD.) &#8211; Universit\u00e9 Laval (2013) Duchesne, E. (2013).\u00a0\u00ab Blessures musculaires : contribution des mastocytes au processus de r\u00e9paration et identification d&#8217;un m\u00e9canisme alternatif contribuant \u00e0 l&#8217;accumulation des macrophages \u00bb\u00a0 Th\u00e8se. Qu\u00e9bec (Qu\u00e9bec, Canada), Universit\u00e9 Laval, Doctorat en physiologie-endocrinologie. Ma\u00eetrise en physiologie endocrinologie (M.A -sans m\u00e9moire) &#8211; Universit\u00e9 Laval (2008) Baccalaur\u00e9at en &hellip; <a href=\"https:\/\/portfolio.uqac.ca\/eliseduchesne\/curriculum-vitae\/\" class=\"more-link\">Continuer la lecture de <span class=\"screen-reader-text\">Exp\u00e9rience<\/span>  <span class=\"meta-nav\">&rarr;<\/span><\/a><\/p>\n","protected":false},"author":159,"featured_media":0,"parent":0,"menu_order":0,"comment_status":"closed","ping_status":"closed","template":"","meta":{"footnotes":""},"tags":[],"_links":{"self":[{"href":"https:\/\/portfolio.uqac.ca\/eliseduchesne\/wp-json\/wp\/v2\/pages\/27"}],"collection":[{"href":"https:\/\/portfolio.uqac.ca\/eliseduchesne\/wp-json\/wp\/v2\/pages"}],"about":[{"href":"https:\/\/portfolio.uqac.ca\/eliseduchesne\/wp-json\/wp\/v2\/types\/page"}],"author":[{"embeddable":true,"href":"https:\/\/portfolio.uqac.ca\/eliseduchesne\/wp-json\/wp\/v2\/users\/159"}],"replies":[{"embeddable":true,"href":"https:\/\/portfolio.uqac.ca\/eliseduchesne\/wp-json\/wp\/v2\/comments?post=27"}],"version-history":[{"count":9,"href":"https:\/\/portfolio.uqac.ca\/eliseduchesne\/wp-json\/wp\/v2\/pages\/27\/revisions"}],"predecessor-version":[{"id":200,"href":"https:\/\/portfolio.uqac.ca\/eliseduchesne\/wp-json\/wp\/v2\/pages\/27\/revisions\/200"}],"wp:attachment":[{"href":"https:\/\/portfolio.uqac.ca\/eliseduchesne\/wp-json\/wp\/v2\/media?parent=27"}],"wp:term":[{"taxonomy":"post_tag","embeddable":true,"href":"https:\/\/portfolio.uqac.ca\/eliseduchesne\/wp-json\/wp\/v2\/tags?post=27"}],"curies":[{"name":"wp","href":"https:\/\/api.w.org\/{rel}","templated":true}]}}