{"id":4,"date":"2012-07-23T17:46:31","date_gmt":"2012-07-23T17:46:31","guid":{"rendered":"http:\/\/portfolio-pre.uqac.ca\/gabarit\/?page_id=4"},"modified":"2021-05-03T13:39:57","modified_gmt":"2021-05-03T17:39:57","slug":"presentatio","status":"publish","type":"page","link":"https:\/\/portfolio.uqac.ca\/eliseduchesne\/","title":{"rendered":"Pr\u00e9sentation"},"content":{"rendered":"<p>Professeure agr\u00e9g\u00e9e au d\u00e9partement des Sciences de la Sant\u00e9, Unit\u00e9 d&#8217;enseignement en physioth\u00e9rapie<\/p>\n<p>Chercheuse au <a href=\"https:\/\/www.facebook.com\/pages\/category\/Medical-Research-Center\/Groupe-de-recherche-interdisciplinaire-sur-les-maladies-neuromusculaires-292244768077272\/\">Groupe de recherche interdisciplinaire sur les maladies neuromusculaire<\/a>, Centre int\u00e9gr\u00e9 universitaire de sant\u00e9 et de services sociaux du Saguenay\u2013Lac-St-Jean, Qu\u00e9bec, Canada<\/p>\n<p>Chercheure associ\u00e9e au <a href=\"https:\/\/crhclm.ca\/\">Centre de recherche Charles-Le-Moyne-Saguenay-Lac-Saint-Jean\u00a0<\/a>sur les\u00a0 innovations en sant\u00e9 (CR-CSIS), facult\u00e9 de m\u00e9decine et des sciences de la sant\u00e9, Universit\u00e9 de Sherbrooke, Sherbrooke, Qu\u00e9bec, Canada<\/p>\n<p>Dre Duchesne a gradu\u00e9 du programme de physioth\u00e9rapie de l\u2019Universit\u00e9 Laval en 2006. Son amour pour la recherche la pousse ensuite \u00e0 entreprendre une ma\u00eetrise en physiologie-endocrinologie de l\u2019Universit\u00e9 Laval de 2006 \u00e0 2008. Elle effectue ensuite, en 2008, un passage direct au doctorat dans ce m\u00eame programme, qui s\u2019\u00e9tendra jusqu\u2019\u00e0 la fin de l\u2019ann\u00e9e 2012. Le sujet de sa th\u00e8se porte sur les blessures musculaires et plus particuli\u00e8rement sur la contribution des mastocytes au processus de r\u00e9paration et sur l\u2019identification d&#8217;un m\u00e9canisme alternatif contribuant \u00e0 l&#8217;accumulation des macrophages. En janvier 2012, Dre Duchesne est engag\u00e9e \u00e0 titre de professeure\/chercheuse \u00e0 l\u2019Unit\u00e9 d\u2019enseignement en physioth\u00e9rapie de l\u2019Universit\u00e9 du Qu\u00e9bec \u00e0 Chicoutimi. Depuis ce temps, Dre Duchesne a particip\u00e9 activement au d\u00e9marrage de ce nouveau programme en assurant notamment le r\u00f4le de directrice int\u00e9rimaire \u00e0 deux reprises soit de septembre 2013 \u00e0 janvier 2014 et de septembre 2015 \u00e0 d\u00e9cembre 2016. De fa\u00e7on concomitante, elle a d\u00e9marr\u00e9 sa programmation de recherche en tant que chercheuse autonome. Elle s\u2019int\u00e9resse encore \u00e0 l\u2019\u00e9tude du muscle squelettique, en lien cependant avec les maladies g\u00e9n\u00e9tiques pr\u00e9sentes dans la r\u00e9gion du Saguenay\u2014Lac-St-Jean. Depuis son arriv\u00e9e, elle s\u2019est jointe \u00e0 une \u00e9quipe interdisciplinaire de recherche reconnue \u00e0 l\u2019international o\u00f9 elle apporte une expertise plus fondamentale aux recherches actuellement men\u00e9es par ce groupe sur les maladies neuromusculaires.<\/p>\n<h2>Champs d&#8217;int\u00e9r\u00eat<\/h2>\n<ul>\n<li>Maladies neuromusculaires<\/li>\n<li>Physiologie musculaire<\/li>\n<li>R\u00e9adaptation<\/li>\n<li>Processus inflammatoire<\/li>\n<\/ul>\n","protected":false},"excerpt":{"rendered":"<p>Professeure agr\u00e9g\u00e9e au d\u00e9partement des Sciences de la Sant\u00e9, Unit\u00e9 d&#8217;enseignement en physioth\u00e9rapie Chercheuse au Groupe de recherche interdisciplinaire sur les maladies neuromusculaire, Centre int\u00e9gr\u00e9 universitaire de sant\u00e9 et de services sociaux du Saguenay\u2013Lac-St-Jean, Qu\u00e9bec, Canada Chercheure associ\u00e9e au Centre de recherche Charles-Le-Moyne-Saguenay-Lac-Saint-Jean\u00a0sur les\u00a0 innovations en sant\u00e9 (CR-CSIS), facult\u00e9 de m\u00e9decine et des sciences de &hellip; <a href=\"https:\/\/portfolio.uqac.ca\/eliseduchesne\/\" class=\"more-link\">Continuer la lecture de <span class=\"screen-reader-text\">Pr\u00e9sentation<\/span>  <span class=\"meta-nav\">&rarr;<\/span><\/a><\/p>\n","protected":false},"author":159,"featured_media":0,"parent":0,"menu_order":0,"comment_status":"closed","ping_status":"closed","template":"","meta":{"footnotes":""},"tags":[8,9,6,10],"_links":{"self":[{"href":"https:\/\/portfolio.uqac.ca\/eliseduchesne\/wp-json\/wp\/v2\/pages\/4"}],"collection":[{"href":"https:\/\/portfolio.uqac.ca\/eliseduchesne\/wp-json\/wp\/v2\/pages"}],"about":[{"href":"https:\/\/portfolio.uqac.ca\/eliseduchesne\/wp-json\/wp\/v2\/types\/page"}],"author":[{"embeddable":true,"href":"https:\/\/portfolio.uqac.ca\/eliseduchesne\/wp-json\/wp\/v2\/users\/159"}],"replies":[{"embeddable":true,"href":"https:\/\/portfolio.uqac.ca\/eliseduchesne\/wp-json\/wp\/v2\/comments?post=4"}],"version-history":[{"count":19,"href":"https:\/\/portfolio.uqac.ca\/eliseduchesne\/wp-json\/wp\/v2\/pages\/4\/revisions"}],"predecessor-version":[{"id":293,"href":"https:\/\/portfolio.uqac.ca\/eliseduchesne\/wp-json\/wp\/v2\/pages\/4\/revisions\/293"}],"wp:attachment":[{"href":"https:\/\/portfolio.uqac.ca\/eliseduchesne\/wp-json\/wp\/v2\/media?parent=4"}],"wp:term":[{"taxonomy":"post_tag","embeddable":true,"href":"https:\/\/portfolio.uqac.ca\/eliseduchesne\/wp-json\/wp\/v2\/tags?post=4"}],"curies":[{"name":"wp","href":"https:\/\/api.w.org\/{rel}","templated":true}]}}