{"id":46,"date":"2012-07-24T14:17:13","date_gmt":"2012-07-24T14:17:13","guid":{"rendered":"http:\/\/portfolio-pre.uqac.ca\/gabarit\/?page_id=46"},"modified":"2019-03-14T08:30:56","modified_gmt":"2019-03-14T12:30:56","slug":"recherche","status":"publish","type":"page","link":"https:\/\/portfolio.uqac.ca\/eliseduchesne\/recherche\/","title":{"rendered":"Recherche"},"content":{"rendered":"<p><strong>Projets en cours<\/strong><\/p>\n<p>Identification des changements prot\u00e9omiques induits par la Dystrophie myotonique de type 1 et l&#8217;Ataxie r\u00e9cessive spastique autosomique de Charlevoix-Saguenay dans le muscle squelettique.<\/p>\n<p>Documentation des adaptations musculaires induites par la progression de la Dystrophie myotonique de type 1.<\/p>\n<p>\u00c9valuation de l\u2019efficacit\u00e9 de l\u2019entra\u00eenement physique sur les adaptations musculaires chez des personnes atteintes de Dystrophie myotonique de type 1.<\/p>\n<p>2018\/7 &#8211; 2022\/6 : A comprehensive study of the natural history of\u00a0 ARSACS: An essential step towards clinical trial readiness and evidence-based interventions<br \/>\nSource de financement :\u00a0 Canadian Institutes of Health Research (CIHR) subventions Projet du printemps 2018<\/p>\n<p>2019\/3 &#8211; 2021\/2 :\u00a0 Does strength-training program slow muscle weakness of women with DM1<br \/>\nSource de financement : Rare Disease Foundation (The) Innovative Therapies Program<\/p>\n<p>2017\/9 &#8211; 2020\/8<br \/>\nR\u00e9gulation \u00e9pig\u00e9n\u00e9tique de la variabilit\u00e9 clinique dans la dystrophie myotonique de type 1<br \/>\nSource de financement : Fondation du Grand d\u00e9fi Pierre Lavoie Recherche sur les maladies orphelines<\/p>\n<p>2019\/1 &#8211; 2020\/3 : D\u00e9veloppement d\u2019une technologie d\u2019assistance \u00e0 domicile pour les personnes atteintes de dystrophie myotonique de type 1 visant \u00e0 am\u00e9liorer la capacit\u00e9 musculaire et fonctionnelle<br \/>\nSource de financement : Regroupement strat\u00e9gique INTER \u2013 Ing\u00e9nierie de technologies interactives en r\u00e9adaptation<\/p>\n<p>2018\/7 &#8211; 2019\/6 :\u00a0 \u00c9valuation du tissu musculaire pour comprendre\u00a0 la progression des d\u00e9ficiences en DM1<br \/>\nSource de financement :\u00a0 Fondation de ma vie -Programme de soutien au d\u00e9veloppement de la mission universitaire &#8211; volet recherche<\/p>\n","protected":false},"excerpt":{"rendered":"<p>Projets en cours Identification des changements prot\u00e9omiques induits par la Dystrophie myotonique de type 1 et l&#8217;Ataxie r\u00e9cessive spastique autosomique de Charlevoix-Saguenay dans le muscle squelettique. Documentation des adaptations musculaires induites par la progression de la Dystrophie myotonique de type 1. \u00c9valuation de l\u2019efficacit\u00e9 de l\u2019entra\u00eenement physique sur les adaptations musculaires chez des personnes atteintes &hellip; <a href=\"https:\/\/portfolio.uqac.ca\/eliseduchesne\/recherche\/\" class=\"more-link\">Continuer la lecture de <span class=\"screen-reader-text\">Recherche<\/span>  <span class=\"meta-nav\">&rarr;<\/span><\/a><\/p>\n","protected":false},"author":159,"featured_media":0,"parent":0,"menu_order":0,"comment_status":"closed","ping_status":"closed","template":"","meta":{"footnotes":""},"tags":[],"_links":{"self":[{"href":"https:\/\/portfolio.uqac.ca\/eliseduchesne\/wp-json\/wp\/v2\/pages\/46"}],"collection":[{"href":"https:\/\/portfolio.uqac.ca\/eliseduchesne\/wp-json\/wp\/v2\/pages"}],"about":[{"href":"https:\/\/portfolio.uqac.ca\/eliseduchesne\/wp-json\/wp\/v2\/types\/page"}],"author":[{"embeddable":true,"href":"https:\/\/portfolio.uqac.ca\/eliseduchesne\/wp-json\/wp\/v2\/users\/159"}],"replies":[{"embeddable":true,"href":"https:\/\/portfolio.uqac.ca\/eliseduchesne\/wp-json\/wp\/v2\/comments?post=46"}],"version-history":[{"count":8,"href":"https:\/\/portfolio.uqac.ca\/eliseduchesne\/wp-json\/wp\/v2\/pages\/46\/revisions"}],"predecessor-version":[{"id":221,"href":"https:\/\/portfolio.uqac.ca\/eliseduchesne\/wp-json\/wp\/v2\/pages\/46\/revisions\/221"}],"wp:attachment":[{"href":"https:\/\/portfolio.uqac.ca\/eliseduchesne\/wp-json\/wp\/v2\/media?parent=46"}],"wp:term":[{"taxonomy":"post_tag","embeddable":true,"href":"https:\/\/portfolio.uqac.ca\/eliseduchesne\/wp-json\/wp\/v2\/tags?post=46"}],"curies":[{"name":"wp","href":"https:\/\/api.w.org\/{rel}","templated":true}]}}