{"id":165,"date":"2020-09-09T14:07:33","date_gmt":"2020-09-09T18:07:33","guid":{"rendered":"http:\/\/portfolio-pre.uqac.ca\/gabarit\/?page_id=165"},"modified":"2023-06-14T21:28:10","modified_gmt":"2023-06-15T01:28:10","slug":"communications-2","status":"publish","type":"page","link":"https:\/\/portfolio.uqac.ca\/emiliebourdages\/communications-2\/","title":{"rendered":"Communications"},"content":{"rendered":"<h2>Communications non-publi\u00e9es avec comit\u00e9 de lecture<\/h2>\n<p>Bourdages, E. (2016). La collaboration internationale en marketing de destination : \u00e9tude de cas des \u00celes Vanille\u00bb. Colloque international intitule\u0301 Enjeux de gestion des organisations touristiques a\u0300 l\u2019\u00e8re num\u00e9rique, organise\u0301 dans le cadre du Congr\u00e8s de l\u2019ACFAS (Association francophone pour le savoir) a\u0300 Montr\u00e9al, 13 mai 2016.<\/p>\n","protected":false},"excerpt":{"rendered":"<p>Communications non-publi\u00e9es avec comit\u00e9 de lecture Bourdages, E. (2016). La collaboration internationale en marketing de destination : \u00e9tude de cas des \u00celes Vanille\u00bb. Colloque international intitule\u0301 Enjeux de gestion des organisations touristiques a\u0300 l\u2019\u00e8re num\u00e9rique, organise\u0301 dans le cadre du Congr\u00e8s de l\u2019ACFAS (Association francophone pour le savoir) a\u0300 Montr\u00e9al, 13 mai 2016.<\/p>\n","protected":false},"author":282,"featured_media":0,"parent":0,"menu_order":0,"comment_status":"closed","ping_status":"closed","template":"","meta":{"footnotes":""},"tags":[],"_links":{"self":[{"href":"https:\/\/portfolio.uqac.ca\/emiliebourdages\/wp-json\/wp\/v2\/pages\/165"}],"collection":[{"href":"https:\/\/portfolio.uqac.ca\/emiliebourdages\/wp-json\/wp\/v2\/pages"}],"about":[{"href":"https:\/\/portfolio.uqac.ca\/emiliebourdages\/wp-json\/wp\/v2\/types\/page"}],"author":[{"embeddable":true,"href":"https:\/\/portfolio.uqac.ca\/emiliebourdages\/wp-json\/wp\/v2\/users\/282"}],"replies":[{"embeddable":true,"href":"https:\/\/portfolio.uqac.ca\/emiliebourdages\/wp-json\/wp\/v2\/comments?post=165"}],"version-history":[{"count":4,"href":"https:\/\/portfolio.uqac.ca\/emiliebourdages\/wp-json\/wp\/v2\/pages\/165\/revisions"}],"predecessor-version":[{"id":230,"href":"https:\/\/portfolio.uqac.ca\/emiliebourdages\/wp-json\/wp\/v2\/pages\/165\/revisions\/230"}],"wp:attachment":[{"href":"https:\/\/portfolio.uqac.ca\/emiliebourdages\/wp-json\/wp\/v2\/media?parent=165"}],"wp:term":[{"taxonomy":"post_tag","embeddable":true,"href":"https:\/\/portfolio.uqac.ca\/emiliebourdages\/wp-json\/wp\/v2\/tags?post=165"}],"curies":[{"name":"wp","href":"https:\/\/api.w.org\/{rel}","templated":true}]}}