{"id":27,"date":"2020-09-09T14:07:33","date_gmt":"2020-09-09T18:07:33","guid":{"rendered":"http:\/\/portfolio-pre.uqac.ca\/gabarit\/?page_id=27"},"modified":"2022-04-05T19:45:16","modified_gmt":"2022-04-05T23:45:16","slug":"curriculum-vitae","status":"publish","type":"page","link":"https:\/\/portfolio.uqac.ca\/emiliebourdages\/curriculum-vitae\/","title":{"rendered":"Curriculum vitae"},"content":{"rendered":"<h2><strong>Dipl\u00f4mes<\/strong><\/h2>\n<h6>Doctorat conjoint en administration, sp\u00e9cialisation marketing (Ph.D.) (2022)<\/h6>\n<p>Concordia University, \u00c9cole des Hautes \u00c9tudes Commerciales (HEC), \u00c9cole des sciences de la gestion de l\u2019Universit\u00e9 du Qu\u00e9bec \u00e0 Montr\u00e9al(ESG-UQAM) et McGill University<\/p>\n<p>Th\u00e8se: \u00ab Principaux probl\u00e8mes des collaborations interorganisationnelles touristiques\u00a0: nature, interactions et \u00e9volution\u00bb<\/p>\n<p>Directeur de recherche: Marc-Antoine Vachon<\/p>\n<h6><strong>Ma\u00eetrise en d\u00e9veloppement du tourisme (M.Sc.) (2015)<\/strong><\/h6>\n<p>\u00c9cole des sciences de la gestion, Universit\u00e9 du Qu\u00e9bec \u00e0 Montr\u00e9al(ESG-UQAM), Montr\u00e9al<\/p>\n<p>M\u00e9moire\u00a0: \u00abLa collaboration internationale en marketing de destination\u00a0: \u00e9tude de cas des \u00celes Vanille\u00bb<\/p>\n<p>Directeur de recherche: Marc-Antoine Vachon<\/p>\n<h6><strong>Baccalaur\u00e9at en sciences historiques et \u00e9tudes patrimoniales (B.A.) (2012)<\/strong><\/h6>\n<p>Universit\u00e9 Laval, Qu\u00e9bec<\/p>\n<h2><strong><br \/>\nDistinctions et bourses<br \/>\n<\/strong><\/h2>\n<p>&nbsp;<\/p>\n<p>2020 &#8211;\u00a0<strong>Bourse Robert-Sheitoyan en Administration \u2013 Fondation UQAM,\u00a0<\/strong>\u00a0Bourse d\u2019excellence et de soutien financier<\/p>\n<p>2019-\u00a0<strong>Mention Honorable (2<sup>e<\/sup> meilleur article) et Meilleur article \u00e9tudiant de la\u00a0 \u00a0 division Gestion du tourisme et du sport<\/strong><\/p>\n<p><em>\u00a0<\/em><em>47<sup>th <\/sup>Annual Conference of the Administrative Sciences Association of Canada <\/em><\/p>\n<p>Titre: \u201cFrom B2B Collaboration to B2B Nightmare: ACN Case Study\u201d<\/p>\n<p>St. Catharines (Ontario) Canada<\/p>\n<p><strong>\u00a0<\/strong>2019-<strong>Bourse d\u2019excellence \u2013 Fonds scientifique de l\u2019A\u00e9ESG <\/strong>\u00a0 Association des \u00e9tudiants de l\u2019\u00c9cole des sciences de la gestion (A\u00e9ESG)<\/p>\n<p><strong>\u00a0<\/strong>2018-\u00a0<strong>2018 Longwoods Award for Ph.D. Research<\/strong>\u00a0\u00a0\u00a0\u00a0\u00a0\u00a0\u00a0\u00a0\u00a0\u00a0\u00a0\u00a0\u00a0\u00a0\u00a0\u00a0\u00a0\u00a0\u00a0 \u00a0\u00a0\u00a0\u00a0\u00a0\u00a0\u00a0\u00a0\u00a0\u00a0\u00a0 \u00a0\u00a0\u00a0 Travel and Tourism Research Association (TTRA) &#8211; Canada<\/p>\n<p>Prix remis a\u0300 la meilleure proposition de th\u00e8se en tourisme au Canada des deux derni\u00e8res ann\u00e9es<\/p>\n<p><strong>\u00a0<\/strong>2018-<strong>\u00a01er prix &#8211; Ma th\u00e8se en 180 secondes <\/strong><\/p>\n<p>Concours organise\u0301 dans le cadre du colloque doctoral <em>Journ\u00e9es PhD Days 2018\u00a0\u00a0\u00a0\u00a0\u00a0\u00a0\u00a0\u00a0\u00a0\u00a0\u00a0\u00a0\u00a0 \u00a0\u00a0\u00a0\u00a0\u00a0\u00a0\u00a0\u00a0\u00a0\u00a0\u00a0 <\/em><\/p>\n<p>Titre : Les 7 p\u00e9ch\u00e9s capitaux de la collaboration B2B<\/p>\n<p>2018-<strong>2e prix &#8211; Mon affiche en 180 secondes <\/strong><\/p>\n<p>Concours organise\u0301 dans le cadre des <em>Journ\u00e9es de l\u2019Innovation de l\u2019ESG-UQAM,\u00a0<\/em>Titre : Les 7 p\u00e9ch\u00e9s capitaux de la collaboration B2B<\/p>\n<p>2016-<strong>2016 DMAC Graduate Researcher Award<\/strong><\/p>\n<p>Travel and Tourism Research Association (TTRA) &#8211; Canada<\/p>\n<p>Prix remis au meilleur m\u00e9moire de ma\u00eetrise en tourisme du Canada en 2015-2016<\/p>\n<p><strong>\u00a0<\/strong>2016\u00a0&#8211;\u00a0<strong>Bourse de doctorat en recherche (FRQSC) <\/strong><\/p>\n<p>2016<strong>\u00a0&#8211; Prix de la meilleure communication &#8211; Volet \u00e9tudiant <em>Colloque de l\u2019ACFAS : Enjeux de gestion des organisations touristiques a\u0300 l&#8217;\u00e8re\u00a0 num\u00e9rique<\/em><\/strong><em>, <\/em>organise\u0301 par la Chaire de tourisme Transat, ESG-UQAM<\/p>\n<p>Titre : La collaboration internationale en marketing de destination : \u00e9tude de cas des \u00celes Vanille Montr\u00e9al<\/p>\n<p><strong>\u00a0<\/strong>2016\u00a0&#8211;\u00a0\u00a0<strong>Financement de recrutement des \u00e9tudiants au doctorat en administration,<\/strong>\u00a0 Programme de doctorat en administration, ESG-UQAM<\/p>\n<p>&nbsp;<\/p>\n<h2><strong>Affiliations professionnelles<\/strong><\/h2>\n<p>AMA (<em>American Marketing Association<\/em>)<\/p>\n<p>ASAC (<em>Administrative Sciences Association of Canada<\/em>)<\/p>\n<p>TTRA International \/ TTRA Canada (<em>Travel and Tourism Research Association<\/em>)<\/p>\n<h2><\/h2>\n","protected":false},"excerpt":{"rendered":"<p>Dipl\u00f4mes Doctorat conjoint en administration, sp\u00e9cialisation marketing (Ph.D.) (2022) Concordia University, \u00c9cole des Hautes \u00c9tudes Commerciales (HEC), \u00c9cole des sciences de la gestion de l\u2019Universit\u00e9 du Qu\u00e9bec \u00e0 Montr\u00e9al(ESG-UQAM) et McGill University Th\u00e8se: \u00ab Principaux probl\u00e8mes des collaborations interorganisationnelles touristiques\u00a0: nature, interactions et \u00e9volution\u00bb Directeur de recherche: Marc-Antoine Vachon Ma\u00eetrise en d\u00e9veloppement du tourisme (M.Sc.) &hellip; <a href=\"https:\/\/portfolio.uqac.ca\/emiliebourdages\/curriculum-vitae\/\" class=\"more-link\">Continuer la lecture de <span class=\"screen-reader-text\">Curriculum vitae<\/span>  <span class=\"meta-nav\">&rarr;<\/span><\/a><\/p>\n","protected":false},"author":282,"featured_media":0,"parent":0,"menu_order":0,"comment_status":"closed","ping_status":"closed","template":"","meta":{"footnotes":""},"tags":[],"_links":{"self":[{"href":"https:\/\/portfolio.uqac.ca\/emiliebourdages\/wp-json\/wp\/v2\/pages\/27"}],"collection":[{"href":"https:\/\/portfolio.uqac.ca\/emiliebourdages\/wp-json\/wp\/v2\/pages"}],"about":[{"href":"https:\/\/portfolio.uqac.ca\/emiliebourdages\/wp-json\/wp\/v2\/types\/page"}],"author":[{"embeddable":true,"href":"https:\/\/portfolio.uqac.ca\/emiliebourdages\/wp-json\/wp\/v2\/users\/282"}],"replies":[{"embeddable":true,"href":"https:\/\/portfolio.uqac.ca\/emiliebourdages\/wp-json\/wp\/v2\/comments?post=27"}],"version-history":[{"count":14,"href":"https:\/\/portfolio.uqac.ca\/emiliebourdages\/wp-json\/wp\/v2\/pages\/27\/revisions"}],"predecessor-version":[{"id":232,"href":"https:\/\/portfolio.uqac.ca\/emiliebourdages\/wp-json\/wp\/v2\/pages\/27\/revisions\/232"}],"wp:attachment":[{"href":"https:\/\/portfolio.uqac.ca\/emiliebourdages\/wp-json\/wp\/v2\/media?parent=27"}],"wp:term":[{"taxonomy":"post_tag","embeddable":true,"href":"https:\/\/portfolio.uqac.ca\/emiliebourdages\/wp-json\/wp\/v2\/tags?post=27"}],"curies":[{"name":"wp","href":"https:\/\/api.w.org\/{rel}","templated":true}]}}