{"id":4,"date":"2020-09-09T14:07:33","date_gmt":"2020-09-09T18:07:33","guid":{"rendered":"http:\/\/portfolio-pre.uqac.ca\/gabarit\/?page_id=4"},"modified":"2022-09-08T14:36:25","modified_gmt":"2022-09-08T18:36:25","slug":"presentatio","status":"publish","type":"page","link":"https:\/\/portfolio.uqac.ca\/emiliebourdages\/","title":{"rendered":"Pr\u00e9sentation"},"content":{"rendered":"<h2>\u00c9milie Bourdages, Ph.D.<\/h2>\n<p>Professeure en marketing au d\u00e9partement des sciences \u00e9conomiques et administratives<\/p>\n<p>Chercheuse ambitieuse, professeure au grand c\u0153ur. C\u2019est ainsi que mon entourage me d\u00e9crit, en ajoutant que je suis une \u00e9ternelle aventuri\u00e8re aimant naviguer hors des sentiers battus. Survivante de violence conjugale, j\u2019exploite aujourd\u2019hui mon expertise de v\u00e9cu et mes expertises professionnelles afin de lutter contre les violences faites aux femmes.<\/p>\n<p>Mes principales expertises sont le marketing de services (qualit\u00e9 des services, exp\u00e9rience-client, co-cr\u00e9ation de valeur) et la gestion des collaborations interorganisationnelles (principaux facteurs de succ\u00e8s et d\u2019\u00e9chec, pistes de solution). Apr\u00e8s avoir consacr\u00e9 les dix derni\u00e8res ann\u00e9es \u00e0 l\u2019industrie touristique, je me tourne \u00e0 pr\u00e9sent vers les services offerts aux femmes victimes de violence (conjugale, \u00e0 caract\u00e8re sexuel et exploitation sexuelle). Dans un premier temps, je vise \u00e0 am\u00e9liorer l\u2019exp\u00e9rience-client des personnes victimes, en particulier durant leur parcours judiciaire. Dans un deuxi\u00e8me temps, je vais m\u2019attaquer davantage \u00e0 des probl\u00e9matiques reli\u00e9es aux strat\u00e9gies de communication (sensibilisation, pr\u00e9vention, interventions aupr\u00e8s des personnes victimes et des agresseurs, formations sp\u00e9cialis\u00e9es).<\/p>\n<p>N\u2019h\u00e9sitez pas \u00e0 me contacter pour des entrevues m\u00e9diatiques et autres activit\u00e9s de sensibilisation (ex\u00a0: balado, conf\u00e9rences, formations sp\u00e9cialis\u00e9es) concernant la violence conjugale.<\/p>\n<p>Au plaisir,<\/p>\n<p>\u00c9milie<\/p>\n<h2>Champs d&#8217;int\u00e9r\u00eat<\/h2>\n<ul>\n<li>Violence conjugale<\/li>\n<li>Violences faites aux femmes<\/li>\n<li>Marketing de services<\/li>\n<li>Marketing social<\/li>\n<li>M\u00e9thodes qualitatives<\/li>\n<li>Marketing du tourisme et de l\u2019h\u00f4tellerie<\/li>\n<li>Collaborations interorganisationnelles<\/li>\n<\/ul>\n","protected":false},"excerpt":{"rendered":"<p>\u00c9milie Bourdages, Ph.D. Professeure en marketing au d\u00e9partement des sciences \u00e9conomiques et administratives Chercheuse ambitieuse, professeure au grand c\u0153ur. C\u2019est ainsi que mon entourage me d\u00e9crit, en ajoutant que je suis une \u00e9ternelle aventuri\u00e8re aimant naviguer hors des sentiers battus. Survivante de violence conjugale, j\u2019exploite aujourd\u2019hui mon expertise de v\u00e9cu et mes expertises professionnelles afin &hellip; <a href=\"https:\/\/portfolio.uqac.ca\/emiliebourdages\/\" class=\"more-link\">Continuer la lecture de <span class=\"screen-reader-text\">Pr\u00e9sentation<\/span>  <span class=\"meta-nav\">&rarr;<\/span><\/a><\/p>\n","protected":false},"author":282,"featured_media":0,"parent":0,"menu_order":0,"comment_status":"closed","ping_status":"closed","template":"","meta":{"footnotes":""},"tags":[],"_links":{"self":[{"href":"https:\/\/portfolio.uqac.ca\/emiliebourdages\/wp-json\/wp\/v2\/pages\/4"}],"collection":[{"href":"https:\/\/portfolio.uqac.ca\/emiliebourdages\/wp-json\/wp\/v2\/pages"}],"about":[{"href":"https:\/\/portfolio.uqac.ca\/emiliebourdages\/wp-json\/wp\/v2\/types\/page"}],"author":[{"embeddable":true,"href":"https:\/\/portfolio.uqac.ca\/emiliebourdages\/wp-json\/wp\/v2\/users\/282"}],"replies":[{"embeddable":true,"href":"https:\/\/portfolio.uqac.ca\/emiliebourdages\/wp-json\/wp\/v2\/comments?post=4"}],"version-history":[{"count":16,"href":"https:\/\/portfolio.uqac.ca\/emiliebourdages\/wp-json\/wp\/v2\/pages\/4\/revisions"}],"predecessor-version":[{"id":222,"href":"https:\/\/portfolio.uqac.ca\/emiliebourdages\/wp-json\/wp\/v2\/pages\/4\/revisions\/222"}],"wp:attachment":[{"href":"https:\/\/portfolio.uqac.ca\/emiliebourdages\/wp-json\/wp\/v2\/media?parent=4"}],"wp:term":[{"taxonomy":"post_tag","embeddable":true,"href":"https:\/\/portfolio.uqac.ca\/emiliebourdages\/wp-json\/wp\/v2\/tags?post=4"}],"curies":[{"name":"wp","href":"https:\/\/api.w.org\/{rel}","templated":true}]}}