{"id":165,"date":"2022-01-10T11:47:54","date_gmt":"2022-01-10T16:47:54","guid":{"rendered":"http:\/\/portfolio-pre.uqac.ca\/gabarit\/?page_id=165"},"modified":"2022-06-23T09:25:18","modified_gmt":"2022-06-23T13:25:18","slug":"communications-2","status":"publish","type":"page","link":"https:\/\/portfolio.uqac.ca\/emiliehudon-en\/communications-2\/","title":{"rendered":"Sessions and presentations"},"content":{"rendered":"<h2>Communications<\/h2>\n<p><strong>Hudon, \u00c9.<\/strong>, Chouinard, M.C, Ellefsen, \u00c9., &amp; Hudon, C. (2022, 9 juin).\u00a0<em>La perspective de femmes enceintes en contexte de vuln\u00e9rabilit\u00e9 au regard de leur exp\u00e9rience du suivi pr\u00e9natal infirmier en soins de premi\u00e8re ligne<\/em><em>\u00a0<\/em>\u00a0[Communication orale]. La 6<sup>e<\/sup>\u00a0journ\u00e9e de la recherche du CIUSSS du SLSJ, Chicoutimi, Qu\u00e9bec, hybride.<\/p>\n<p><strong>Hudon, \u00c9.<\/strong>\u00a0(2022, 17 mars).\u00a0<em>Perspectives des femmes enceintes en contexte de vuln\u00e9rabilit\u00e9 au regard de leur exp\u00e9rience du suivi pr\u00e9natal infirmier en soins de 1i\u00e8re ligne<\/em>\u00a0[Concours communication orale]. Ma th\u00e8se en 180 secondes\u00a0de l\u2019Universit\u00e9 de Sherbrooke, Sherbrooke, Qu\u00e9bec.<\/p>\n<p><strong>Hudon, \u00c9.<\/strong>, Hudon, C., Ellefsen, \u00c9., &amp; Chouinard, M.C. (2020, 20-24 Novembre).\u00a0<em>Dimensions of vulnerability: A scoping review\u00a0<\/em>[Communication orale]. Le 48<sup>e<\/sup>\u00a0Congr\u00e8s annuel du North American Primary Care Research Group (NAPCRG), Virtual Meeting.<\/p>\n<p><strong>\u00a0<\/strong><strong>Hudon, \u00c9.<\/strong>, Hudon, C., Ellefsen, \u00c9., &amp; Chouinard, M.C. (2020, 29 Avril).\u00a0<em>Suivi infirmier aupr\u00e8s de la client\u00e8le vuln\u00e9rable<\/em>\u00a0[Communication orale].\u00a0Le 14<sup>e<\/sup>\u00a0Colloque en sciences infirmi\u00e8res, Chicoutimi, Qu\u00e9bec.\u00a0<a href=\"https:\/\/colloques.uqac.ca\/scinf\/colloque-annule\/\">https:\/\/colloques.uqac.ca\/scinf\/colloque-annule\/<\/a>\u00a0(colloque report\u00e9 \u00e0 2022).<\/p>\n<p><strong>Hudon, \u00c9.<\/strong>, Hudon, C., Lambert, S., Lambert, M., &amp; Chouinard, M.C. (2018, 2 Mai).\u00a0<em>Adaptation et validation transculturelle d\u2019un instrument de mesure de l\u2019autogestion<\/em>\u00a0[Communication orale]. Le 12<sup>e<\/sup>\u00a0Colloque en sciences infirmi\u00e8res, Chicoutimi, Qu\u00e9bec.\u00a0<a href=\"https:\/\/colloques.uqac.ca\/scinf\/files\/2018\/03\/D%C3%A9pliant-20181.pdf\">https:\/\/colloques.uqac.ca\/scinf\/files\/2018\/03\/D%C3%A9pliant-20181.pdf<\/a><\/p>\n<p><strong>Hudon, \u00c9.<\/strong>, Hudon, C., Lambert, S., Lambert, M., &amp; Chouinard, M.C. (2018, 15 F\u00e9vrier).\u00a0<em>Adaptation transculturelle et validation du Partner in Health Scale (PIHS) chez les personnes atteintes de maladies chroniques en soins de premi\u00e8re ligne\u00a0<\/em>[Communication orale]. La 4<sup>e<\/sup>\u00a0journ\u00e9e de la recherche du CIUSSS du SLSJ, Chicoutimi, Qu\u00e9bec.<\/p>\n<p><strong>Hudon, \u00c9.<\/strong>\u00a0(2017, 30 Mai).\u00a0<em>Adaptation transculturelle et validation du Partner in Health Scale (PIHS) chez les personnes atteintes de maladies chroniques en soins de premi\u00e8re ligne\u00a0<\/em>[Concours communication orale]. Ma th\u00e8se en 180 secondes\u00a0\u00e0 la Journ\u00e9e Axe S-POP du Centre de recherche-H\u00f4pital Charles-Le-Moyne, Longueuil, Qu\u00e9bec.<\/p>\n<h2>Posters<\/h2>\n<p>Hudon, \u00c9., Chouinard, M.C, Ellefsen, \u00c9., &#038; Hudon, C. (2022, 27 mai). Pistes d\u2019am\u00e9lioration du suivi pr\u00e9natal infirmier des femmes enceintes contexte de vuln\u00e9rabilit\u00e9 [Communication par affiche]. Le 3e Symposium annuel sur la recherche \u00e9tudiante en sciences infirmi\u00e8res (SAR\u00c9SI), Symposium virtuel.<\/p>\n<p>Hudon, \u00c9., Chouinard, M.C, Ellefsen, \u00c9., &#038; Hudon, C. (2021, 19-23 Novembre). Vulnerable pregnant women\u2019s experience of prenatal nursing care: A qualitative descriptive interpretative study [Communication par affiche]. Le 49e Congr\u00e8s annuel du North American Primary Care Research Group (NAPCRG), Virtual Meeting.<\/p>\n<p>Hudon, \u00c9., Hudon, C., Ellefsen, \u00c9., &#038; Chouinard, M.C. (2021, 3-7 mai). Exp\u00e9rience du suivi pr\u00e9natal infirmier des femmes enceintes pr\u00e9sentant une situation de vuln\u00e9rabilit\u00e9 : une synth\u00e8se th\u00e9matique [Communication par affiche]. Le 88e Congr\u00e8s de l\u2019Association francophone pour le savoir (ACFAS), Sherbrooke, Qu\u00e9bec.<\/p>\n<p>Hudon, \u00c9., Hudon, C., Chouinard, M.C, &#038; Ellefsen, \u00c9. (2020, 4-8 Mai). Exp\u00e9rience du suivi pr\u00e9natal infirmier des femmes enceintes pr\u00e9sentant une situation de vuln\u00e9rabilit\u00e9 : une synth\u00e8se th\u00e9matique [Communication par affiche]. Le 88e Congr\u00e8s de l\u2019Association francophone pour le savoir (ACFAS), Sherbrooke, Qu\u00e9bec. https:\/\/www.acfas.ca\/evenements\/tenue-activites-covid-19 (congr\u00e8s report\u00e9 en 2021)<\/p>\n<p> Hudon, \u00c9., Hudon, C., Ellefsen, \u00c9., &#038; Chouinard, M.C. (2020, 23 Avril). Exp\u00e9rience du suivi pr\u00e9natal infirmier des femmes enceintes en contexte de vuln\u00e9rabilit\u00e9 : une synth\u00e8se th\u00e9matique [Communication par affiche]. La 6e journ\u00e9e de la recherche du CIUSSS du SLSJ, Chicoutimi, Qu\u00e9bec (journ\u00e9e report\u00e9e en 2021).<\/p>\n<p>Hudon, \u00c9., Chouinard, M.C, Ellefsen, \u00c9., &#038; Hudon, C. (2019, 16-20 Novembre). Vulnerable women\u2019s experience of prenatal nursing care: A thematic synthesis of qualitative studies [Communication par affiche]. Le 47e Congr\u00e8s annuel du NAPCRG, Toronto, Ontario. https:\/\/www.napcrg.org\/conferences\/2001\/sessions\/984<\/p>\n<p> Hudon, \u00c9., Chouinard, M.C., Ellefsen, \u00c9., &#038; Hudon, C. (2019, 27-31 Mai). L&#8217;exp\u00e9rience du suivi pr\u00e9natal en premi\u00e8re ligne des femmes enceintes vivant avec une maladie chronique en situation de vuln\u00e9rabilit\u00e9 : une \u00e9tude qualitative [Communication par affiche]. Le 87e Congr\u00e8s de l\u2019ACFAS, Outaouais, Qu\u00e9bec. https:\/\/www.acfas.ca\/evenements\/congres\/programme\/87\/100\/108\/d<\/p>\n<p> Hudon, \u00c9., Chouinard, M.C., Ellefsen, \u00c9., &#038; Hudon, C. (2019, 16-17 Mai). L&#8217;exp\u00e9rience du suivi pr\u00e9natal en premi\u00e8re ligne des femmes enceintes vivant avec une maladie chronique en situation de vuln\u00e9rabilit\u00e9 : une \u00e9tude qualitative [Communication par affiche]. Le 3e Congr\u00e8s provincial de la recherche m\u00e8re-enfant \u00e0 McGill, Montr\u00e9al, Qu\u00e9bec. https:\/\/fourwaves-sots.s3.amazonaws.com\/static\/media\/attached\/1102\/Programme_Long_2019.pdf<\/p>\n<p>Hudon, \u00c9., Chouinard, M.C, Ellefsen, \u00c9., &#038; Hudon, C. (2018, 9-13 Novembre). The perspective of vulnerable pregnant women with chronic conditions on prenatal primary care [Communication par affiche]. Le 46e Congr\u00e8s annuel du NAPCRG, Chicago, Illinois. https:\/\/www.napcrg.org\/conferences\/46\/sessions\/23477<\/p>\n<p>Hudon, \u00c9., Chouinard, M.C., Lambert, M., &#038; Hudon, C. (2018, 3-6 Juin). Perspectives th\u00e9oriques : Questionnaires mesurant l\u2019autogestion d\u2019adultes avec une maladie chronique [Communication par affiche]. Le 7e Congr\u00e8s mondial du Secr\u00e9tariat international des infirmi\u00e8res et infirmiers de l\u2019espace francophone (SIDIIEF), Bordeaux, France.<\/p>\n<p>Hudon, \u00c9., Chouinard, M.C., Lambert, M., &#038; Hudon, C. (2018, 7-11 Mai). \u00c9tude de validation m\u00e9thodologique d\u2019un instrument de mesure de l\u2019autogestion [Communication par affiche]. Le 86e Congr\u00e8s de l\u2019ACFAS, Chicoutimi, Qu\u00e9bec. https:\/\/www.acfas.ca\/evenements\/congres\/programme\/86\/100\/109\/d<\/p>\n<p>Hudon, \u00c9., Hudon, C., Lambert, M., &#038; Chouinard, M.C. (2017, 17-21 Novembre). Self-administered questionnaires to evaluate self-management of people with chronic conditions: A scoping review [Communication par affiche]. Le 45e Congr\u00e8s annuel du NAPCRG, Montr\u00e9al, Qu\u00e9bec. https:\/\/www.napcrg.org\/conferences\/43\/sessions\/20817<\/p>\n<p> Hudon, \u00c9., Hudon, C., Lambert, S., Lambert, M., &#038; Chouinard, M.C. (2017, 30 Mai). Adaptation transculturelle et validation du Partner in Health Scale (PIHS) chez les personnes atteintes de maladies chroniques en soin de premi\u00e8re ligne [Communication par affiche]. La Journ\u00e9e Axe S-POP du Centre de recherche-H\u00f4pital Charles-Le-Moyne, Longueuil, Qu\u00e9bec.<\/p>\n<p>Chouinard, M.C., Hudon, C., Couture, M., Mass\u00e9, S., Savard, C., Bouliane, D., Diadiou, F., Gauthier, G., Lambert, M., Hudon, \u00c9., Sabourin, V., Spence, C., &#038; Beaudin, J. (2017, 24-26 Mai). Case management for frequent users of healthcare and social services: A participative research project with organizations and patients [Communication par affiche]. Le 13e Congr\u00e8s annuel de l\u2019Association canadienne pour la recherche sur les services et les politiques de la sant\u00e9 (CAHSPR), Toronto, Qu\u00e9bec.<\/p>\n<p>Hudon, \u00c9., Hudon, C., Lambert, S., Lambert, M., &#038; Chouinard, M.C. (2017, 14 F\u00e9vrier). Measuring self-management care among patients with chronic conditions in primary care: Validation of a French-language version of the Partner in Health Scale [Communication par affiche]. La 3e Semaine de la recherche CIUSSS du SLSJ, Chicoutimi.<\/p>\n","protected":false},"excerpt":{"rendered":"<p>Communications Hudon, \u00c9., Chouinard, M.C, Ellefsen, \u00c9., &amp; Hudon, C. (2022, 9 juin).\u00a0La perspective de femmes enceintes en contexte de vuln\u00e9rabilit\u00e9 au regard de leur exp\u00e9rience du suivi pr\u00e9natal infirmier en soins de premi\u00e8re ligne\u00a0\u00a0[Communication orale]. La 6e\u00a0journ\u00e9e de la recherche du CIUSSS du SLSJ, Chicoutimi, Qu\u00e9bec, hybride. Hudon, \u00c9.\u00a0(2022, 17 mars).\u00a0Perspectives des femmes enceintes &hellip; <a href=\"https:\/\/portfolio.uqac.ca\/emiliehudon-en\/communications-2\/\" class=\"more-link\">Continuer la lecture de <span class=\"screen-reader-text\">Sessions and presentations<\/span>  <span class=\"meta-nav\">&rarr;<\/span><\/a><\/p>\n","protected":false},"author":335,"featured_media":0,"parent":0,"menu_order":0,"comment_status":"closed","ping_status":"closed","template":"","meta":{"footnotes":""},"tags":[],"_links":{"self":[{"href":"https:\/\/portfolio.uqac.ca\/emiliehudon-en\/wp-json\/wp\/v2\/pages\/165"}],"collection":[{"href":"https:\/\/portfolio.uqac.ca\/emiliehudon-en\/wp-json\/wp\/v2\/pages"}],"about":[{"href":"https:\/\/portfolio.uqac.ca\/emiliehudon-en\/wp-json\/wp\/v2\/types\/page"}],"author":[{"embeddable":true,"href":"https:\/\/portfolio.uqac.ca\/emiliehudon-en\/wp-json\/wp\/v2\/users\/335"}],"replies":[{"embeddable":true,"href":"https:\/\/portfolio.uqac.ca\/emiliehudon-en\/wp-json\/wp\/v2\/comments?post=165"}],"version-history":[{"count":5,"href":"https:\/\/portfolio.uqac.ca\/emiliehudon-en\/wp-json\/wp\/v2\/pages\/165\/revisions"}],"predecessor-version":[{"id":224,"href":"https:\/\/portfolio.uqac.ca\/emiliehudon-en\/wp-json\/wp\/v2\/pages\/165\/revisions\/224"}],"wp:attachment":[{"href":"https:\/\/portfolio.uqac.ca\/emiliehudon-en\/wp-json\/wp\/v2\/media?parent=165"}],"wp:term":[{"taxonomy":"post_tag","embeddable":true,"href":"https:\/\/portfolio.uqac.ca\/emiliehudon-en\/wp-json\/wp\/v2\/tags?post=165"}],"curies":[{"name":"wp","href":"https:\/\/api.w.org\/{rel}","templated":true}]}}