{"id":167,"date":"2022-01-10T11:47:54","date_gmt":"2022-01-10T16:47:54","guid":{"rendered":"http:\/\/portfolio-pre.uqac.ca\/gabarit\/?page_id=167"},"modified":"2022-06-23T09:32:15","modified_gmt":"2022-06-23T13:32:15","slug":"autres-publications","status":"publish","type":"page","link":"https:\/\/portfolio.uqac.ca\/emiliehudon-en\/autres-publications\/","title":{"rendered":"Other works"},"content":{"rendered":"<p>Hudon, \u00c9. (19 mars 2022). La difficult\u00e9 de se loger, plus qu\u2019une pr\u00e9occupation, une r\u00e9alit\u00e9! <em>Progr\u00e8s, chronique spiritualit\u00e9, 5<\/em>(50), p. M9. <a href=\"https:\/\/www.lequotidien.com\/2022\/03\/19\/la-difficulte-de-se-loger-plus-quune-preoccupation-une-realite-57866ad33a109048d7886c8dbec897be\">https:\/\/www.lequotidien.com\/2022\/03\/19\/la-difficulte-de-se-loger-plus-quune-preoccupation-une-realite-57866ad33a109048d7886c8dbec897be<\/a><\/p>\n","protected":false},"excerpt":{"rendered":"<p>Hudon, \u00c9. (19 mars 2022). La difficult\u00e9 de se loger, plus qu\u2019une pr\u00e9occupation, une r\u00e9alit\u00e9! Progr\u00e8s, chronique spiritualit\u00e9, 5(50), p. M9. https:\/\/www.lequotidien.com\/2022\/03\/19\/la-difficulte-de-se-loger-plus-quune-preoccupation-une-realite-57866ad33a109048d7886c8dbec897be<\/p>\n","protected":false},"author":335,"featured_media":0,"parent":0,"menu_order":0,"comment_status":"closed","ping_status":"closed","template":"","meta":{"footnotes":""},"tags":[],"_links":{"self":[{"href":"https:\/\/portfolio.uqac.ca\/emiliehudon-en\/wp-json\/wp\/v2\/pages\/167"}],"collection":[{"href":"https:\/\/portfolio.uqac.ca\/emiliehudon-en\/wp-json\/wp\/v2\/pages"}],"about":[{"href":"https:\/\/portfolio.uqac.ca\/emiliehudon-en\/wp-json\/wp\/v2\/types\/page"}],"author":[{"embeddable":true,"href":"https:\/\/portfolio.uqac.ca\/emiliehudon-en\/wp-json\/wp\/v2\/users\/335"}],"replies":[{"embeddable":true,"href":"https:\/\/portfolio.uqac.ca\/emiliehudon-en\/wp-json\/wp\/v2\/comments?post=167"}],"version-history":[{"count":3,"href":"https:\/\/portfolio.uqac.ca\/emiliehudon-en\/wp-json\/wp\/v2\/pages\/167\/revisions"}],"predecessor-version":[{"id":225,"href":"https:\/\/portfolio.uqac.ca\/emiliehudon-en\/wp-json\/wp\/v2\/pages\/167\/revisions\/225"}],"wp:attachment":[{"href":"https:\/\/portfolio.uqac.ca\/emiliehudon-en\/wp-json\/wp\/v2\/media?parent=167"}],"wp:term":[{"taxonomy":"post_tag","embeddable":true,"href":"https:\/\/portfolio.uqac.ca\/emiliehudon-en\/wp-json\/wp\/v2\/tags?post=167"}],"curies":[{"name":"wp","href":"https:\/\/api.w.org\/{rel}","templated":true}]}}