{"id":211,"date":"2022-01-11T14:52:30","date_gmt":"2022-01-11T19:52:30","guid":{"rendered":"http:\/\/portfolio-pre.uqac.ca\/emiliehudon-en\/?page_id=211"},"modified":"2022-01-11T15:56:31","modified_gmt":"2022-01-11T20:56:31","slug":"bursaries-and-distinctions","status":"publish","type":"page","link":"https:\/\/portfolio.uqac.ca\/emiliehudon-en\/bursaries-and-distinctions\/","title":{"rendered":"Bursaries and distinctions"},"content":{"rendered":"<h1>Awards and distinctions<\/h1>\n<p><strong>Mention coup de c\u0153ur au concours de vulgarisation scientifique<\/strong> (2021)<br \/>\n<em>Axe S-POP du Centre de recherche et du Centre hospitalier universitaire de Sherbrooke (CHUS) de la Facult\u00e9 de m\u00e9decine et des sciences de la sant\u00e9 (FMSS) de l\u2019UdeS, Sherbrooke<\/em><\/p>\n<p><strong>Nomination \u00e9tudiante du mois Avril\u00a0<\/strong>(2021)<strong>\u00a0<\/strong><br \/>\n<a href=\"https:\/\/www.crchus.ca\/actualites\/details\/article\/emilie-hudon-etudiante-du-mois\/\"><em>https:\/\/www.crchus.ca\/actualites\/details\/article\/emilie-hudon-etudiante-du-mois\/<\/em><\/a>\u00a0<em>CRCHUS de la FMSS de l\u2019UdeS, Sherbrooke<\/em><\/p>\n<p><strong>\u00a0<\/strong><strong>Prix d\u2019aide \u00e0 la publication de l\u2019Axe Sant\u00e9\u00a0: Populations, organisation,\u00a0\u00a0pratique (S-POP)\u00a0\u00a0<\/strong>(2021)<strong>\u00a0<\/strong><br \/>\n<em>Axe S-POP CRCHUS de la FMSS de l\u2019UdeS, Sherbrooke<\/em><\/p>\n<p><strong>Prix L\u00e9on-T\u00e9treault\u00a0\u00a0\u00a0\u00a0\u00a0\u00a0\u00a0\u00a0 <\/strong>(2020)<br \/>\n<a href=\"https:\/\/www.usherbrooke.ca\/medecine\/accueil\/nouvelles\/nouvelles-details\/article\/43111\/\">https:\/\/www.usherbrooke.ca\/medecine\/accueil\/nouvelles\/nouvelles-details\/article\/43111\/<\/a><em> Quinzaine de la reconnaissance de l\u2019UdeS, Sherbrooke <\/em><\/p>\n<p><strong>Mention d\u2019honneur du Doyen de l\u2019Universit\u00e9 de Sherbrooke\u00a0\u00a0\u00a0\u00a0\u00a0\u00a0 <\/strong>(2019-2020)<br \/>\n<em>UdeS, Sherbrooke<\/em><\/p>\n<h1>Burseries<\/h1>\n<p><strong>Bourse de soutien \u00e0 la diffusion de la recherche et au transfert de connaissance de l\u2019IUPLSSS 1 500$<\/strong><\/strong> (2021)<\/strong><br \/>\n<em>Institut universitaire de premi\u00e8re ligne en sant\u00e9 et services sociaux (IUPLSSS), Sherbrooke<\/em><\/p>\n<p><strong>Bourse aux \u00e9tudiants pour aide \u00e0 la communication aux congr\u00e8s <\/strong>(2021)<br \/>\n<em>Axe S-POP du Centre de recherche du CHUS, Sherbrooke<\/em><\/p>\n<p><strong>Bourse de soutien \u00e0 la diffusion de la recherche et au transfert de connaissance de l\u2019IUPLSSS 2\u00a0000$<\/strong>(2020)<br \/>\n<em>IUPLSSS, Sherbrooke<\/em><\/p>\n<p><strong>Bourse de formation doctorale par les universit\u00e9s partenaires du RRISIQ 12\u00a0000$ <\/strong>(2020-2021)<br \/>\n<em>R\u00e9seau de recherche en interventions en sciences infirmi\u00e8res du Qu\u00e9bec (RRISIQ), Qu\u00e9bec<\/em><\/p>\n<p><strong>Bourse doctorale Programme MEES-Universit\u00e9s 39\u00a0000$ <\/strong>(2020-2021)<br \/>\n<em>Minist\u00e8re de l\u2019\u00c9ducation et de l\u2019Enseignement sup\u00e9rieur (MEES) -Universit\u00e9s et Ordre des infirmi\u00e8res et infirmiers du Qu\u00e9bec (OIIQ), Qu\u00e9bec<\/em><\/p>\n<p><strong>Bourse de formation doctorale pour les d\u00e9tenteurs d\u2019un dipl\u00f4me professionnel 141\u00a0794$ <\/strong>(2019-2022)<br \/>\n<a href=\"https:\/\/repertoire.frq.gouv.qc.ca\/offres\/rechercheOffres.do?methode=afficher\">https:\/\/repertoire.frq.gouv.qc.ca\/offres\/rechercheOffres.do?methode=afficher<\/a><br \/>\n<em>Fonds de recherche du Qu\u00e9bec en Sant\u00e9 (FRQS), Sherbrooke<\/em><\/p>\n<p><strong>Bourse de formation doctorale par les universit\u00e9s partenaires du RRISIQ 21\u00a0000$ <\/strong>(2019-2020)<br \/>\n<a href=\"https:\/\/rrisiq.com\/fr\/soutien-formation-recherche\/octrois\/boursiers-du-rrisiq\">https:\/\/rrisiq.com\/fr\/soutien-formation-recherche\/octrois\/boursiers-du-rrisiq<\/a><br \/>\n<em>RRISIQ, Qu\u00e9bec<\/em><\/p>\n<p><strong>Bourse de soutien \u00e0 la diffusion de la recherche et au transfert de connaissance\u00a0de l\u2019IUPLSSS <\/strong>(2019-2020)<strong><\/strong><br \/>\n<em>IUPLSSS, Sherbrooke<\/em><\/p>\n<p><strong>Bourse doctorale Programme MEES-Universit\u00e9s 39\u00a0000$ <\/strong>(2019-2020)<br \/>\n<em>MEES-Universit\u00e9s et OIIQ, Qu\u00e9bec<\/em><\/p>\n<p><strong>Bourse aux \u00e9tudiants pour aide \u00e0 la communication aux congr\u00e8s <\/strong>(2019)<br \/>\n<em>Axe S-POP du Centre de recherche du CHUS, Sherbrooke<\/em><\/p>\n<p><strong>Bourse doctorale Programme MEES-Universit\u00e9s 39\u00a0000$ <\/strong>(2018-2019)<br \/>\n<em>MEES-Universit\u00e9s et OIIQ, Qu\u00e9bec<\/em><\/p>\n<p><strong>Bourse aux \u00e9tudiants pour aide \u00e0 la communication aux congr\u00e8s 1\u00a0500$ <\/strong>(2018)<br \/>\n<em>Bourse de voyage \u2013 Appui communautaire des Instituts<\/em><br \/>\n<em>Instituts de recherche en sant\u00e9 du Canada (IRSC), Ontario<\/em><\/p>\n<p><strong>Bourse aux \u00e9tudiants pour aide \u00e0 la communication aux congr\u00e8s 1\u00a0200$ <\/strong>(2018)<br \/>\n<em>Axe S-POP du Centre de recherche du CHUS, Sherbrooke<\/em><\/p>\n<p><strong>Bourse de Recherche aux \u00e9tudes sup\u00e9rieures 15\u00a0000$ <\/strong>(2017-2018)<br \/>\n<em>FMSS de l\u2019UdeS de 11 250 $<\/em><br \/>\n<em>Compl\u00e9t\u00e9e par \u00c9quipe de recherche V1SAGES (Maud-Christine Chouinard et Catherine Hudon), Chicoutimi de 3\u00a0750$<\/em><\/p>\n<p><strong>Bourse Fondation Desjardins 3 000$\u00a0<\/strong>(2017)<br \/>\n<a href=\"https:\/\/www.hebertville-station.com\/media\/cms\/doccenters_mod\/6\/len_train_2017_11_24_150.pdf\">https:\/\/www.hebertville-station.com\/media\/cms\/doccenters_mod\/6\/len_train_2017_11_24_150.pdf<\/a><br \/>\n<em>Mouvement des Caisses-des-Cinq-Cantons, Saint-Bruno<\/em><\/p>\n<p><strong>Bourse aux \u00e9tudiants pour aide \u00e0 la communication aux congr\u00e8s 1\u00a0200$b<\/strong>(2017)<br \/>\n<em>Axe S-POP du Centre de recherche du CHUS, Sherbrooke<\/em><\/p>\n<p><strong>Bourse de financement dans le cadre de programme de soutien au d\u00e9veloppement de la mission universitaire \u2013 volet 3 de 15\u00a0000$\u00a0<\/strong>(2016-2017)<br \/>\n<a href=\"https:\/\/santesaglac.gouv.qc.ca\/wp-content\/uploads\/2018\/11\/le-lien-novembre-2016-vol-1-no-7.pdf\">https:\/\/santesaglac.gouv.qc.ca\/wp-content\/uploads\/2018\/11\/le-lien-novembre-2016-vol-1-no-7.pdf<\/a><br \/>\n<em>Fondation ma vie, CIUSSS de Chicoutimi, Chicoutimi de 11 250 $<\/em><br \/>\n<em>Compl\u00e9t\u00e9e par \u00c9quipe V1SAGES (Maud-Christine Chouinard et Catherine Hudon), Chicoutimi de 3\u00a0750$<\/em><\/p>\n<p><strong>Bourse Fondation Desjardins 1\u00a0500$\u00a0<\/strong>(2015)<br \/>\n<a href=\"https:\/\/www.hebertville.qc.ca\/data\/images\/Journal_le_Lien\/Le_Lien_novembre_2015_coul.pdf\">https:\/\/www.hebertville.qc.ca\/data\/images\/Journal_le_Lien\/Le_Lien_novembre_2015_coul.pdf<\/a><br \/>\n<em>Mouvement des Caisses-des-Cinq-Cantons Desjardins, Saint-Bruno <\/em><\/p>\n<p><strong>Bourse d\u2019initiation \u00e0 la recherche aux \u00e9tudiants dans le domaine de la sant\u00e9 2\u00a0500$ <\/strong>(2014)<br \/>\n<em>Bourse Institut de recherche en sant\u00e9 du Canada (IRSC), Ontario<\/em><\/p>\n<ul>\n<li>Collecte de donn\u00e9es aupr\u00e8s dans les GMF<\/li>\n<li>Utilisation de logiciel m\u00e9dicale en GMF (Kinlogix)<\/li>\n<li>Analyse et interpr\u00e9tation des donn\u00e9es<\/li>\n<li>D\u00e9nominalisation de dossiers<\/li>\n<\/ul>\n","protected":false},"excerpt":{"rendered":"<p>Awards and distinctions Mention coup de c\u0153ur au concours de vulgarisation scientifique (2021) Axe S-POP du Centre de recherche et du Centre hospitalier universitaire de Sherbrooke (CHUS) de la Facult\u00e9 de m\u00e9decine et des sciences de la sant\u00e9 (FMSS) de l\u2019UdeS, Sherbrooke Nomination \u00e9tudiante du mois Avril\u00a0(2021)\u00a0 https:\/\/www.crchus.ca\/actualites\/details\/article\/emilie-hudon-etudiante-du-mois\/\u00a0CRCHUS de la FMSS de l\u2019UdeS, Sherbrooke \u00a0Prix &hellip; <a href=\"https:\/\/portfolio.uqac.ca\/emiliehudon-en\/bursaries-and-distinctions\/\" class=\"more-link\">Continuer la lecture de <span class=\"screen-reader-text\">Bursaries and distinctions<\/span>  <span class=\"meta-nav\">&rarr;<\/span><\/a><\/p>\n","protected":false},"author":147,"featured_media":0,"parent":0,"menu_order":0,"comment_status":"closed","ping_status":"closed","template":"","meta":{"footnotes":""},"tags":[],"_links":{"self":[{"href":"https:\/\/portfolio.uqac.ca\/emiliehudon-en\/wp-json\/wp\/v2\/pages\/211"}],"collection":[{"href":"https:\/\/portfolio.uqac.ca\/emiliehudon-en\/wp-json\/wp\/v2\/pages"}],"about":[{"href":"https:\/\/portfolio.uqac.ca\/emiliehudon-en\/wp-json\/wp\/v2\/types\/page"}],"author":[{"embeddable":true,"href":"https:\/\/portfolio.uqac.ca\/emiliehudon-en\/wp-json\/wp\/v2\/users\/147"}],"replies":[{"embeddable":true,"href":"https:\/\/portfolio.uqac.ca\/emiliehudon-en\/wp-json\/wp\/v2\/comments?post=211"}],"version-history":[{"count":2,"href":"https:\/\/portfolio.uqac.ca\/emiliehudon-en\/wp-json\/wp\/v2\/pages\/211\/revisions"}],"predecessor-version":[{"id":217,"href":"https:\/\/portfolio.uqac.ca\/emiliehudon-en\/wp-json\/wp\/v2\/pages\/211\/revisions\/217"}],"wp:attachment":[{"href":"https:\/\/portfolio.uqac.ca\/emiliehudon-en\/wp-json\/wp\/v2\/media?parent=211"}],"wp:term":[{"taxonomy":"post_tag","embeddable":true,"href":"https:\/\/portfolio.uqac.ca\/emiliehudon-en\/wp-json\/wp\/v2\/tags?post=211"}],"curies":[{"name":"wp","href":"https:\/\/api.w.org\/{rel}","templated":true}]}}