{"id":27,"date":"2022-01-10T11:47:54","date_gmt":"2022-01-10T16:47:54","guid":{"rendered":"http:\/\/portfolio-pre.uqac.ca\/gabarit\/?page_id=27"},"modified":"2022-01-11T15:15:56","modified_gmt":"2022-01-11T20:15:56","slug":"curriculum-vitae","status":"publish","type":"page","link":"https:\/\/portfolio.uqac.ca\/emiliehudon-en\/curriculum-vitae\/","title":{"rendered":"Curriculum vitae"},"content":{"rendered":"<h2><strong>Education<\/strong><\/h2>\n<p>Microprogramme de 3e cycle d&#8217;enrichissement des comp\u00e9tences en recherche, Universit\u00e9 de Sherbrooke (UdeS), Campus de Chicoutimi (en cours)<\/p>\n<p>Doctorat recherche en sciences de la sant\u00e9, concentration sciences infirmi\u00e8res, Universit\u00e9 de Sherbrooke (UdeS), Campus de Chicoutimi (en cours)<\/p>\n<p>Microprogramme de 2e cycle pour l&#8217;acc\u00e9l\u00e9ration du d\u00e9veloppement et de l&#8217;enrichissement des comp\u00e9tences en recherche, Universit\u00e9 de Sherbrooke (UdeS), Campus de Chicoutimi (2021)<\/p>\n<p>Ma\u00eetrise recherche en sciences de la sant\u00e9, concentration sciences infirmi\u00e8res, Universit\u00e9 de Sherbrooke (UdeS), Campus de Chicoutimi (2018)<\/p>\n<p>Hudon, \u00c9. (2018). <a href=\"https:\/\/core.ac.uk\/download\/pdf\/199228267.pdf\"><em>Adaptation fran\u00e7aise et validation d\u2019un instrument de mesure de l\u2019autogestion aupr\u00e8s de personnes atteintes de maladies chroniques suivies en soins de premi\u00e8re ligne : le Partners in Health (PIH) scale<\/em><\/a>. [Master\u2019s thesis]. Universit\u00e9 de Sherbrooke.<\/p>\n<p>Baccalaur\u00e9at en sciences infirmi\u00e8res (volet formation initiale), Universit\u00e9 du Qu\u00e9bec \u00e0 Chicoutimi (UQAC), Chicoutimi (2016)<\/p>\n<p>Baccalaur\u00e9at en kin\u00e9siologie, Universit\u00e9 du Qu\u00e9bec \u00e0 Chicoutimi (UQAC), Chicoutimi (2013)<\/p>\n<h2><strong><br \/>\nProfessional affiliations<\/strong><\/h2>\n<p>Student member of Centre de recherche du centre hospitalier universitaire de Sherbrooke (UdeS), Sherbrooke (2018- )<\/p>\n<p>Student member of R\u00e9seau de recherche en interventions en sciences infirmi\u00e8res du Qu\u00e9bec (RRISIQ), UdeM, Montr\u00e9al (2018- )<\/p>\n<p>Student member of Centre intersectoriel en sant\u00e9 durable (CISD), UQAC, Chicoutimi (2018- )<\/p>\n<p>Student member of R\u00e9seau de connaissances en services et soins de sant\u00e9 int\u00e9gr\u00e9s de premi\u00e8re ligne (R\u00e9seau 1 &#8211; Qu\u00e9bec), UdeS, Longueuil (2016- )<\/p>\n<p>Member of Centre de recherche Charles-Le Moyne-Saguenay-Lac-Saint-Jean sur les Innovations en sant\u00e9 (CR-CSIS), UdeS, Longueuil et Saguenay (2016- )<\/p>\n<p>Member of Ordre des infirmi\u00e8res et infirmiers du Qu\u00e9bec (OIIQ), Montr\u00e9al (2016- )<\/p>\n","protected":false},"excerpt":{"rendered":"<p>Education Microprogramme de 3e cycle d&#8217;enrichissement des comp\u00e9tences en recherche, Universit\u00e9 de Sherbrooke (UdeS), Campus de Chicoutimi (en cours) Doctorat recherche en sciences de la sant\u00e9, concentration sciences infirmi\u00e8res, Universit\u00e9 de Sherbrooke (UdeS), Campus de Chicoutimi (en cours) Microprogramme de 2e cycle pour l&#8217;acc\u00e9l\u00e9ration du d\u00e9veloppement et de l&#8217;enrichissement des comp\u00e9tences en recherche, Universit\u00e9 de &hellip; <a href=\"https:\/\/portfolio.uqac.ca\/emiliehudon-en\/curriculum-vitae\/\" class=\"more-link\">Continuer la lecture de <span class=\"screen-reader-text\">Curriculum vitae<\/span>  <span class=\"meta-nav\">&rarr;<\/span><\/a><\/p>\n","protected":false},"author":335,"featured_media":0,"parent":0,"menu_order":0,"comment_status":"closed","ping_status":"closed","template":"","meta":{"footnotes":""},"tags":[],"_links":{"self":[{"href":"https:\/\/portfolio.uqac.ca\/emiliehudon-en\/wp-json\/wp\/v2\/pages\/27"}],"collection":[{"href":"https:\/\/portfolio.uqac.ca\/emiliehudon-en\/wp-json\/wp\/v2\/pages"}],"about":[{"href":"https:\/\/portfolio.uqac.ca\/emiliehudon-en\/wp-json\/wp\/v2\/types\/page"}],"author":[{"embeddable":true,"href":"https:\/\/portfolio.uqac.ca\/emiliehudon-en\/wp-json\/wp\/v2\/users\/335"}],"replies":[{"embeddable":true,"href":"https:\/\/portfolio.uqac.ca\/emiliehudon-en\/wp-json\/wp\/v2\/comments?post=27"}],"version-history":[{"count":11,"href":"https:\/\/portfolio.uqac.ca\/emiliehudon-en\/wp-json\/wp\/v2\/pages\/27\/revisions"}],"predecessor-version":[{"id":216,"href":"https:\/\/portfolio.uqac.ca\/emiliehudon-en\/wp-json\/wp\/v2\/pages\/27\/revisions\/216"}],"wp:attachment":[{"href":"https:\/\/portfolio.uqac.ca\/emiliehudon-en\/wp-json\/wp\/v2\/media?parent=27"}],"wp:term":[{"taxonomy":"post_tag","embeddable":true,"href":"https:\/\/portfolio.uqac.ca\/emiliehudon-en\/wp-json\/wp\/v2\/tags?post=27"}],"curies":[{"name":"wp","href":"https:\/\/api.w.org\/{rel}","templated":true}]}}