{"id":4,"date":"2022-01-10T11:47:54","date_gmt":"2022-01-10T16:47:54","guid":{"rendered":"http:\/\/portfolio-pre.uqac.ca\/gabarit\/?page_id=4"},"modified":"2022-01-20T10:19:08","modified_gmt":"2022-01-20T15:19:08","slug":"presentatio","status":"publish","type":"page","link":"https:\/\/portfolio.uqac.ca\/emiliehudon-en\/","title":{"rendered":"Profile"},"content":{"rendered":"<h2><\/h2>\n<p>Professor in nursing sciences at the Department of Health at the Universit\u00e9 du Qu\u00e9bec \u00e0 Chicoutimi (Quebec, Canada)<\/p>\n<h2><\/h2>\n<h2>Research interests<\/h2>\n<ul>\n<ul>\n<li> Prenatal care <\/li>\n<li> Vulnerability context <\/li>\n<li> Primary care <\/li>\n<li> Pregnant women <\/li>\n<li> Nursing <\/li>\n<\/ul>\n<\/ul>\n","protected":false},"excerpt":{"rendered":"<p>Professor in nursing sciences at the Department of Health at the Universit\u00e9 du Qu\u00e9bec \u00e0 Chicoutimi (Quebec, Canada) Research interests Prenatal care Vulnerability context Primary care Pregnant women Nursing<\/p>\n","protected":false},"author":335,"featured_media":0,"parent":0,"menu_order":0,"comment_status":"closed","ping_status":"closed","template":"","meta":{"footnotes":""},"tags":[],"_links":{"self":[{"href":"https:\/\/portfolio.uqac.ca\/emiliehudon-en\/wp-json\/wp\/v2\/pages\/4"}],"collection":[{"href":"https:\/\/portfolio.uqac.ca\/emiliehudon-en\/wp-json\/wp\/v2\/pages"}],"about":[{"href":"https:\/\/portfolio.uqac.ca\/emiliehudon-en\/wp-json\/wp\/v2\/types\/page"}],"author":[{"embeddable":true,"href":"https:\/\/portfolio.uqac.ca\/emiliehudon-en\/wp-json\/wp\/v2\/users\/335"}],"replies":[{"embeddable":true,"href":"https:\/\/portfolio.uqac.ca\/emiliehudon-en\/wp-json\/wp\/v2\/comments?post=4"}],"version-history":[{"count":19,"href":"https:\/\/portfolio.uqac.ca\/emiliehudon-en\/wp-json\/wp\/v2\/pages\/4\/revisions"}],"predecessor-version":[{"id":219,"href":"https:\/\/portfolio.uqac.ca\/emiliehudon-en\/wp-json\/wp\/v2\/pages\/4\/revisions\/219"}],"wp:attachment":[{"href":"https:\/\/portfolio.uqac.ca\/emiliehudon-en\/wp-json\/wp\/v2\/media?parent=4"}],"wp:term":[{"taxonomy":"post_tag","embeddable":true,"href":"https:\/\/portfolio.uqac.ca\/emiliehudon-en\/wp-json\/wp\/v2\/tags?post=4"}],"curies":[{"name":"wp","href":"https:\/\/api.w.org\/{rel}","templated":true}]}}