{"id":46,"date":"2022-01-10T11:47:54","date_gmt":"2022-01-10T16:47:54","guid":{"rendered":"http:\/\/portfolio-pre.uqac.ca\/gabarit\/?page_id=46"},"modified":"2022-01-10T15:41:19","modified_gmt":"2022-01-10T20:41:19","slug":"recherche","status":"publish","type":"page","link":"https:\/\/portfolio.uqac.ca\/emiliehudon-en\/recherche\/","title":{"rendered":"Research"},"content":{"rendered":"<p>Soutien \u00e0 la publication et \u00e0 la diffusion des travaux de recherche et cr\u00e9ation  (2021)<br \/>\nProgramme de soutien au d\u00e9veloppement de la recherche et cr\u00e9ation (PSDrc) de l\u2019UQAC, Chicoutimi<\/p>\n<p>Financement dans le cadre du Programme de soutien au d\u00e9veloppement de la mission universitaire &#8211; Subventions \u2013 Soutien \u00e0 la diffusion (2020)<br \/>\nMission universitaire du CIUSSS du SLSJ, Chicoutimi<\/p>\n<p>Soutien \u00e0 la publication et \u00e0 la diffusion des travaux de recherche et cr\u00e9ation (2020)<br \/>\nPSDrc de l\u2019UQAC, Chicoutimi<\/p>\n","protected":false},"excerpt":{"rendered":"<p>Soutien \u00e0 la publication et \u00e0 la diffusion des travaux de recherche et cr\u00e9ation (2021) Programme de soutien au d\u00e9veloppement de la recherche et cr\u00e9ation (PSDrc) de l\u2019UQAC, Chicoutimi Financement dans le cadre du Programme de soutien au d\u00e9veloppement de la mission universitaire &#8211; Subventions \u2013 Soutien \u00e0 la diffusion (2020) Mission universitaire du CIUSSS &hellip; <a href=\"https:\/\/portfolio.uqac.ca\/emiliehudon-en\/recherche\/\" class=\"more-link\">Continuer la lecture de <span class=\"screen-reader-text\">Research<\/span>  <span class=\"meta-nav\">&rarr;<\/span><\/a><\/p>\n","protected":false},"author":335,"featured_media":0,"parent":0,"menu_order":0,"comment_status":"closed","ping_status":"closed","template":"","meta":{"footnotes":""},"tags":[],"_links":{"self":[{"href":"https:\/\/portfolio.uqac.ca\/emiliehudon-en\/wp-json\/wp\/v2\/pages\/46"}],"collection":[{"href":"https:\/\/portfolio.uqac.ca\/emiliehudon-en\/wp-json\/wp\/v2\/pages"}],"about":[{"href":"https:\/\/portfolio.uqac.ca\/emiliehudon-en\/wp-json\/wp\/v2\/types\/page"}],"author":[{"embeddable":true,"href":"https:\/\/portfolio.uqac.ca\/emiliehudon-en\/wp-json\/wp\/v2\/users\/335"}],"replies":[{"embeddable":true,"href":"https:\/\/portfolio.uqac.ca\/emiliehudon-en\/wp-json\/wp\/v2\/comments?post=46"}],"version-history":[{"count":4,"href":"https:\/\/portfolio.uqac.ca\/emiliehudon-en\/wp-json\/wp\/v2\/pages\/46\/revisions"}],"predecessor-version":[{"id":200,"href":"https:\/\/portfolio.uqac.ca\/emiliehudon-en\/wp-json\/wp\/v2\/pages\/46\/revisions\/200"}],"wp:attachment":[{"href":"https:\/\/portfolio.uqac.ca\/emiliehudon-en\/wp-json\/wp\/v2\/media?parent=46"}],"wp:term":[{"taxonomy":"post_tag","embeddable":true,"href":"https:\/\/portfolio.uqac.ca\/emiliehudon-en\/wp-json\/wp\/v2\/tags?post=46"}],"curies":[{"name":"wp","href":"https:\/\/api.w.org\/{rel}","templated":true}]}}