{"id":165,"date":"2022-01-06T14:18:14","date_gmt":"2022-01-06T19:18:14","guid":{"rendered":"http:\/\/portfolio-pre.uqac.ca\/gabarit\/?page_id=165"},"modified":"2024-01-08T15:25:03","modified_gmt":"2024-01-08T20:25:03","slug":"communications-2","status":"publish","type":"page","link":"https:\/\/portfolio.uqac.ca\/emiliehudon\/communications-2\/","title":{"rendered":"Communications orales"},"content":{"rendered":"<p><strong>Hudon, \u00c9.<\/strong>, Chouinard, M.C, Ellefsen, \u00c9., &amp; Hudon, C. (2023, 30 Octobre au 3 Novembre). The relationship between nurses and pregnant women in contexts of vulnerability<em>: A qualitative descriptive interpretative study <\/em>[Communication par affiche]. Le 51<sup>e<\/sup> Congr\u00e8s annuel du NAPCRG, San Francisco, \u00c9tats-Unis.<\/p>\n<p><strong>Hudon, \u00c9.<\/strong>, Hudon, C., Ellefsen, \u00c9., &amp; Chouinard, M.C. (2023, 1-5 juillet). <em>D\u00e9fi du recrutement des femmes enceintes en contextes de vuln\u00e9rabilit\u00e9<\/em> [Communication orale]. Le 29<sup>e<\/sup> Congr\u00e8s du Conseil International des Infirmi\u00e8res (CII), Montr\u00e9al, Qu\u00e9bec.<\/p>\n<p><strong>\u00a0<\/strong><strong>Hudon, \u00c9., <\/strong>Chouinard, M.C., Ellefsen, \u00c9., &amp; Hudon, C. (2023, 10 mai). <em>La consid\u00e9ration des contextes de vuln\u00e9rabilit\u00e9 de femmes enceintes. <\/em>Le 90<sup>e<\/sup> Congr\u00e8s de l\u2019Association francophone pour le savoir (ACFAS), Montr\u00e9al, Qu\u00e9bec.<\/p>\n<p><strong>\u00a0<\/strong><strong>Hudon, \u00c9.<\/strong>, Th\u00e9riault, C., Dionne, C., Dauwe, V., &amp; Caron-Cantin, S.M. (2023, 4-5 mai). <em>Le d\u00e9veloppement d\u2019une clinique universitaire en sciences infirmi\u00e8res en r\u00e9gion<\/em> [Communication orale]. Le 23<sup>e<\/sup> Colloque de la ma\u00eetrise en sciences infirmi\u00e8res du R\u00e9seau de l\u2019Universit\u00e9 du Qu\u00e9bec, Universit\u00e9 du Qu\u00e9bec \u00e0 Chicoutimi, Chicoutimi, Qu\u00e9bec.<\/p>\n<p>Tia-Deti, I. R., &amp; <strong>Hudon, \u00c9.*<\/strong> (2023, 4-5 mai). <em>Le d\u00e9veloppement de la clinique universitaire en sciences infirmi\u00e8res<\/em> [Communication orale]. Le 23<sup>e<\/sup> Colloque de la ma\u00eetrise en sciences infirmi\u00e8res du R\u00e9seau de l\u2019Universit\u00e9 du Qu\u00e9bec, Universit\u00e9 du Qu\u00e9bec \u00e0 Chicoutimi, Chicoutimi, Qu\u00e9bec.<\/p>\n<p><strong>Hudon, \u00c9.<\/strong>, Chouinard, M.C, Ellefsen, \u00c9., &amp; Hudon, C. (2022, 9 juin). <em>La perspective de femmes enceintes en contexte de vuln\u00e9rabilit\u00e9 au regard de leur exp\u00e9rience du suivi pr\u00e9natal infirmier en soins de premi\u00e8re ligne<\/em><em>\u00a0<\/em> [Communication orale]. La 6<sup>e<\/sup> journ\u00e9e de la recherche du CIUSSS du SLSJ, Chicoutimi, Qu\u00e9bec, hybride.<\/p>\n<p><strong>Hudon, \u00c9.<\/strong> (2022, 17 mars). <em>Perspectives des femmes enceintes en contexte de vuln\u00e9rabilit\u00e9 au regard de leur exp\u00e9rience du suivi pr\u00e9natal infirmier en soins de 1i\u00e8re ligne<\/em> [Concours communication orale]. Ma th\u00e8se en 180 secondes\u00a0de l\u2019Universit\u00e9 de Sherbrooke, Sherbrooke, Qu\u00e9bec.<\/p>\n<p><strong>Hudon, \u00c9.<\/strong>, Hudon, C., Ellefsen, \u00c9., &amp; Chouinard, M.C. (2020, 20-24 Novembre). <em>Dimensions of vulnerability: A scoping review <\/em>[Communication orale]. Le 48<sup>e<\/sup> Congr\u00e8s annuel du North American Primary Care Research Group (NAPCRG), Virtual Meeting.<\/p>\n<p><strong>\u00a0<\/strong><strong>Hudon, \u00c9.<\/strong>, Hudon, C., Ellefsen, \u00c9., &amp; Chouinard, M.C. (2020, 29 Avril). <em>Suivi infirmier aupr\u00e8s de la client\u00e8le vuln\u00e9rable<\/em> [Communication orale].\u00a0Le 14<sup>e<\/sup> Colloque en sciences infirmi\u00e8res, Chicoutimi, Qu\u00e9bec. <a href=\"https:\/\/colloques.uqac.ca\/scinf\/colloque-annule\/\">https:\/\/colloques.uqac.ca\/scinf\/colloque-annule\/<\/a> (colloque report\u00e9 \u00e0 2022).<\/p>\n<p><strong>Hudon, \u00c9.<\/strong>, Hudon, C., Lambert, S., Lambert, M., &amp; Chouinard, M.C. (2018, 2 Mai). <em>Adaptation et validation transculturelle d\u2019un instrument de mesure de l\u2019autogestion<\/em> [Communication orale]. Le 12<sup>e<\/sup> Colloque en sciences infirmi\u00e8res, Chicoutimi, Qu\u00e9bec. <a href=\"https:\/\/colloques.uqac.ca\/scinf\/files\/2018\/03\/D%C3%A9pliant-20181.pdf\">https:\/\/colloques.uqac.ca\/scinf\/files\/2018\/03\/D%C3%A9pliant-20181.pdf<\/a><\/p>\n<p><strong>Hudon, \u00c9.<\/strong>, Hudon, C., Lambert, S., Lambert, M., &amp; Chouinard, M.C. (2018, 15 F\u00e9vrier). <em>Adaptation transculturelle et validation du Partner in Health Scale (PIHS) chez les personnes atteintes de maladies chroniques en soins de premi\u00e8re ligne <\/em>[Communication orale]. La 4<sup>e<\/sup> journ\u00e9e de la recherche du CIUSSS du SLSJ, Chicoutimi, Qu\u00e9bec.<\/p>\n<p><strong>Hudon, \u00c9.<\/strong> (2017, 30 Mai). <em>Adaptation transculturelle et validation du Partner in Health Scale (PIHS) chez les personnes atteintes de maladies chroniques en soins de premi\u00e8re ligne <\/em>[Concours communication orale]. Ma th\u00e8se en 180 secondes\u00a0\u00e0 la Journ\u00e9e Axe S-POP du Centre de recherche-H\u00f4pital Charles-Le-Moyne, Longueuil, Qu\u00e9bec.<\/p>\n","protected":false},"excerpt":{"rendered":"<p>Hudon, \u00c9., Chouinard, M.C, Ellefsen, \u00c9., &amp; Hudon, C. (2023, 30 Octobre au 3 Novembre). The relationship between nurses and pregnant women in contexts of vulnerability: A qualitative descriptive interpretative study [Communication par affiche]. Le 51e Congr\u00e8s annuel du NAPCRG, San Francisco, \u00c9tats-Unis. Hudon, \u00c9., Hudon, C., Ellefsen, \u00c9., &amp; Chouinard, M.C. (2023, 1-5 juillet). &hellip; <a href=\"https:\/\/portfolio.uqac.ca\/emiliehudon\/communications-2\/\" class=\"more-link\">Continuer la lecture de <span class=\"screen-reader-text\">Communications orales<\/span>  <span class=\"meta-nav\">&rarr;<\/span><\/a><\/p>\n","protected":false},"author":335,"featured_media":0,"parent":0,"menu_order":0,"comment_status":"closed","ping_status":"closed","template":"","meta":{"footnotes":""},"tags":[],"_links":{"self":[{"href":"https:\/\/portfolio.uqac.ca\/emiliehudon\/wp-json\/wp\/v2\/pages\/165"}],"collection":[{"href":"https:\/\/portfolio.uqac.ca\/emiliehudon\/wp-json\/wp\/v2\/pages"}],"about":[{"href":"https:\/\/portfolio.uqac.ca\/emiliehudon\/wp-json\/wp\/v2\/types\/page"}],"author":[{"embeddable":true,"href":"https:\/\/portfolio.uqac.ca\/emiliehudon\/wp-json\/wp\/v2\/users\/335"}],"replies":[{"embeddable":true,"href":"https:\/\/portfolio.uqac.ca\/emiliehudon\/wp-json\/wp\/v2\/comments?post=165"}],"version-history":[{"count":9,"href":"https:\/\/portfolio.uqac.ca\/emiliehudon\/wp-json\/wp\/v2\/pages\/165\/revisions"}],"predecessor-version":[{"id":329,"href":"https:\/\/portfolio.uqac.ca\/emiliehudon\/wp-json\/wp\/v2\/pages\/165\/revisions\/329"}],"wp:attachment":[{"href":"https:\/\/portfolio.uqac.ca\/emiliehudon\/wp-json\/wp\/v2\/media?parent=165"}],"wp:term":[{"taxonomy":"post_tag","embeddable":true,"href":"https:\/\/portfolio.uqac.ca\/emiliehudon\/wp-json\/wp\/v2\/tags?post=165"}],"curies":[{"name":"wp","href":"https:\/\/api.w.org\/{rel}","templated":true}]}}