{"id":167,"date":"2022-01-06T14:18:14","date_gmt":"2022-01-06T19:18:14","guid":{"rendered":"http:\/\/portfolio-pre.uqac.ca\/gabarit\/?page_id=167"},"modified":"2024-01-08T15:21:40","modified_gmt":"2024-01-08T20:21:40","slug":"autres-publications","status":"publish","type":"page","link":"https:\/\/portfolio.uqac.ca\/emiliehudon\/autres-publications\/","title":{"rendered":"Autres publications"},"content":{"rendered":"<h1>Articles de journal<\/h1>\n<p><strong>Hudon, \u00c9.<\/strong> (2022, 19 mars). La difficult\u00e9 de se loger, plus qu\u2019une pr\u00e9occupation, une r\u00e9alit\u00e9! <em>Progr\u00e8s, chronique spiritualit\u00e9, 5<\/em>(50), p. M9. <a href=\"https:\/\/www.lequotidien.com\/2022\/03\/19\/la-difficulte-de-se-loger-plus-quune-preoccupation-une-realite-57866ad33a109048d7886c8dbec897be\">https:\/\/www.lequotidien.com\/2022\/03\/19\/la-difficulte-de-se-loger-plus-quune-preoccupation-une-realite-57866ad33a109048d7886c8dbec897be<\/a><\/p>\n<h1>Chapitres de livre<\/h1>\n<p><strong>Adaptation chapitre de volume<\/strong><\/p>\n<p>Choma, K. K. (En pr\u00e9paration). \u00c9valuation clinique\u00a0: syst\u00e8me reproducteur (adaptation fran\u00e7aise \u00c9milie Hudon). Dans S. L., Lewis,\u00a0 M. M., Heitkemper, S. R., Dirksen, M\u00e9decin-chirurgie (3<sup>e<\/sup> \u00e9d.). Cheneli\u00e8re, Groupe de Boeck.<\/p>\n<h1>\u00c9valuation de volumes<\/h1>\n<p>Pepin, J., Ducharme, F., &amp; Ke\u0301rouac S. (2017 en r\u00e9vision depuis 2022).\u00a0 La pens\u00e9e infirmi\u00e8re (4<sup>e<\/sup>\u00a0\u00e9d.). Chenelie\u0300re e\u0301ducation.<\/p>\n","protected":false},"excerpt":{"rendered":"<p>Articles de journal Hudon, \u00c9. (2022, 19 mars). La difficult\u00e9 de se loger, plus qu\u2019une pr\u00e9occupation, une r\u00e9alit\u00e9! Progr\u00e8s, chronique spiritualit\u00e9, 5(50), p. M9. https:\/\/www.lequotidien.com\/2022\/03\/19\/la-difficulte-de-se-loger-plus-quune-preoccupation-une-realite-57866ad33a109048d7886c8dbec897be Chapitres de livre Adaptation chapitre de volume Choma, K. K. (En pr\u00e9paration). \u00c9valuation clinique\u00a0: syst\u00e8me reproducteur (adaptation fran\u00e7aise \u00c9milie Hudon). Dans S. L., Lewis,\u00a0 M. M., Heitkemper, S. R., Dirksen, &hellip; <a href=\"https:\/\/portfolio.uqac.ca\/emiliehudon\/autres-publications\/\" class=\"more-link\">Continuer la lecture de <span class=\"screen-reader-text\">Autres publications<\/span>  <span class=\"meta-nav\">&rarr;<\/span><\/a><\/p>\n","protected":false},"author":335,"featured_media":0,"parent":0,"menu_order":0,"comment_status":"closed","ping_status":"closed","template":"","meta":{"footnotes":""},"tags":[],"_links":{"self":[{"href":"https:\/\/portfolio.uqac.ca\/emiliehudon\/wp-json\/wp\/v2\/pages\/167"}],"collection":[{"href":"https:\/\/portfolio.uqac.ca\/emiliehudon\/wp-json\/wp\/v2\/pages"}],"about":[{"href":"https:\/\/portfolio.uqac.ca\/emiliehudon\/wp-json\/wp\/v2\/types\/page"}],"author":[{"embeddable":true,"href":"https:\/\/portfolio.uqac.ca\/emiliehudon\/wp-json\/wp\/v2\/users\/335"}],"replies":[{"embeddable":true,"href":"https:\/\/portfolio.uqac.ca\/emiliehudon\/wp-json\/wp\/v2\/comments?post=167"}],"version-history":[{"count":8,"href":"https:\/\/portfolio.uqac.ca\/emiliehudon\/wp-json\/wp\/v2\/pages\/167\/revisions"}],"predecessor-version":[{"id":323,"href":"https:\/\/portfolio.uqac.ca\/emiliehudon\/wp-json\/wp\/v2\/pages\/167\/revisions\/323"}],"wp:attachment":[{"href":"https:\/\/portfolio.uqac.ca\/emiliehudon\/wp-json\/wp\/v2\/media?parent=167"}],"wp:term":[{"taxonomy":"post_tag","embeddable":true,"href":"https:\/\/portfolio.uqac.ca\/emiliehudon\/wp-json\/wp\/v2\/tags?post=167"}],"curies":[{"name":"wp","href":"https:\/\/api.w.org\/{rel}","templated":true}]}}