{"id":18,"date":"2022-01-06T14:18:14","date_gmt":"2022-01-06T19:18:14","guid":{"rendered":"http:\/\/portfolio-pre.uqac.ca\/gabarit\/?page_id=18"},"modified":"2024-02-13T10:33:08","modified_gmt":"2024-02-13T15:33:08","slug":"enseignement","status":"publish","type":"page","link":"https:\/\/portfolio.uqac.ca\/emiliehudon\/enseignement\/","title":{"rendered":"Enseignement"},"content":{"rendered":"<p>Au <a href=\"https:\/\/www.uqac.ca\/programme\/7452\/\">baccalaur\u00e9at en sciences infirmi\u00e8res (volet int\u00e9gr\u00e9)<\/a> et\/ou au <a href=\"https:\/\/www.uqac.ca\/programme\/7450\/\">baccalaur\u00e9at en sciences infirmi\u00e8res (cheminement initial)<\/a> :<\/p>\n<ul>\n<ul>\n<li><span style=\"line-height: 1.5;\"><a href=\"https:\/\/cours.uqac.ca\/SSOI222\" target=\"_blank\">SSOI222<\/a>\u00a0: Processus de recherche en sciences infirmi\u00e8res<\/span><\/li>\n<li><a href=\"https:\/\/programmes.uqac.ca\/SSOI123\" target=\"_blank\">SSOI123<\/a> :\u00a0Discipline infirmi\u00e8re I<\/li>\n<li><a href=\"https:\/\/cours.uqac.ca\/SSOI246\" target=\"_blank\">SSOI246<\/a> : Pratique infirmi\u00e8re aupr\u00e8s de la personne \u00e2g\u00e9e<\/li>\n<li><a href=\"https:\/\/cours.uqac.ca\/SSOI337\" target=\"_blank\">SSOI337<\/a> : Pratique infirmi\u00e8re en r\u00e9adaptation<\/li>\n<li><a href=\"https:\/\/cours.uqac.ca\/SSOI485\" target=\"_blank\">SSOI485<\/a>\u00a0:\u00a0D\u00e9marche d&#8217;optimisation<\/li>\n<li><a href=\"https:\/\/cours.uqac.ca\/SSOI490\" target=\"_blank\">SSOI490<\/a>\u00a0:\u00a0Stage consolidation<\/li>\n<\/ul>\n<\/ul>\n<p>\u00c0 la <a href=\"https:\/\/www.uqac.ca\/programme\/3576-maitrise-en-sciences-infirmieres\/\">Ma\u00eetrise en sciences infirmi\u00e8res (profil recherche)<\/a>, \u00e0 la <a href=\"https:\/\/www.uqac.ca\/programme\/2210\/\">Ma\u00eetrise en sciences infirmi\u00e8res (profil clinique)<\/a> et au <a href=\"https:\/\/www.uqac.ca\/programme\/2299\/\">Dipl\u00f4me d&#8217;\u00e9tudes sup\u00e9rieures sp\u00e9cialis\u00e9es en sciences infirmi\u00e8res (IPS soins de premi\u00e8re ligne)<\/a> :<\/p>\n<ul>\n<ul>\n<li><a href=\"https:\/\/programmes.uqac.ca\/MSI5011S\" target=\"_blank\">MSI5011S <\/a>:\u00a0Stage d&#8217;intervention en milieu clinique<\/li>\n<li><span style=\"line-height: 1.5;\"><a href=\"https:\/\/cours.uqac.ca\/MSI6001S\" target=\"_blank\">MSI6001S<\/a> : \u00c9pist\u00e9mologie et assises th\u00e9oriques en sciences infirmi\u00e8res<\/span><\/li>\n<li><span style=\"line-height: 1.5;\"><a href=\"https:\/\/cours.uqac.ca\/MSI6007S\" target=\"_blank\">MSI6007S<\/a> :Recherche et statistique en pratique infirmi\u00e8re avanc\u00e9e<\/span><\/li>\n<\/ul>\n<\/ul>\n","protected":false},"excerpt":{"rendered":"<p>Au baccalaur\u00e9at en sciences infirmi\u00e8res (volet int\u00e9gr\u00e9) et\/ou au baccalaur\u00e9at en sciences infirmi\u00e8res (cheminement initial) : SSOI222\u00a0: Processus de recherche en sciences infirmi\u00e8res SSOI123 :\u00a0Discipline infirmi\u00e8re I SSOI246 : Pratique infirmi\u00e8re aupr\u00e8s de la personne \u00e2g\u00e9e SSOI337 : Pratique infirmi\u00e8re en r\u00e9adaptation SSOI485\u00a0:\u00a0D\u00e9marche d&#8217;optimisation SSOI490\u00a0:\u00a0Stage consolidation \u00c0 la Ma\u00eetrise en sciences infirmi\u00e8res (profil recherche), \u00e0 &hellip; <a href=\"https:\/\/portfolio.uqac.ca\/emiliehudon\/enseignement\/\" class=\"more-link\">Continuer la lecture de <span class=\"screen-reader-text\">Enseignement<\/span>  <span class=\"meta-nav\">&rarr;<\/span><\/a><\/p>\n","protected":false},"author":335,"featured_media":0,"parent":0,"menu_order":0,"comment_status":"closed","ping_status":"closed","template":"","meta":{"footnotes":""},"tags":[],"_links":{"self":[{"href":"https:\/\/portfolio.uqac.ca\/emiliehudon\/wp-json\/wp\/v2\/pages\/18"}],"collection":[{"href":"https:\/\/portfolio.uqac.ca\/emiliehudon\/wp-json\/wp\/v2\/pages"}],"about":[{"href":"https:\/\/portfolio.uqac.ca\/emiliehudon\/wp-json\/wp\/v2\/types\/page"}],"author":[{"embeddable":true,"href":"https:\/\/portfolio.uqac.ca\/emiliehudon\/wp-json\/wp\/v2\/users\/335"}],"replies":[{"embeddable":true,"href":"https:\/\/portfolio.uqac.ca\/emiliehudon\/wp-json\/wp\/v2\/comments?post=18"}],"version-history":[{"count":15,"href":"https:\/\/portfolio.uqac.ca\/emiliehudon\/wp-json\/wp\/v2\/pages\/18\/revisions"}],"predecessor-version":[{"id":345,"href":"https:\/\/portfolio.uqac.ca\/emiliehudon\/wp-json\/wp\/v2\/pages\/18\/revisions\/345"}],"wp:attachment":[{"href":"https:\/\/portfolio.uqac.ca\/emiliehudon\/wp-json\/wp\/v2\/media?parent=18"}],"wp:term":[{"taxonomy":"post_tag","embeddable":true,"href":"https:\/\/portfolio.uqac.ca\/emiliehudon\/wp-json\/wp\/v2\/tags?post=18"}],"curies":[{"name":"wp","href":"https:\/\/api.w.org\/{rel}","templated":true}]}}