{"id":293,"date":"2023-03-13T08:11:27","date_gmt":"2023-03-13T12:11:27","guid":{"rendered":"http:\/\/portfolio-pre.uqac.ca\/emiliehudon\/?page_id=293"},"modified":"2024-01-08T15:33:00","modified_gmt":"2024-01-08T20:33:00","slug":"affiliations-professionnelles","status":"publish","type":"page","link":"https:\/\/portfolio.uqac.ca\/emiliehudon\/affiliations-professionnelles\/","title":{"rendered":"Affiliations professionnelles"},"content":{"rendered":"<h2><strong>Affiliations professionnelles<\/strong><\/h2>\n<p>Chercheuse \u2013 Centre intersectoriel de sant\u00e9 durable (CISD). (2023-). <em>Universit\u00e9 du Qu\u00e9bec \u00e0 Chicoutimi<\/em><\/p>\n<p>Chercheuse \u2013 R\u00e9seau CommunAut\u00e9s Rurales et \u00c9loign\u00e9es en Sant\u00e9 (CARES). (2023-). <em>Regroupement intersectoriel de recherche en sant\u00e9 de l\u2019Universit\u00e9 du Qu\u00e9bec<\/em><\/p>\n<p>Chercheuse \u2013 R\u00e9seau de recherche en interventions en sciences infirmi\u00e8res du Qu\u00e9bec (RRISIQ). (2023-). <em>Universit\u00e9 de Montr\u00e9al<\/em><\/p>\n<p>Chercheuse \u2013 R\u00e9seau de connaissances en services et soins de sant\u00e9 int\u00e9gr\u00e9s de premi\u00e8re ligne (R\u00e9seau 1 &#8211; Qu\u00e9bec). (2023-). <em>Universit\u00e9 de Sherbrooke<\/em><\/p>\n<p>Professeure adjointe \u2013 Module des sciences infirmi\u00e8res (2021-). <em>Universit\u00e9 du Qu\u00e9bec \u00e0 Chicoutimi<\/em><\/p>\n<p>Membre \u2013 Ordre des infirmi\u00e8res et infirmiers du Qu\u00e9bec (OIIQ). (2016-). <em>Ordre des infirmi\u00e8res et infirmiers du Qu\u00e9bec<\/em><\/p>\n<p>&nbsp;<\/p>\n","protected":false},"excerpt":{"rendered":"<p>Affiliations professionnelles Chercheuse \u2013 Centre intersectoriel de sant\u00e9 durable (CISD). (2023-). Universit\u00e9 du Qu\u00e9bec \u00e0 Chicoutimi Chercheuse \u2013 R\u00e9seau CommunAut\u00e9s Rurales et \u00c9loign\u00e9es en Sant\u00e9 (CARES). (2023-). Regroupement intersectoriel de recherche en sant\u00e9 de l\u2019Universit\u00e9 du Qu\u00e9bec Chercheuse \u2013 R\u00e9seau de recherche en interventions en sciences infirmi\u00e8res du Qu\u00e9bec (RRISIQ). (2023-). Universit\u00e9 de Montr\u00e9al Chercheuse &hellip; <a href=\"https:\/\/portfolio.uqac.ca\/emiliehudon\/affiliations-professionnelles\/\" class=\"more-link\">Continuer la lecture de <span class=\"screen-reader-text\">Affiliations professionnelles<\/span>  <span class=\"meta-nav\">&rarr;<\/span><\/a><\/p>\n","protected":false},"author":147,"featured_media":0,"parent":0,"menu_order":0,"comment_status":"closed","ping_status":"closed","template":"","meta":{"footnotes":""},"tags":[],"_links":{"self":[{"href":"https:\/\/portfolio.uqac.ca\/emiliehudon\/wp-json\/wp\/v2\/pages\/293"}],"collection":[{"href":"https:\/\/portfolio.uqac.ca\/emiliehudon\/wp-json\/wp\/v2\/pages"}],"about":[{"href":"https:\/\/portfolio.uqac.ca\/emiliehudon\/wp-json\/wp\/v2\/types\/page"}],"author":[{"embeddable":true,"href":"https:\/\/portfolio.uqac.ca\/emiliehudon\/wp-json\/wp\/v2\/users\/147"}],"replies":[{"embeddable":true,"href":"https:\/\/portfolio.uqac.ca\/emiliehudon\/wp-json\/wp\/v2\/comments?post=293"}],"version-history":[{"count":3,"href":"https:\/\/portfolio.uqac.ca\/emiliehudon\/wp-json\/wp\/v2\/pages\/293\/revisions"}],"predecessor-version":[{"id":335,"href":"https:\/\/portfolio.uqac.ca\/emiliehudon\/wp-json\/wp\/v2\/pages\/293\/revisions\/335"}],"wp:attachment":[{"href":"https:\/\/portfolio.uqac.ca\/emiliehudon\/wp-json\/wp\/v2\/media?parent=293"}],"wp:term":[{"taxonomy":"post_tag","embeddable":true,"href":"https:\/\/portfolio.uqac.ca\/emiliehudon\/wp-json\/wp\/v2\/tags?post=293"}],"curies":[{"name":"wp","href":"https:\/\/api.w.org\/{rel}","templated":true}]}}