{"id":304,"date":"2024-01-08T14:57:10","date_gmt":"2024-01-08T19:57:10","guid":{"rendered":"http:\/\/portfolio-pre.uqac.ca\/emiliehudon\/?page_id=304"},"modified":"2024-02-13T10:34:31","modified_gmt":"2024-02-13T15:34:31","slug":"encadrement-supervision","status":"publish","type":"page","link":"https:\/\/portfolio.uqac.ca\/emiliehudon\/encadrement-supervision\/","title":{"rendered":"Encadrement \/ supervision"},"content":{"rendered":"<p><strong>Sans m\u00e9moire<\/strong><\/p>\n<ul>\n<li>Initi\u00e9e-Reine Tia-Deti. (2022 &#8211; ). Universit\u00e9 du Qu\u00e9bec \u00e0 Chicoutimi.<br \/>\nTitre du projet\u00a0: <em>Harmonisation du processus d\u2019orientation du personnel de\u00a0soins en centre d\u2019h\u00e9bergement de soins de longue dur\u00e9e (CHSLD).<\/em><\/li>\n<\/ul>\n<ul>\n<li>Ann-Sophie Mimeault. (2020- ). Universit\u00e9 du Qu\u00e9bec \u00e0 Chicoutimi.<br \/>\nTitre du projet\u00a0: <em>D\u00e9pistage de la d\u00e9pression post-partum \u00e0 l\u2019unit\u00e9 n\u00e9onatale.<\/em><\/li>\n<\/ul>\n","protected":false},"excerpt":{"rendered":"<p>Sans m\u00e9moire Initi\u00e9e-Reine Tia-Deti. (2022 &#8211; ). Universit\u00e9 du Qu\u00e9bec \u00e0 Chicoutimi. Titre du projet\u00a0: Harmonisation du processus d\u2019orientation du personnel de\u00a0soins en centre d\u2019h\u00e9bergement de soins de longue dur\u00e9e (CHSLD). Ann-Sophie Mimeault. (2020- ). Universit\u00e9 du Qu\u00e9bec \u00e0 Chicoutimi. Titre du projet\u00a0: D\u00e9pistage de la d\u00e9pression post-partum \u00e0 l\u2019unit\u00e9 n\u00e9onatale.<\/p>\n","protected":false},"author":362,"featured_media":0,"parent":0,"menu_order":0,"comment_status":"closed","ping_status":"closed","template":"","meta":{"footnotes":""},"tags":[],"_links":{"self":[{"href":"https:\/\/portfolio.uqac.ca\/emiliehudon\/wp-json\/wp\/v2\/pages\/304"}],"collection":[{"href":"https:\/\/portfolio.uqac.ca\/emiliehudon\/wp-json\/wp\/v2\/pages"}],"about":[{"href":"https:\/\/portfolio.uqac.ca\/emiliehudon\/wp-json\/wp\/v2\/types\/page"}],"author":[{"embeddable":true,"href":"https:\/\/portfolio.uqac.ca\/emiliehudon\/wp-json\/wp\/v2\/users\/362"}],"replies":[{"embeddable":true,"href":"https:\/\/portfolio.uqac.ca\/emiliehudon\/wp-json\/wp\/v2\/comments?post=304"}],"version-history":[{"count":4,"href":"https:\/\/portfolio.uqac.ca\/emiliehudon\/wp-json\/wp\/v2\/pages\/304\/revisions"}],"predecessor-version":[{"id":346,"href":"https:\/\/portfolio.uqac.ca\/emiliehudon\/wp-json\/wp\/v2\/pages\/304\/revisions\/346"}],"wp:attachment":[{"href":"https:\/\/portfolio.uqac.ca\/emiliehudon\/wp-json\/wp\/v2\/media?parent=304"}],"wp:term":[{"taxonomy":"post_tag","embeddable":true,"href":"https:\/\/portfolio.uqac.ca\/emiliehudon\/wp-json\/wp\/v2\/tags?post=304"}],"curies":[{"name":"wp","href":"https:\/\/api.w.org\/{rel}","templated":true}]}}