{"id":325,"date":"2024-01-08T15:22:33","date_gmt":"2024-01-08T20:22:33","guid":{"rendered":"http:\/\/portfolio-pre.uqac.ca\/emiliehudon\/?page_id=325"},"modified":"2024-01-08T15:28:38","modified_gmt":"2024-01-08T20:28:38","slug":"autres-communications","status":"publish","type":"page","link":"https:\/\/portfolio.uqac.ca\/emiliehudon\/autres-communications\/","title":{"rendered":"Autres communications"},"content":{"rendered":"<h1><strong>Entrevue<\/strong><\/h1>\n<p><strong>Hudon, \u00c9.<\/strong> (3 ao\u00fbt 2023). Client\u00e8les vuln\u00e9rables. <em>InterS4. <\/em>Entrevue r\u00e9alis\u00e9e par Monique Bourget.<\/p>\n","protected":false},"excerpt":{"rendered":"<p>Entrevue Hudon, \u00c9. (3 ao\u00fbt 2023). Client\u00e8les vuln\u00e9rables. InterS4. Entrevue r\u00e9alis\u00e9e par Monique Bourget.<\/p>\n","protected":false},"author":362,"featured_media":0,"parent":0,"menu_order":0,"comment_status":"closed","ping_status":"closed","template":"","meta":{"footnotes":""},"tags":[],"_links":{"self":[{"href":"https:\/\/portfolio.uqac.ca\/emiliehudon\/wp-json\/wp\/v2\/pages\/325"}],"collection":[{"href":"https:\/\/portfolio.uqac.ca\/emiliehudon\/wp-json\/wp\/v2\/pages"}],"about":[{"href":"https:\/\/portfolio.uqac.ca\/emiliehudon\/wp-json\/wp\/v2\/types\/page"}],"author":[{"embeddable":true,"href":"https:\/\/portfolio.uqac.ca\/emiliehudon\/wp-json\/wp\/v2\/users\/362"}],"replies":[{"embeddable":true,"href":"https:\/\/portfolio.uqac.ca\/emiliehudon\/wp-json\/wp\/v2\/comments?post=325"}],"version-history":[{"count":4,"href":"https:\/\/portfolio.uqac.ca\/emiliehudon\/wp-json\/wp\/v2\/pages\/325\/revisions"}],"predecessor-version":[{"id":333,"href":"https:\/\/portfolio.uqac.ca\/emiliehudon\/wp-json\/wp\/v2\/pages\/325\/revisions\/333"}],"wp:attachment":[{"href":"https:\/\/portfolio.uqac.ca\/emiliehudon\/wp-json\/wp\/v2\/media?parent=325"}],"wp:term":[{"taxonomy":"post_tag","embeddable":true,"href":"https:\/\/portfolio.uqac.ca\/emiliehudon\/wp-json\/wp\/v2\/tags?post=325"}],"curies":[{"name":"wp","href":"https:\/\/api.w.org\/{rel}","templated":true}]}}