{"id":339,"date":"2024-02-13T10:29:00","date_gmt":"2024-02-13T15:29:00","guid":{"rendered":"http:\/\/portfolio-pre.uqac.ca\/emiliehudon\/?page_id=339"},"modified":"2024-02-13T10:29:32","modified_gmt":"2024-02-13T15:29:32","slug":"titres-de-competences","status":"publish","type":"page","link":"https:\/\/portfolio.uqac.ca\/emiliehudon\/titres-de-competences\/","title":{"rendered":"Titres de comp\u00e9tences"},"content":{"rendered":"<h2><strong>Titres de comp\u00e9tences<\/strong><\/h2>\n<ul>\n<li>Constat d\u2019un d\u00e9c\u00e8s \u00e0 distance. (2020). <em>Centre int\u00e9gr\u00e9 universitaire de Sant\u00e9 et de Services sociaux (CIUSSS) du Saguenay Lac-Saint-Jean (SLSJ)<\/em><\/li>\n<li>Neonatal Resuscitation Program (NRP). (2019). <em>Soci\u00e9t\u00e9 canadienne de p\u00e9diatrie<\/em><\/li>\n<li>Droit de prescrire. (2018). <em>Ordre des infirmi\u00e8res et des infirmiers du Qu\u00e9bec (OIIQ)<\/em><\/li>\n<li>Infirmi\u00e8re clinicienne. (2016). <em>Universit\u00e9 du Qu\u00e9bec \u00e0 Chicoutimi<\/em><\/li>\n<li>Kin\u00e9siologue. (2013). <em>Universit\u00e9 du Qu\u00e9bec \u00e0 Chicoutimi<\/em><\/li>\n<\/ul>\n","protected":false},"excerpt":{"rendered":"<p>Titres de comp\u00e9tences Constat d\u2019un d\u00e9c\u00e8s \u00e0 distance. (2020). Centre int\u00e9gr\u00e9 universitaire de Sant\u00e9 et de Services sociaux (CIUSSS) du Saguenay Lac-Saint-Jean (SLSJ) Neonatal Resuscitation Program (NRP). (2019). Soci\u00e9t\u00e9 canadienne de p\u00e9diatrie Droit de prescrire. (2018). Ordre des infirmi\u00e8res et des infirmiers du Qu\u00e9bec (OIIQ) Infirmi\u00e8re clinicienne. (2016). Universit\u00e9 du Qu\u00e9bec \u00e0 Chicoutimi Kin\u00e9siologue. (2013). &hellip; <a href=\"https:\/\/portfolio.uqac.ca\/emiliehudon\/titres-de-competences\/\" class=\"more-link\">Continuer la lecture de <span class=\"screen-reader-text\">Titres de comp\u00e9tences<\/span>  <span class=\"meta-nav\">&rarr;<\/span><\/a><\/p>\n","protected":false},"author":362,"featured_media":0,"parent":0,"menu_order":0,"comment_status":"closed","ping_status":"closed","template":"","meta":{"footnotes":""},"tags":[],"_links":{"self":[{"href":"https:\/\/portfolio.uqac.ca\/emiliehudon\/wp-json\/wp\/v2\/pages\/339"}],"collection":[{"href":"https:\/\/portfolio.uqac.ca\/emiliehudon\/wp-json\/wp\/v2\/pages"}],"about":[{"href":"https:\/\/portfolio.uqac.ca\/emiliehudon\/wp-json\/wp\/v2\/types\/page"}],"author":[{"embeddable":true,"href":"https:\/\/portfolio.uqac.ca\/emiliehudon\/wp-json\/wp\/v2\/users\/362"}],"replies":[{"embeddable":true,"href":"https:\/\/portfolio.uqac.ca\/emiliehudon\/wp-json\/wp\/v2\/comments?post=339"}],"version-history":[{"count":2,"href":"https:\/\/portfolio.uqac.ca\/emiliehudon\/wp-json\/wp\/v2\/pages\/339\/revisions"}],"predecessor-version":[{"id":342,"href":"https:\/\/portfolio.uqac.ca\/emiliehudon\/wp-json\/wp\/v2\/pages\/339\/revisions\/342"}],"wp:attachment":[{"href":"https:\/\/portfolio.uqac.ca\/emiliehudon\/wp-json\/wp\/v2\/media?parent=339"}],"wp:term":[{"taxonomy":"post_tag","embeddable":true,"href":"https:\/\/portfolio.uqac.ca\/emiliehudon\/wp-json\/wp\/v2\/tags?post=339"}],"curies":[{"name":"wp","href":"https:\/\/api.w.org\/{rel}","templated":true}]}}