{"id":4,"date":"2022-01-06T14:18:14","date_gmt":"2022-01-06T19:18:14","guid":{"rendered":"http:\/\/portfolio-pre.uqac.ca\/gabarit\/?page_id=4"},"modified":"2024-02-13T10:31:37","modified_gmt":"2024-02-13T15:31:37","slug":"presentatio","status":"publish","type":"page","link":"https:\/\/portfolio.uqac.ca\/emiliehudon\/","title":{"rendered":"Pr\u00e9sentation"},"content":{"rendered":"<p>Professeure au D\u00e9partement des Sciences de la sant\u00e9<br \/>\nModule des Sciences infirmi\u00e8res<\/p>\n<p>Programmation de recherche\u00a0: client\u00e8les en contextes de vuln\u00e9rabilit\u00e9<\/p>\n<h2>Champs d&#8217;int\u00e9r\u00eat<\/h2>\n<ul>\n<ul>\n<li>Suivi pr\u00e9natal<\/li>\n<li>Contextes de vuln\u00e9rabilit\u00e9<\/li>\n<li>Soins de premi\u00e8re ligne<\/li>\n<li>Femmes enceintes<\/li>\n<li>Soins infirmiers<\/li>\n<\/ul>\n<\/ul>\n","protected":false},"excerpt":{"rendered":"<p>Professeure au D\u00e9partement des Sciences de la sant\u00e9 Module des Sciences infirmi\u00e8res Programmation de recherche\u00a0: client\u00e8les en contextes de vuln\u00e9rabilit\u00e9 Champs d&#8217;int\u00e9r\u00eat Suivi pr\u00e9natal Contextes de vuln\u00e9rabilit\u00e9 Soins de premi\u00e8re ligne Femmes enceintes Soins infirmiers<\/p>\n","protected":false},"author":335,"featured_media":0,"parent":0,"menu_order":0,"comment_status":"closed","ping_status":"closed","template":"","meta":{"footnotes":""},"tags":[],"_links":{"self":[{"href":"https:\/\/portfolio.uqac.ca\/emiliehudon\/wp-json\/wp\/v2\/pages\/4"}],"collection":[{"href":"https:\/\/portfolio.uqac.ca\/emiliehudon\/wp-json\/wp\/v2\/pages"}],"about":[{"href":"https:\/\/portfolio.uqac.ca\/emiliehudon\/wp-json\/wp\/v2\/types\/page"}],"author":[{"embeddable":true,"href":"https:\/\/portfolio.uqac.ca\/emiliehudon\/wp-json\/wp\/v2\/users\/335"}],"replies":[{"embeddable":true,"href":"https:\/\/portfolio.uqac.ca\/emiliehudon\/wp-json\/wp\/v2\/comments?post=4"}],"version-history":[{"count":27,"href":"https:\/\/portfolio.uqac.ca\/emiliehudon\/wp-json\/wp\/v2\/pages\/4\/revisions"}],"predecessor-version":[{"id":344,"href":"https:\/\/portfolio.uqac.ca\/emiliehudon\/wp-json\/wp\/v2\/pages\/4\/revisions\/344"}],"wp:attachment":[{"href":"https:\/\/portfolio.uqac.ca\/emiliehudon\/wp-json\/wp\/v2\/media?parent=4"}],"wp:term":[{"taxonomy":"post_tag","embeddable":true,"href":"https:\/\/portfolio.uqac.ca\/emiliehudon\/wp-json\/wp\/v2\/tags?post=4"}],"curies":[{"name":"wp","href":"https:\/\/api.w.org\/{rel}","templated":true}]}}