{"id":20,"date":"2012-07-23T20:20:59","date_gmt":"2012-07-23T20:20:59","guid":{"rendered":"http:\/\/portfolio-pre.uqac.ca\/gabarit\/?page_id=20"},"modified":"2025-09-04T14:21:34","modified_gmt":"2025-09-04T18:21:34","slug":"publications","status":"publish","type":"page","link":"https:\/\/portfolio.uqac.ca\/ericbelanger\/publications\/","title":{"rendered":"Services \u00e0 la collectivit\u00e9"},"content":{"rendered":"<h1 style=\"text-align: justify\"><span style=\"text-decoration: underline\">\u00c0 mon d\u00e9partement (DSEA)<\/span><\/h1>\n<h4><em>Implications r\u00e9currentes (comit\u00e9s et autres)<\/em><\/h4>\n<p style=\"text-align: justify\">Membre du conseil de module pour le module des sciences comptables [2012-2023]<\/p>\n<p style=\"text-align: justify\">Membre du\u00a0comit\u00e9 social [2012 \u00e0 2016]<br \/>\n\u2666 Pr\u00e9sident (2014 \u00e0 2016)<br \/>\n\u2666 Tr\u00e9sorier et signataire des ch\u00e8ques (2014 \u00e0 2016)<\/p>\n<p style=\"text-align: justify\">Entraineur de l&#8217;\u00e9quipe de cas en fiscalit\u00e9 aux Jeux du Commerce [depuis 2012]<\/p>\n<p style=\"text-align: justify\">Entraineur de l&#8217;\u00e9quipe de cas en fiscalit\u00e9 \u00e0 l&#8217;Omnium financier [depuis 2015]<\/p>\n<h1><span style=\"text-decoration: underline\">\u00c0 l&#8217;UQAC<\/span><\/h1>\n<h4><em>Implications r\u00e9currentes (comit\u00e9s et autres)<\/em><\/h4>\n<p>Membre du comit\u00e9 des programmes de cycles sup\u00e9rieurs en sciences infirmi\u00e8res [depuis 2024]<\/p>\n<p>Membre du comit\u00e9 des espaces d&#8217;enseignement et d&#8217;apprentissage [depuis 2024]<\/p>\n<p style=\"text-align: justify\">Membre du Comit\u00e9 consultatif du Carrefour de l&#8217;enseignement et de l&#8217;apprentissage [2021-2025]<\/p>\n<p style=\"text-align: justify\">Membre du comit\u00e9 de p\u00e9dagogie universitaire (CPU) [2014-2021]<\/p>\n<p style=\"text-align: justify\">Membre du comit\u00e9 pour l&#8217;\u00e9valuation de la qualit\u00e9 de l&#8217;enseignement [2017-2025]<\/p>\n<p style=\"text-align: justify\"><span style=\"text-decoration: underline\">Syndicat des professeures et professeurs de l&#8217;UQAC<\/span><\/p>\n<ul>\n<li style=\"text-align: justify\">Membre du comit\u00e9 ex\u00e9cutif &#8211; pr\u00e9sident [depuis 2025]<\/li>\n<li style=\"text-align: justify\">Membre du comit\u00e9 des relations de travail [depuis 2021]<\/li>\n<li style=\"text-align: justify\">Membre du comit\u00e9 de griefs [depuis 2021]<\/li>\n<li style=\"text-align: justify\">Membre du comit\u00e9 de placement [depuis 2018]<\/li>\n<li style=\"text-align: justify\">Membre du conseil syndical [depuis 2017]<\/li>\n<li style=\"text-align: justify\">Membre du comit\u00e9 ex\u00e9cutif &#8211; secr\u00e9taire [2018-2021]<\/li>\n<li style=\"text-align: justify\">Membre du comit\u00e9 ex\u00e9cutif &#8211; 2\u00e8 vice-pr\u00e9sident [2021]<\/li>\n<li>Membre du comit\u00e9 ex\u00e9cutif &#8211; 1er vice-pr\u00e9sident [2022-2025]<\/li>\n<li style=\"text-align: justify\">Pr\u00e9sident du comit\u00e9 d&#8217;audit\u00a0[2018]<\/li>\n<\/ul>\n<h4><em>Participation\u00a0\u00e0 des activit\u00e9s ponctuelles<\/em><\/h4>\n<p style=\"text-align: justify\">Membre du jury d&#8217;\u00e9valuation dans le cadre de l&#8217;attribution du Prix de l&#8217;enseignement [\u00c9dition 2015]<\/p>\n<h1 style=\"text-align: justify\"><span style=\"text-decoration: underline\">\u00c0 l&#8217;externe<\/span><\/h1>\n<p style=\"text-align: justify\">Correcteur de l&#8217;\u00c9valuation finale uniforme (EFU) au centre de correction de l&#8217;Ordre des CPA, volet CA [\u00c9ditions 2014 et 2015]<\/p>\n<p style=\"text-align: justify\">Membre du conseil d&#8217;administration du regroupement r\u00e9gional des CPA du Saguenay-Lac-Saint-Jean [2015-2018]<\/p>\n","protected":false},"excerpt":{"rendered":"<p>\u00c0 mon d\u00e9partement (DSEA) Implications r\u00e9currentes (comit\u00e9s et autres) Membre du conseil de module pour le module des sciences comptables [2012-2023] Membre du\u00a0comit\u00e9 social [2012 \u00e0 2016] \u2666 Pr\u00e9sident (2014 \u00e0 2016) \u2666 Tr\u00e9sorier et signataire des ch\u00e8ques (2014 \u00e0 2016) Entraineur de l&#8217;\u00e9quipe de cas en fiscalit\u00e9 aux Jeux du Commerce [depuis 2012] Entraineur &hellip; <a href=\"https:\/\/portfolio.uqac.ca\/ericbelanger\/publications\/\" class=\"more-link\">Continuer la lecture de <span class=\"screen-reader-text\">Services \u00e0 la collectivit\u00e9<\/span>  <span class=\"meta-nav\">&rarr;<\/span><\/a><\/p>\n","protected":false},"author":191,"featured_media":0,"parent":0,"menu_order":0,"comment_status":"closed","ping_status":"closed","template":"","meta":{"footnotes":""},"tags":[],"_links":{"self":[{"href":"https:\/\/portfolio.uqac.ca\/ericbelanger\/wp-json\/wp\/v2\/pages\/20"}],"collection":[{"href":"https:\/\/portfolio.uqac.ca\/ericbelanger\/wp-json\/wp\/v2\/pages"}],"about":[{"href":"https:\/\/portfolio.uqac.ca\/ericbelanger\/wp-json\/wp\/v2\/types\/page"}],"author":[{"embeddable":true,"href":"https:\/\/portfolio.uqac.ca\/ericbelanger\/wp-json\/wp\/v2\/users\/191"}],"replies":[{"embeddable":true,"href":"https:\/\/portfolio.uqac.ca\/ericbelanger\/wp-json\/wp\/v2\/comments?post=20"}],"version-history":[{"count":59,"href":"https:\/\/portfolio.uqac.ca\/ericbelanger\/wp-json\/wp\/v2\/pages\/20\/revisions"}],"predecessor-version":[{"id":322,"href":"https:\/\/portfolio.uqac.ca\/ericbelanger\/wp-json\/wp\/v2\/pages\/20\/revisions\/322"}],"wp:attachment":[{"href":"https:\/\/portfolio.uqac.ca\/ericbelanger\/wp-json\/wp\/v2\/media?parent=20"}],"wp:term":[{"taxonomy":"post_tag","embeddable":true,"href":"https:\/\/portfolio.uqac.ca\/ericbelanger\/wp-json\/wp\/v2\/tags?post=20"}],"curies":[{"name":"wp","href":"https:\/\/api.w.org\/{rel}","templated":true}]}}