{"id":207,"date":"2014-11-14T10:07:51","date_gmt":"2014-11-14T15:07:51","guid":{"rendered":"http:\/\/portfolio-pre.uqac.ca\/ericbelanger\/?page_id=207"},"modified":"2015-03-03T15:56:27","modified_gmt":"2015-03-03T20:56:27","slug":"communications","status":"publish","type":"page","link":"https:\/\/portfolio.uqac.ca\/ericbelanger\/communications\/","title":{"rendered":"Conf\u00e9rences"},"content":{"rendered":"<ul>\n<li style=\"text-align: justify\">B\u00c9LANGER, \u00c9. (2014). \u00ab\u00a0La technique du pipeline en planification <em>post mortem<\/em>\u00a0: La position de l\u2019Agence du revenu du Canada est-elle erron\u00e9e?\u00a0\u00bb,\u00a0<a href=\"https:\/\/portfolio.uqac.ca\/ericbelanger\/files\/2014\/11\/Colloque-du-DSEA.pdf\">Colloque<\/a> organis\u00e9 par le comit\u00e9 de la recherche du d\u00e9partement des sciences \u00e9conomiques et administrative de l\u2019UQAC, Chicoutimi, Canada.<\/li>\n<\/ul>\n","protected":false},"excerpt":{"rendered":"<p>B\u00c9LANGER, \u00c9. (2014). \u00ab\u00a0La technique du pipeline en planification post mortem\u00a0: La position de l\u2019Agence du revenu du Canada est-elle erron\u00e9e?\u00a0\u00bb,\u00a0Colloque organis\u00e9 par le comit\u00e9 de la recherche du d\u00e9partement des sciences \u00e9conomiques et administrative de l\u2019UQAC, Chicoutimi, Canada.<\/p>\n","protected":false},"author":191,"featured_media":0,"parent":0,"menu_order":0,"comment_status":"closed","ping_status":"closed","template":"","meta":{"footnotes":""},"tags":[],"_links":{"self":[{"href":"https:\/\/portfolio.uqac.ca\/ericbelanger\/wp-json\/wp\/v2\/pages\/207"}],"collection":[{"href":"https:\/\/portfolio.uqac.ca\/ericbelanger\/wp-json\/wp\/v2\/pages"}],"about":[{"href":"https:\/\/portfolio.uqac.ca\/ericbelanger\/wp-json\/wp\/v2\/types\/page"}],"author":[{"embeddable":true,"href":"https:\/\/portfolio.uqac.ca\/ericbelanger\/wp-json\/wp\/v2\/users\/191"}],"replies":[{"embeddable":true,"href":"https:\/\/portfolio.uqac.ca\/ericbelanger\/wp-json\/wp\/v2\/comments?post=207"}],"version-history":[{"count":6,"href":"https:\/\/portfolio.uqac.ca\/ericbelanger\/wp-json\/wp\/v2\/pages\/207\/revisions"}],"predecessor-version":[{"id":228,"href":"https:\/\/portfolio.uqac.ca\/ericbelanger\/wp-json\/wp\/v2\/pages\/207\/revisions\/228"}],"wp:attachment":[{"href":"https:\/\/portfolio.uqac.ca\/ericbelanger\/wp-json\/wp\/v2\/media?parent=207"}],"wp:term":[{"taxonomy":"post_tag","embeddable":true,"href":"https:\/\/portfolio.uqac.ca\/ericbelanger\/wp-json\/wp\/v2\/tags?post=207"}],"curies":[{"name":"wp","href":"https:\/\/api.w.org\/{rel}","templated":true}]}}