{"id":27,"date":"2012-07-24T12:57:18","date_gmt":"2012-07-24T12:57:18","guid":{"rendered":"http:\/\/portfolio-pre.uqac.ca\/gabarit\/?page_id=27"},"modified":"2015-03-03T16:35:03","modified_gmt":"2015-03-03T21:35:03","slug":"curriculum-vitae","status":"publish","type":"page","link":"https:\/\/portfolio.uqac.ca\/ericbelanger\/curriculum-vitae\/","title":{"rendered":"Curriculum vitae"},"content":{"rendered":"<h4><\/h4>\n<h4>Formation acad\u00e9mique<\/h4>\n<p style=\"text-align: justify\">Ma\u00eetrise en fiscalit\u00e9, Universit\u00e9 de Sherbrooke, 2012 (M. Fisc.)<\/p>\n<p style=\"text-align: justify\">Ma\u00eetrise en administration des affaires, Universit\u00e9 du Qu\u00e9bec \u00e0 Trois-Rivi\u00e8res, 2009 (M.B.A.)<\/p>\n<p style=\"text-align: justify\">Baccalaur\u00e9at en sciences comptables, Universit\u00e9 du Qu\u00e9bec \u00e0 Trois-Rivi\u00e8res, 2008 (B.A.A.)<\/p>\n<h4 style=\"text-align: justify\">Association professionnelle<\/h4>\n<p style=\"text-align: justify\"><em>Membre de l&#8217;Ordre des Comptables Professionnels Agr\u00e9\u00e9s du Qu\u00e9bec (CPA, CA)<\/em><\/p>\n<h4>Exp\u00e9rience professionnelle<\/h4>\n<p style=\"text-align: justify\"><strong>Universit\u00e9 du Qu\u00e9bec \u00e0 Chicoutimi<\/strong> (depuis 2012)<br \/>\n\u2666 Professeur de fiscalit\u00e9<\/p>\n<p style=\"text-align: justify\"><strong>Samson B\u00e9lair\/Deloitte &amp; Touche s.e.n.c.r.l.<\/strong> (2007 \u00e0 2012)<br \/>\n\u2666 Analyste principal | Fiscalit\u00e9 | Services aux soci\u00e9t\u00e9s priv\u00e9es<br \/>\n\u2666 Adjoint v\u00e9rificateur | Certification et service-conseils<\/p>\n<p style=\"text-align: justify\"><strong>Universit\u00e9 du Qu\u00e9bec \u00e0 Trois-Rivi\u00e8res<\/strong> (2007)<br \/>\n\u2666 Correcteur\u00a0au d\u00e9partement des sciences comptables<\/p>\n<p>&nbsp;<\/p>\n","protected":false},"excerpt":{"rendered":"<p>Formation acad\u00e9mique Ma\u00eetrise en fiscalit\u00e9, Universit\u00e9 de Sherbrooke, 2012 (M. Fisc.) Ma\u00eetrise en administration des affaires, Universit\u00e9 du Qu\u00e9bec \u00e0 Trois-Rivi\u00e8res, 2009 (M.B.A.) Baccalaur\u00e9at en sciences comptables, Universit\u00e9 du Qu\u00e9bec \u00e0 Trois-Rivi\u00e8res, 2008 (B.A.A.) Association professionnelle Membre de l&#8217;Ordre des Comptables Professionnels Agr\u00e9\u00e9s du Qu\u00e9bec (CPA, CA) Exp\u00e9rience professionnelle Universit\u00e9 du Qu\u00e9bec \u00e0 Chicoutimi (depuis &hellip; <a href=\"https:\/\/portfolio.uqac.ca\/ericbelanger\/curriculum-vitae\/\" class=\"more-link\">Continuer la lecture de <span class=\"screen-reader-text\">Curriculum vitae<\/span>  <span class=\"meta-nav\">&rarr;<\/span><\/a><\/p>\n","protected":false},"author":191,"featured_media":0,"parent":0,"menu_order":0,"comment_status":"closed","ping_status":"closed","template":"","meta":{"footnotes":""},"tags":[],"_links":{"self":[{"href":"https:\/\/portfolio.uqac.ca\/ericbelanger\/wp-json\/wp\/v2\/pages\/27"}],"collection":[{"href":"https:\/\/portfolio.uqac.ca\/ericbelanger\/wp-json\/wp\/v2\/pages"}],"about":[{"href":"https:\/\/portfolio.uqac.ca\/ericbelanger\/wp-json\/wp\/v2\/types\/page"}],"author":[{"embeddable":true,"href":"https:\/\/portfolio.uqac.ca\/ericbelanger\/wp-json\/wp\/v2\/users\/191"}],"replies":[{"embeddable":true,"href":"https:\/\/portfolio.uqac.ca\/ericbelanger\/wp-json\/wp\/v2\/comments?post=27"}],"version-history":[{"count":18,"href":"https:\/\/portfolio.uqac.ca\/ericbelanger\/wp-json\/wp\/v2\/pages\/27\/revisions"}],"predecessor-version":[{"id":235,"href":"https:\/\/portfolio.uqac.ca\/ericbelanger\/wp-json\/wp\/v2\/pages\/27\/revisions\/235"}],"wp:attachment":[{"href":"https:\/\/portfolio.uqac.ca\/ericbelanger\/wp-json\/wp\/v2\/media?parent=27"}],"wp:term":[{"taxonomy":"post_tag","embeddable":true,"href":"https:\/\/portfolio.uqac.ca\/ericbelanger\/wp-json\/wp\/v2\/tags?post=27"}],"curies":[{"name":"wp","href":"https:\/\/api.w.org\/{rel}","templated":true}]}}