{"id":27,"date":"2012-07-24T12:57:18","date_gmt":"2012-07-24T12:57:18","guid":{"rendered":"http:\/\/portfolio-pre.uqac.ca\/gabarit\/?page_id=27"},"modified":"2021-03-18T12:08:54","modified_gmt":"2021-03-18T16:08:54","slug":"curriculum-vitae","status":"publish","type":"page","link":"https:\/\/portfolio.uqac.ca\/ericjean\/curriculum-vitae\/","title":{"rendered":"Curriculum vitae"},"content":{"rendered":"<h2><strong>Dipl\u00f4mes<\/strong><\/h2>\n<p>Doctorat en psychologie, profil recherche, UQTR.<\/p>\n<p>Maitrise en administration des affaires, Universit\u00e9 Laval.<\/p>\n<p>Baccalaur\u00e9at en relations industrielles, Universit\u00e9 Laval.<\/p>\n<h2><strong>Certifications<\/strong><\/h2>\n<p>Lego<sup>\u00ae<\/sup> Serious Play<sup>\u00ae\u00a0<\/sup>Facilitator, Association of Master Trainers, Vancouver.<\/p>\n<p>Approche par comp\u00e9tences, outils psychom\u00e9triques TRIMA<sup>\u00ae<\/sup>, Montr\u00e9al.<\/p>\n<p>Utilisation professionnelle de l&#8217;indicateur des types psychologiques Myers-Briggs\u00ae, Montr\u00e9al.<\/p>\n<h2><strong> Affiliations professionnelles<\/strong><\/h2>\n<p>Conseiller en ressources humaines agr\u00e9\u00e9 (CRIA).<\/p>\n","protected":false},"excerpt":{"rendered":"<p>Dipl\u00f4mes Doctorat en psychologie, profil recherche, UQTR. Maitrise en administration des affaires, Universit\u00e9 Laval. Baccalaur\u00e9at en relations industrielles, Universit\u00e9 Laval. Certifications Lego\u00ae Serious Play\u00ae\u00a0Facilitator, Association of Master Trainers, Vancouver. Approche par comp\u00e9tences, outils psychom\u00e9triques TRIMA\u00ae, Montr\u00e9al. Utilisation professionnelle de l&#8217;indicateur des types psychologiques Myers-Briggs\u00ae, Montr\u00e9al. Affiliations professionnelles Conseiller en ressources humaines agr\u00e9\u00e9 (CRIA).<\/p>\n","protected":false},"author":128,"featured_media":0,"parent":0,"menu_order":0,"comment_status":"closed","ping_status":"closed","template":"","meta":{"footnotes":""},"tags":[],"_links":{"self":[{"href":"https:\/\/portfolio.uqac.ca\/ericjean\/wp-json\/wp\/v2\/pages\/27"}],"collection":[{"href":"https:\/\/portfolio.uqac.ca\/ericjean\/wp-json\/wp\/v2\/pages"}],"about":[{"href":"https:\/\/portfolio.uqac.ca\/ericjean\/wp-json\/wp\/v2\/types\/page"}],"author":[{"embeddable":true,"href":"https:\/\/portfolio.uqac.ca\/ericjean\/wp-json\/wp\/v2\/users\/128"}],"replies":[{"embeddable":true,"href":"https:\/\/portfolio.uqac.ca\/ericjean\/wp-json\/wp\/v2\/comments?post=27"}],"version-history":[{"count":14,"href":"https:\/\/portfolio.uqac.ca\/ericjean\/wp-json\/wp\/v2\/pages\/27\/revisions"}],"predecessor-version":[{"id":188,"href":"https:\/\/portfolio.uqac.ca\/ericjean\/wp-json\/wp\/v2\/pages\/27\/revisions\/188"}],"wp:attachment":[{"href":"https:\/\/portfolio.uqac.ca\/ericjean\/wp-json\/wp\/v2\/media?parent=27"}],"wp:term":[{"taxonomy":"post_tag","embeddable":true,"href":"https:\/\/portfolio.uqac.ca\/ericjean\/wp-json\/wp\/v2\/tags?post=27"}],"curies":[{"name":"wp","href":"https:\/\/api.w.org\/{rel}","templated":true}]}}