{"id":18,"date":"2012-07-23T20:05:15","date_gmt":"2012-07-23T20:05:15","guid":{"rendered":"http:\/\/portfolio-pre.uqac.ca\/gabarit\/?page_id=18"},"modified":"2020-09-01T14:27:06","modified_gmt":"2020-09-01T18:27:06","slug":"enseignement","status":"publish","type":"page","link":"https:\/\/portfolio.uqac.ca\/ericpilote\/enseignement\/","title":{"rendered":"Enseignement"},"content":{"rendered":"<p><strong>Baccalaur\u00e9at :<\/strong><\/p>\n<ul>\n<li>4SVS228 Intervention aupr\u00e8s des individus en travail social<\/li>\n<li>4SVS225 Intervention aupr\u00e8s des groupes en travail social<\/li>\n<li>4SVS216 D\u00e9veloppement humain et environnement social<\/li>\n<li>4SVS229 Intervention aupr\u00e8s des familles en travail social<\/li>\n<li>4SVS204 \u00c9thique et d\u00e9ontologie en travail social<\/li>\n<li>4SVS313 Stage 1<\/li>\n<li>4SVS313 Stage 2<\/li>\n<\/ul>\n<p>&nbsp;<\/p>\n<p><strong>Ma\u00eetrise:<\/strong><\/p>\n<ul>\n<li>TSO6001 Travail social, pr\u00e9vention sociale et promotion des r\u00e9seaux sociaux<\/li>\n<li>TSO6063 Vuln\u00e9rabilit\u00e9s de la vie adulte et intervention psychosociale en r\u00e9seaux<\/li>\n<li>TSO6053 Exercice professionnel, interdisciplinarit\u00e9 et cadre organisationnel<\/li>\n<\/ul>\n<p>&nbsp;<\/p>\n","protected":false},"excerpt":{"rendered":"<p>Baccalaur\u00e9at : 4SVS228 Intervention aupr\u00e8s des individus en travail social 4SVS225 Intervention aupr\u00e8s des groupes en travail social 4SVS216 D\u00e9veloppement humain et environnement social 4SVS229 Intervention aupr\u00e8s des familles en travail social 4SVS204 \u00c9thique et d\u00e9ontologie en travail social 4SVS313 Stage 1 4SVS313 Stage 2 &nbsp; Ma\u00eetrise: TSO6001 Travail social, pr\u00e9vention sociale et promotion des &hellip; <a href=\"https:\/\/portfolio.uqac.ca\/ericpilote\/enseignement\/\" class=\"more-link\">Continuer la lecture de <span class=\"screen-reader-text\">Enseignement<\/span>  <span class=\"meta-nav\">&rarr;<\/span><\/a><\/p>\n","protected":false},"author":285,"featured_media":0,"parent":0,"menu_order":0,"comment_status":"closed","ping_status":"closed","template":"","meta":{"footnotes":""},"tags":[],"_links":{"self":[{"href":"https:\/\/portfolio.uqac.ca\/ericpilote\/wp-json\/wp\/v2\/pages\/18"}],"collection":[{"href":"https:\/\/portfolio.uqac.ca\/ericpilote\/wp-json\/wp\/v2\/pages"}],"about":[{"href":"https:\/\/portfolio.uqac.ca\/ericpilote\/wp-json\/wp\/v2\/types\/page"}],"author":[{"embeddable":true,"href":"https:\/\/portfolio.uqac.ca\/ericpilote\/wp-json\/wp\/v2\/users\/285"}],"replies":[{"embeddable":true,"href":"https:\/\/portfolio.uqac.ca\/ericpilote\/wp-json\/wp\/v2\/comments?post=18"}],"version-history":[{"count":6,"href":"https:\/\/portfolio.uqac.ca\/ericpilote\/wp-json\/wp\/v2\/pages\/18\/revisions"}],"predecessor-version":[{"id":130,"href":"https:\/\/portfolio.uqac.ca\/ericpilote\/wp-json\/wp\/v2\/pages\/18\/revisions\/130"}],"wp:attachment":[{"href":"https:\/\/portfolio.uqac.ca\/ericpilote\/wp-json\/wp\/v2\/media?parent=18"}],"wp:term":[{"taxonomy":"post_tag","embeddable":true,"href":"https:\/\/portfolio.uqac.ca\/ericpilote\/wp-json\/wp\/v2\/tags?post=18"}],"curies":[{"name":"wp","href":"https:\/\/api.w.org\/{rel}","templated":true}]}}