{"id":20,"date":"2012-07-23T20:20:59","date_gmt":"2012-07-23T20:20:59","guid":{"rendered":"http:\/\/portfolio-pre.uqac.ca\/gabarit\/?page_id=20"},"modified":"2020-09-01T14:32:15","modified_gmt":"2020-09-01T18:32:15","slug":"publications","status":"publish","type":"page","link":"https:\/\/portfolio.uqac.ca\/ericpilote\/publications\/","title":{"rendered":"Publications"},"content":{"rendered":"<h2><strong>Articles\u00a0<\/strong><\/h2>\n<ul>\n<li>Pilote, \u00c9.\u00a0 et Thivierge, J. (2020). &#8221; L&#8217;art de recevoir chez les b\u00e9n\u00e9voles en soins palliatifs&#8221;, Les Cahiers francophones de soins palliatifs&#8221;, Vol. 20, p. 41-52.<\/li>\n<\/ul>\n<ul>\n<li>Pilote, \u00c9. (2010). \u00ab\u00a0Les enjeux \u00e9thiques et psychosociaux de la r\u00e9ception de l\u2019aide dans le mouvement associatif des Alcooliques anonymes\u00a0\u00bb, <em>Revue du Mauss<\/em>, no 35, p.611-627.<\/li>\n<\/ul>\n<ul>\n<li>Bizot, D., Maltais, D., Pilote, E., &amp; Savard, S. (2010). <em>\u00ab\u00a0\u00c9valuation d\u2019un programme de promotion de la sant\u00e9 mentale d\u2019hommes en situation de vuln\u00e9rabilit\u00e9 psychosociale\u00a0\u00bb.<\/em> Rapport d\u2019\u00e9valuation soumis au Minist\u00e8re de la Sant\u00e9 et des Services sociaux du Qu\u00e9bec.<\/li>\n<\/ul>\n<ul>\n<li>Bizot, D., Maltais, D., Pilote, E., &amp; Savard, S. (2010). <em>\u00ab\u00a0Inventaire r\u00e9gional des ressources sanitaires et sociales destin\u00e9es \u00e0 la client\u00e8le masculine au Saguenay-Lac-Saint-Jean\u00a0\u00bb<\/em>. Rapport de recherche soumis \u00e0 l\u2019Agence de la sant\u00e9 et des services sociaux du Saguenay-Lac-Saint-Jean.<\/li>\n<\/ul>\n<ul>\n<li>Pilote, \u00c9. (2009). <em>\u00abLes enjeux \u00e9thiques et psychosociaux de la r\u00e9ception de l\u2019aide en soins palliatifs\u00bb, <\/em>Congr\u00e8s de la Soci\u00e9t\u00e9 fran\u00e7aise d\u2019accompagnement et de soins palliatifs : \u00ab Soins palliatifs, m\u00e9decine et soci\u00e9t\u00e9 : Acquis et d\u00e9fis \u00bb Paris La D\u00e9fense.<\/li>\n<\/ul>\n<ul>\n<li>Pilote, \u00c9. (2008). \u00ab\u00a0Le processus de la r\u00e9ception de l\u2019aide chez les Alcooliques anonymes\u00a0\u00bb,<em>Intervention<\/em>, no 128, p. 129-138.<\/li>\n<\/ul>\n","protected":false},"excerpt":{"rendered":"<p>Articles\u00a0 Pilote, \u00c9.\u00a0 et Thivierge, J. (2020). &#8221; L&#8217;art de recevoir chez les b\u00e9n\u00e9voles en soins palliatifs&#8221;, Les Cahiers francophones de soins palliatifs&#8221;, Vol. 20, p. 41-52. Pilote, \u00c9. (2010). \u00ab\u00a0Les enjeux \u00e9thiques et psychosociaux de la r\u00e9ception de l\u2019aide dans le mouvement associatif des Alcooliques anonymes\u00a0\u00bb, Revue du Mauss, no 35, p.611-627. Bizot, D., &hellip; <a href=\"https:\/\/portfolio.uqac.ca\/ericpilote\/publications\/\" class=\"more-link\">Continuer la lecture de <span class=\"screen-reader-text\">Publications<\/span>  <span class=\"meta-nav\">&rarr;<\/span><\/a><\/p>\n","protected":false},"author":285,"featured_media":0,"parent":0,"menu_order":0,"comment_status":"closed","ping_status":"closed","template":"","meta":{"footnotes":""},"tags":[],"_links":{"self":[{"href":"https:\/\/portfolio.uqac.ca\/ericpilote\/wp-json\/wp\/v2\/pages\/20"}],"collection":[{"href":"https:\/\/portfolio.uqac.ca\/ericpilote\/wp-json\/wp\/v2\/pages"}],"about":[{"href":"https:\/\/portfolio.uqac.ca\/ericpilote\/wp-json\/wp\/v2\/types\/page"}],"author":[{"embeddable":true,"href":"https:\/\/portfolio.uqac.ca\/ericpilote\/wp-json\/wp\/v2\/users\/285"}],"replies":[{"embeddable":true,"href":"https:\/\/portfolio.uqac.ca\/ericpilote\/wp-json\/wp\/v2\/comments?post=20"}],"version-history":[{"count":14,"href":"https:\/\/portfolio.uqac.ca\/ericpilote\/wp-json\/wp\/v2\/pages\/20\/revisions"}],"predecessor-version":[{"id":131,"href":"https:\/\/portfolio.uqac.ca\/ericpilote\/wp-json\/wp\/v2\/pages\/20\/revisions\/131"}],"wp:attachment":[{"href":"https:\/\/portfolio.uqac.ca\/ericpilote\/wp-json\/wp\/v2\/media?parent=20"}],"wp:term":[{"taxonomy":"post_tag","embeddable":true,"href":"https:\/\/portfolio.uqac.ca\/ericpilote\/wp-json\/wp\/v2\/tags?post=20"}],"curies":[{"name":"wp","href":"https:\/\/api.w.org\/{rel}","templated":true}]}}