{"id":25,"date":"2012-07-24T12:43:40","date_gmt":"2012-07-24T12:43:40","guid":{"rendered":"http:\/\/portfolio-pre.uqac.ca\/gabarit\/?page_id=25"},"modified":"2019-12-20T09:52:32","modified_gmt":"2019-12-20T14:52:32","slug":"communications","status":"publish","type":"page","link":"https:\/\/portfolio.uqac.ca\/ericpilote\/communications\/","title":{"rendered":"Communications"},"content":{"rendered":"<p>Pilote, \u00c9 (2004). \u00ab La reconnaissance interpersonnelle dans l\u2019intervention : un enjeu \u00e9thique et social \u00bb, 4e conf\u00e9rence internationale du service social, sant\u00e9 et sant\u00e9 mentale, Qu\u00e9bec.<\/p>\n<p>Pilote, \u00c9. (2005). \u00ab La logique de la r\u00e9ception de l\u2019aide chez les Alcooliques anonymes \u00bb, Colloque international des formateurs en travail social, Caen, France.<\/p>\n<p>Pilote, \u00c9. (2007). \u00ab Recevoir de l\u2019aide : la mise en jeu de l\u2019identit\u00e9 \u00bb, Colloque international des formateurs en travail social, Namur, Belgique.<\/p>\n<p>Pilote, \u00c9. (2009). \u00abLes enjeux \u00e9thiques et psychosociaux de la r\u00e9ception de l\u2019aide en soins palliatifs\u00bb, Congr\u00e8s de la Soci\u00e9t\u00e9 fran\u00e7aise d\u2019accompagnement et de soins palliatifs : \u00ab Soins palliatifs, m\u00e9decine et soci\u00e9t\u00e9 : Acquis et d\u00e9fis \u00bb Paris La D\u00e9fense.<\/p>\n<p>Pilote, \u00c9. (2009). \u00ab Les enjeux \u00e9thiques et psychosociaux de la r\u00e9ception de l\u2019aide dans le mouvement associatif des Alcooliques anonymes \u00bb, Colloque : \u00ab Coop\u00e9ration et engagement professionnel dans le secteur associatif social et m\u00e9dico\u2013social \u00e0 la lumi\u00e8re des pratiques d\u2019acteurs \u00bb, Nice, France.<\/p>\n<p>Pilote, \u00c9. (2010). \u00ab L\u2019\u00e9nigme de l\u2019entraide dans une soci\u00e9t\u00e9 individualiste et marchande \u00bb, Conf\u00e9rence d\u2019ouverture au colloque provincial sur les groupes d\u2019entraide, Montr\u00e9al<\/p>\n<p>Pilote, \u00c9. (2011). \u00ab La douleur et le don \u00bb, Colloque r\u00e9gional pour les sciences infirmi\u00e8res, UQAC.<\/p>\n<p>Pilote, \u00c9. (2019). \u00ab\u00a0 Le don de soi: r\u00e9flexion et rep\u00e8res pour les proches-aidants \u00bb, Conf\u00e9rence au colloque r\u00e9gional pour les proches-aidants, Saguenay.<\/p>\n<p>&nbsp;<\/p>\n","protected":false},"excerpt":{"rendered":"<p>Pilote, \u00c9 (2004). \u00ab La reconnaissance interpersonnelle dans l\u2019intervention : un enjeu \u00e9thique et social \u00bb, 4e conf\u00e9rence internationale du service social, sant\u00e9 et sant\u00e9 mentale, Qu\u00e9bec. Pilote, \u00c9. (2005). \u00ab La logique de la r\u00e9ception de l\u2019aide chez les Alcooliques anonymes \u00bb, Colloque international des formateurs en travail social, Caen, France. Pilote, \u00c9. (2007). &hellip; <a href=\"https:\/\/portfolio.uqac.ca\/ericpilote\/communications\/\" class=\"more-link\">Continuer la lecture de <span class=\"screen-reader-text\">Communications<\/span>  <span class=\"meta-nav\">&rarr;<\/span><\/a><\/p>\n","protected":false},"author":285,"featured_media":0,"parent":0,"menu_order":0,"comment_status":"closed","ping_status":"closed","template":"","meta":{"footnotes":""},"tags":[],"_links":{"self":[{"href":"https:\/\/portfolio.uqac.ca\/ericpilote\/wp-json\/wp\/v2\/pages\/25"}],"collection":[{"href":"https:\/\/portfolio.uqac.ca\/ericpilote\/wp-json\/wp\/v2\/pages"}],"about":[{"href":"https:\/\/portfolio.uqac.ca\/ericpilote\/wp-json\/wp\/v2\/types\/page"}],"author":[{"embeddable":true,"href":"https:\/\/portfolio.uqac.ca\/ericpilote\/wp-json\/wp\/v2\/users\/285"}],"replies":[{"embeddable":true,"href":"https:\/\/portfolio.uqac.ca\/ericpilote\/wp-json\/wp\/v2\/comments?post=25"}],"version-history":[{"count":9,"href":"https:\/\/portfolio.uqac.ca\/ericpilote\/wp-json\/wp\/v2\/pages\/25\/revisions"}],"predecessor-version":[{"id":114,"href":"https:\/\/portfolio.uqac.ca\/ericpilote\/wp-json\/wp\/v2\/pages\/25\/revisions\/114"}],"wp:attachment":[{"href":"https:\/\/portfolio.uqac.ca\/ericpilote\/wp-json\/wp\/v2\/media?parent=25"}],"wp:term":[{"taxonomy":"post_tag","embeddable":true,"href":"https:\/\/portfolio.uqac.ca\/ericpilote\/wp-json\/wp\/v2\/tags?post=25"}],"curies":[{"name":"wp","href":"https:\/\/api.w.org\/{rel}","templated":true}]}}