{"id":27,"date":"2012-07-24T12:57:18","date_gmt":"2012-07-24T12:57:18","guid":{"rendered":"http:\/\/portfolio-pre.uqac.ca\/gabarit\/?page_id=27"},"modified":"2020-09-01T15:01:55","modified_gmt":"2020-09-01T19:01:55","slug":"curriculum-vitae","status":"publish","type":"page","link":"https:\/\/portfolio.uqac.ca\/ericpilote\/curriculum-vitae\/","title":{"rendered":"Curriculum vitae"},"content":{"rendered":"<h2><strong>Dipl\u00f4mes<\/strong><\/h2>\n<ul>\n<li><strong>Doctorat en th\u00e9ologie pratique<\/strong>\n<ul>\n<li>Universit\u00e9 de Montr\u00e9al<\/li>\n<\/ul>\n<\/li>\n<\/ul>\n<ul>\n<li><strong>Ma\u00eetrise en service social<\/strong>\n<ul>\n<li>Universit\u00e9 Laval<\/li>\n<\/ul>\n<\/li>\n<\/ul>\n<ul>\n<li><strong>Ma\u00eetrise en counseling<\/strong>\n<ul>\n<li>Universit\u00e9 d&#8217; Ottawa<\/li>\n<\/ul>\n<\/li>\n<\/ul>\n<h2><strong><br \/>\nDistinctions et bourses<\/strong><\/h2>\n<ul>\n<li><strong>Prix du 125e anniversaire de la facult\u00e9 de th\u00e9ologie et des sciences religieuses (2007)<\/strong>\n<ul>\n<li>Excellence de la th\u00e8se de doctorat<\/li>\n<li>Universit\u00e9 de Montr\u00e9al<\/li>\n<\/ul>\n<\/li>\n<\/ul>\n<ul>\n<li><strong>Prix du Consortium r\u00e9gional de recherche en \u00e9ducation (2006)\u00a0\u00a0<\/strong>\n<ul>\n<li>M\u00e9rite Scientifique r\u00e9gional<\/li>\n<li>Saguenay-Lac-Saint-Jean<strong><br \/>\n<\/strong><\/li>\n<\/ul>\n<\/li>\n<\/ul>\n<h2><strong> Affiliations professionnelles<\/strong><\/h2>\n<ul>\n<li>Membre de l\u2019Ordre des travailleurs sociaux et th\u00e9rapeutes conjugaux et familiaux du Qu\u00e9bec (OPTSTCFQ)<\/li>\n<\/ul>\n<h2>Services \u00e0 la collectivit\u00e9<\/h2>\n<p>&nbsp;<\/p>\n<ul>\n<li><strong>Repr\u00e9sentant de l&#8217;OPTSTCFQ au sein du comit\u00e9 d\u2019enqu\u00eate \u00e0 l\u2019\u00e9thique et la d\u00e9ontologie<\/strong><br \/>\nOrdre professionnel des travailleurs sociaux et th\u00e9rapeutes conjugaux et familiaux du Qu\u00e9bec<\/li>\n<\/ul>\n<ul>\n<li><strong>Membre du groupe de travail interuniversitaire sur l&#8217;\u00c9valuation du fonctionnement social <\/strong>Ordre professionnel des travailleurs sociaux et th\u00e9rapeutes conjugaux et familiaux du Qu\u00e9bec<\/li>\n<\/ul>\n<ul>\n<li><strong>Coresponsable du comit\u00e9 institutionnel contre le harc\u00e8lement et la violence\u00a0<\/strong><br \/>\n<blockquote><p>Universit\u00e9 du Qu\u00e9bec \u00e0 Chicoutimi<\/p><\/blockquote>\n<\/li>\n<\/ul>\n<ul>\n<li><strong>Membre du comit\u00e9 pour les services de sant\u00e9 et services sociaux de langue anglaise\u00a0<\/strong><br \/>\n<blockquote><p><em>CIUSS du Saguenay-Lac-Saint-Jean<\/em><\/p><\/blockquote>\n<\/li>\n<\/ul>\n<ul>\n<li><strong>Membre du comit\u00e9 d&#8217;\u00e9thique de la recherche\u00a0<\/strong><br \/>\n<blockquote><p><em>C\u00c9GEP de Jonqui\u00e8re<\/em><\/p><\/blockquote>\n<\/li>\n<\/ul>\n<ul>\n<li><strong>Membre du Conseil d&#8217;administration\u00a0<\/strong><br \/>\n<blockquote><p><em>Service budg\u00e9taire populaire de Chicoutimi-nord<\/em><\/p><\/blockquote>\n<\/li>\n<\/ul>\n<ul>\n<li><strong>Membre du comit\u00e9 de la clinique universitaire en travail social\u00a0<\/strong><br \/>\n<blockquote><p><em>Universit\u00e9 du Qu\u00e9bec \u00e0 Chicoutimi<\/em><\/p><\/blockquote>\n<\/li>\n<\/ul>\n<p><strong><br \/>\n<\/strong><\/p>\n<p><strong>\u00a0<\/strong><\/p>\n","protected":false},"excerpt":{"rendered":"<p>Dipl\u00f4mes Doctorat en th\u00e9ologie pratique Universit\u00e9 de Montr\u00e9al Ma\u00eetrise en service social Universit\u00e9 Laval Ma\u00eetrise en counseling Universit\u00e9 d&#8217; Ottawa Distinctions et bourses Prix du 125e anniversaire de la facult\u00e9 de th\u00e9ologie et des sciences religieuses (2007) Excellence de la th\u00e8se de doctorat Universit\u00e9 de Montr\u00e9al Prix du Consortium r\u00e9gional de recherche en \u00e9ducation (2006)\u00a0\u00a0 &hellip; <a href=\"https:\/\/portfolio.uqac.ca\/ericpilote\/curriculum-vitae\/\" class=\"more-link\">Continuer la lecture de <span class=\"screen-reader-text\">Curriculum vitae<\/span>  <span class=\"meta-nav\">&rarr;<\/span><\/a><\/p>\n","protected":false},"author":285,"featured_media":0,"parent":0,"menu_order":0,"comment_status":"closed","ping_status":"closed","template":"","meta":{"footnotes":""},"tags":[],"_links":{"self":[{"href":"https:\/\/portfolio.uqac.ca\/ericpilote\/wp-json\/wp\/v2\/pages\/27"}],"collection":[{"href":"https:\/\/portfolio.uqac.ca\/ericpilote\/wp-json\/wp\/v2\/pages"}],"about":[{"href":"https:\/\/portfolio.uqac.ca\/ericpilote\/wp-json\/wp\/v2\/types\/page"}],"author":[{"embeddable":true,"href":"https:\/\/portfolio.uqac.ca\/ericpilote\/wp-json\/wp\/v2\/users\/285"}],"replies":[{"embeddable":true,"href":"https:\/\/portfolio.uqac.ca\/ericpilote\/wp-json\/wp\/v2\/comments?post=27"}],"version-history":[{"count":17,"href":"https:\/\/portfolio.uqac.ca\/ericpilote\/wp-json\/wp\/v2\/pages\/27\/revisions"}],"predecessor-version":[{"id":135,"href":"https:\/\/portfolio.uqac.ca\/ericpilote\/wp-json\/wp\/v2\/pages\/27\/revisions\/135"}],"wp:attachment":[{"href":"https:\/\/portfolio.uqac.ca\/ericpilote\/wp-json\/wp\/v2\/media?parent=27"}],"wp:term":[{"taxonomy":"post_tag","embeddable":true,"href":"https:\/\/portfolio.uqac.ca\/ericpilote\/wp-json\/wp\/v2\/tags?post=27"}],"curies":[{"name":"wp","href":"https:\/\/api.w.org\/{rel}","templated":true}]}}