{"id":4,"date":"2012-07-23T17:46:31","date_gmt":"2012-07-23T17:46:31","guid":{"rendered":"http:\/\/portfolio-pre.uqac.ca\/gabarit\/?page_id=4"},"modified":"2020-09-01T14:24:01","modified_gmt":"2020-09-01T18:24:01","slug":"presentatio","status":"publish","type":"page","link":"https:\/\/portfolio.uqac.ca\/ericpilote\/","title":{"rendered":"Pr\u00e9sentation"},"content":{"rendered":"<h2>\u00c9ric Pilote<\/h2>\n<ul>\n<li>Professeur en travail social (2004 \u00e0 aujourd&#8217;hui )<\/li>\n<li>Vice-recteur enseignement recherche et cr\u00e9ation par int\u00e9rim (2017)<\/li>\n<li>Doyen des affaires professorales (2012-2017)<\/li>\n<li>Directeur de l\u2019Unit\u00e9 d\u2019enseignement en travail social (2009-2011)<\/li>\n<\/ul>\n<h2>Champs d&#8217;int\u00e9r\u00eat<\/h2>\n<ul>\n<li>La sant\u00e9 des hommes<\/li>\n<li>Le don et l\u2019entraide<\/li>\n<li>L\u2019intervention aupr\u00e8s des individus, couples, familles et groupes<\/li>\n<li>L\u2019\u00e9thique et la spiritualit\u00e9 en travail social<\/li>\n<li>La difficult\u00e9 de demander et de recevoir de l\u2019aide<\/li>\n<li>Les soins palliatifs<\/li>\n<\/ul>\n","protected":false},"excerpt":{"rendered":"<p>\u00c9ric Pilote Professeur en travail social (2004 \u00e0 aujourd&#8217;hui ) Vice-recteur enseignement recherche et cr\u00e9ation par int\u00e9rim (2017) Doyen des affaires professorales (2012-2017) Directeur de l\u2019Unit\u00e9 d\u2019enseignement en travail social (2009-2011) Champs d&#8217;int\u00e9r\u00eat La sant\u00e9 des hommes Le don et l\u2019entraide L\u2019intervention aupr\u00e8s des individus, couples, familles et groupes L\u2019\u00e9thique et la spiritualit\u00e9 en travail &hellip; <a href=\"https:\/\/portfolio.uqac.ca\/ericpilote\/\" class=\"more-link\">Continuer la lecture de <span class=\"screen-reader-text\">Pr\u00e9sentation<\/span>  <span class=\"meta-nav\">&rarr;<\/span><\/a><\/p>\n","protected":false},"author":285,"featured_media":0,"parent":0,"menu_order":0,"comment_status":"closed","ping_status":"closed","template":"","meta":{"footnotes":""},"tags":[],"_links":{"self":[{"href":"https:\/\/portfolio.uqac.ca\/ericpilote\/wp-json\/wp\/v2\/pages\/4"}],"collection":[{"href":"https:\/\/portfolio.uqac.ca\/ericpilote\/wp-json\/wp\/v2\/pages"}],"about":[{"href":"https:\/\/portfolio.uqac.ca\/ericpilote\/wp-json\/wp\/v2\/types\/page"}],"author":[{"embeddable":true,"href":"https:\/\/portfolio.uqac.ca\/ericpilote\/wp-json\/wp\/v2\/users\/285"}],"replies":[{"embeddable":true,"href":"https:\/\/portfolio.uqac.ca\/ericpilote\/wp-json\/wp\/v2\/comments?post=4"}],"version-history":[{"count":15,"href":"https:\/\/portfolio.uqac.ca\/ericpilote\/wp-json\/wp\/v2\/pages\/4\/revisions"}],"predecessor-version":[{"id":129,"href":"https:\/\/portfolio.uqac.ca\/ericpilote\/wp-json\/wp\/v2\/pages\/4\/revisions\/129"}],"wp:attachment":[{"href":"https:\/\/portfolio.uqac.ca\/ericpilote\/wp-json\/wp\/v2\/media?parent=4"}],"wp:term":[{"taxonomy":"post_tag","embeddable":true,"href":"https:\/\/portfolio.uqac.ca\/ericpilote\/wp-json\/wp\/v2\/tags?post=4"}],"curies":[{"name":"wp","href":"https:\/\/api.w.org\/{rel}","templated":true}]}}