{"id":46,"date":"2012-07-24T14:17:13","date_gmt":"2012-07-24T14:17:13","guid":{"rendered":"http:\/\/portfolio-pre.uqac.ca\/gabarit\/?page_id=46"},"modified":"2020-09-01T15:11:52","modified_gmt":"2020-09-01T19:11:52","slug":"recherche","status":"publish","type":"page","link":"https:\/\/portfolio.uqac.ca\/ericpilote\/recherche\/","title":{"rendered":"Recherche"},"content":{"rendered":"<p>Coresponsable avec Dominic Bizot\u00a0 du Laboratoire de recherche sur les r\u00e9alit\u00e9s masculines au Saguenay-Lac-Saint-Jean.<\/p>\n<p>Recherche 1\u00a0: La logique du don au c\u0153ur de la Maison des Familles de La Baie : les b\u00e9n\u00e9voles et leurs apports particuliers.<\/p>\n<p>Recherche 2\u00a0: L\u2019art de recevoir en soins palliatifs<\/p>\n","protected":false},"excerpt":{"rendered":"<p>Coresponsable avec Dominic Bizot\u00a0 du Laboratoire de recherche sur les r\u00e9alit\u00e9s masculines au Saguenay-Lac-Saint-Jean. Recherche 1\u00a0: La logique du don au c\u0153ur de la Maison des Familles de La Baie : les b\u00e9n\u00e9voles et leurs apports particuliers. Recherche 2\u00a0: L\u2019art de recevoir en soins palliatifs<\/p>\n","protected":false},"author":285,"featured_media":0,"parent":0,"menu_order":0,"comment_status":"closed","ping_status":"closed","template":"","meta":{"footnotes":""},"tags":[],"_links":{"self":[{"href":"https:\/\/portfolio.uqac.ca\/ericpilote\/wp-json\/wp\/v2\/pages\/46"}],"collection":[{"href":"https:\/\/portfolio.uqac.ca\/ericpilote\/wp-json\/wp\/v2\/pages"}],"about":[{"href":"https:\/\/portfolio.uqac.ca\/ericpilote\/wp-json\/wp\/v2\/types\/page"}],"author":[{"embeddable":true,"href":"https:\/\/portfolio.uqac.ca\/ericpilote\/wp-json\/wp\/v2\/users\/285"}],"replies":[{"embeddable":true,"href":"https:\/\/portfolio.uqac.ca\/ericpilote\/wp-json\/wp\/v2\/comments?post=46"}],"version-history":[{"count":5,"href":"https:\/\/portfolio.uqac.ca\/ericpilote\/wp-json\/wp\/v2\/pages\/46\/revisions"}],"predecessor-version":[{"id":137,"href":"https:\/\/portfolio.uqac.ca\/ericpilote\/wp-json\/wp\/v2\/pages\/46\/revisions\/137"}],"wp:attachment":[{"href":"https:\/\/portfolio.uqac.ca\/ericpilote\/wp-json\/wp\/v2\/media?parent=46"}],"wp:term":[{"taxonomy":"post_tag","embeddable":true,"href":"https:\/\/portfolio.uqac.ca\/ericpilote\/wp-json\/wp\/v2\/tags?post=46"}],"curies":[{"name":"wp","href":"https:\/\/api.w.org\/{rel}","templated":true}]}}