{"id":18,"date":"2019-01-25T13:55:55","date_gmt":"2019-01-25T18:55:55","guid":{"rendered":"http:\/\/portfolio-pre.uqac.ca\/gabarit\/?page_id=18"},"modified":"2023-02-13T08:16:19","modified_gmt":"2023-02-13T13:16:19","slug":"enseignement","status":"publish","type":"page","link":"https:\/\/portfolio.uqac.ca\/eriklangevin\/enseignement\/","title":{"rendered":"Enseignement"},"content":{"rendered":"<p>&#8211; Directeur de stage pratique en arch\u00e9ologie (4ARL150)<\/p>\n<p>&#8211; Techniques et m\u00e9thodes en arch\u00e9ologie (4AMI109)<\/p>\n<p>&#8211; Stage en arch\u00e9ologie (4ANT202)<\/p>\n<p>&#8211; Europ\u00e9ens et Premi\u00e8res Nations: le choc des\u00a0id\u00e9ologies\u00a0(4HIS518)<\/p>\n<p>&#8211; Pal\u00e9ohistoire des Am\u00e9riques (4AMI109)<\/p>\n<p>&#8211; Du N\u00e9olithique aux premi\u00e8res civilisations (4HIS442)<\/p>\n<p>&#8211; Initiation aux civilisations premi\u00e8res (4HIS448)<\/p>\n<p>&#8211; Directeur de stage professionnel en histoire publique (4HIS352)<\/p>\n<p>&#8211; Activit\u00e9 de synth\u00e8se en histoire (4HIS348)<\/p>\n<p>&#8211; Anthropologie sociale et culturelle (4SOC130)<\/p>\n<p>&#8211; Culture mat\u00e9rielle du Saguenay-Lac-Saint-Jean et de la C\u00f4te-Nord (4HIS510)<\/p>\n<p>&#8211; R\u00e9gion et identit\u00e9 culturelle (4ESR817)<\/p>\n<p><strong>Activit\u00e9s de supervision et d&#8217;encadrement au 2e et 3e cycle.<\/strong><\/p>\n<p>&nbsp;<\/p>\n","protected":false},"excerpt":{"rendered":"<p>&#8211; Directeur de stage pratique en arch\u00e9ologie (4ARL150) &#8211; Techniques et m\u00e9thodes en arch\u00e9ologie (4AMI109) &#8211; Stage en arch\u00e9ologie (4ANT202) &#8211; Europ\u00e9ens et Premi\u00e8res Nations: le choc des\u00a0id\u00e9ologies\u00a0(4HIS518) &#8211; Pal\u00e9ohistoire des Am\u00e9riques (4AMI109) &#8211; Du N\u00e9olithique aux premi\u00e8res civilisations (4HIS442) &#8211; Initiation aux civilisations premi\u00e8res (4HIS448) &#8211; Directeur de stage professionnel en histoire publique (4HIS352) &hellip; <a href=\"https:\/\/portfolio.uqac.ca\/eriklangevin\/enseignement\/\" class=\"more-link\">Continuer la lecture de <span class=\"screen-reader-text\">Enseignement<\/span>  <span class=\"meta-nav\">&rarr;<\/span><\/a><\/p>\n","protected":false},"author":89,"featured_media":0,"parent":0,"menu_order":0,"comment_status":"closed","ping_status":"closed","template":"","meta":{"footnotes":""},"tags":[],"_links":{"self":[{"href":"https:\/\/portfolio.uqac.ca\/eriklangevin\/wp-json\/wp\/v2\/pages\/18"}],"collection":[{"href":"https:\/\/portfolio.uqac.ca\/eriklangevin\/wp-json\/wp\/v2\/pages"}],"about":[{"href":"https:\/\/portfolio.uqac.ca\/eriklangevin\/wp-json\/wp\/v2\/types\/page"}],"author":[{"embeddable":true,"href":"https:\/\/portfolio.uqac.ca\/eriklangevin\/wp-json\/wp\/v2\/users\/89"}],"replies":[{"embeddable":true,"href":"https:\/\/portfolio.uqac.ca\/eriklangevin\/wp-json\/wp\/v2\/comments?post=18"}],"version-history":[{"count":8,"href":"https:\/\/portfolio.uqac.ca\/eriklangevin\/wp-json\/wp\/v2\/pages\/18\/revisions"}],"predecessor-version":[{"id":155,"href":"https:\/\/portfolio.uqac.ca\/eriklangevin\/wp-json\/wp\/v2\/pages\/18\/revisions\/155"}],"wp:attachment":[{"href":"https:\/\/portfolio.uqac.ca\/eriklangevin\/wp-json\/wp\/v2\/media?parent=18"}],"wp:term":[{"taxonomy":"post_tag","embeddable":true,"href":"https:\/\/portfolio.uqac.ca\/eriklangevin\/wp-json\/wp\/v2\/tags?post=18"}],"curies":[{"name":"wp","href":"https:\/\/api.w.org\/{rel}","templated":true}]}}