{"id":20,"date":"2019-01-25T13:55:55","date_gmt":"2019-01-25T18:55:55","guid":{"rendered":"http:\/\/portfolio-pre.uqac.ca\/gabarit\/?page_id=20"},"modified":"2023-02-13T08:45:46","modified_gmt":"2023-02-13T13:45:46","slug":"publications","status":"publish","type":"page","link":"https:\/\/portfolio.uqac.ca\/eriklangevin\/publications\/","title":{"rendered":"Publications"},"content":{"rendered":"<h2><a name=\"_Toc95223277\"><\/a><a name=\"_Toc536601031\"><\/a><a name=\"_Toc315879080\"><\/a>2.2 Publications et communications depuis 2017<\/h2>\n<h3>Livre<\/h3>\n<p><strong>Langevin, \u00c9.<\/strong> (2020). <em>Un fjord, une rivi\u00e8re, un lac et des ruisseaux : variabilit\u00e9 culturelle pal\u00e9ohistorique sur le bassin hydrographique de la rivi\u00e8re Saguenay (Qu\u00e9bec, Canada)<\/em>. Groupe de recherche en Invention r\u00e9gionale (GRIR), UQAC, 523 p.<\/p>\n<h3>Contributions \u00e0 des ouvrages collectifs<\/h3>\n<p><strong>Langevin, E.<\/strong> et Plourde N., (2017). Du Piekouagamy au fleuve Saint-Laurent. La question des identit\u00e9s culturelles au cours de l&#8217;Archa\u00efque sup\u00e9rieur sur le bassin hydrographique de la rivi\u00e8re Saguenay. Dans A.L. Burke et C. Chapdelaine,<em> L\u2019Archa\u00efque au Qu\u00e9bec : six mill\u00e9naires d\u2019histoire am\u00e9rindienne \u00bb, <\/em>2017, Pal\u00e9o-Qu\u00e9bec #16, chapitre 5, p. 151-186<\/p>\n<p><strong>Langevin, \u00c9<\/strong>., (2019). La rivi\u00e8re Chicoutimi. Lieu de transferts et d\u2019identit\u00e9s partag\u00e9es. Dans <em>Voix autochtones dans les \u00e9crits de la Nouvelle-France<\/em>, Les collections de la R\u00e9publique des Lettres dirig\u00e9es par Thierry Belleguic, \u00c9ric Van der Schueren et Sabrina Vervacke, Annales du 1er colloque de la Chaire de recherche sur la Parole autochtone, juin 2017, \u00c9dition Hermann, Paris, p. 93-125.<\/p>\n<p><strong>Langevin, \u00c9.<\/strong>, (2019). Les grottes du Saguenay. Dans Balac, A.-M. et Tremblay, <em>TERRES \u2013 L\u2019empreinte humaine. Arch\u00e9ologie du Qu\u00e9bec.<\/em> \u00c9ditions de l\u2019Homme, p 172.<\/p>\n<p><strong>Langevin, \u00c9<\/strong>., (2019). \u00catre missionnaire dans les postes du Roy. Dans, Hautes Vall\u00e9es Charente-Qu\u00e9bec, De Jauldes \u00e0 Tadoussac. Sur les traces de Jean-Baptiste de La Brosse, Association Hautes Vall\u00e9es Charente-Qu\u00e9bec, p. 74-75.<\/p>\n<p><strong>Langevin, \u00c9.<\/strong> et Gu\u00e9rard, F., (2020). M\u00e9moires de microbes en Nouvelle-France. Dans Cherblanc, J., Dorais, F.-O., Tremblay, C. et Tremblay S., <em>La COVID-19\u00a0: un fait social total. Perspectives historiques, politiques, sociales et humaines<\/em>. Groupe de recherche et d\u2019interventions r\u00e9gionales, UQAC, 7-16.<\/p>\n<p><strong>Langevin, \u00c9.<\/strong>, (2021). <em>Le sentier des J\u00e9suites ou lorsque la r\u00e9alit\u00e9 confronte l&#8217;imaginaire Essai de synth\u00e8se arch\u00e9ologique, \u00e9cologique, g\u00e9ographique et ethnologique.<\/em> Dans, Roy, A., Gelly, A., Lambert, M-A. et B\u00e9gin, R. M., dir., Paysages du mouvement \/Paysages en mouvement. Actes des journ\u00e9es d&#8217;\u00e9changes tenues les 25 et 26 octobre 2019 [titre provisoire] Montr\u00e9al, \u00c9ditions Histoire Qu\u00e9bec,92-117.<\/p>\n<h3>Articles scientifiques publi\u00e9s avec comit\u00e9 de lecture, accept\u00e9s ou soumis<\/h3>\n<p><a name=\"_Toc315879082\"><\/a><strong>Langevin, E.<\/strong> et Plourde N., (2018). Sept mill\u00e9naires de navigation sur la rivi\u00e8re Pitchitaouichez (Saguenay). Sommaire des connaissances arch\u00e9ologiques du fjord du Saguenay. <em>Le Naturaliste canadien<\/em>, Volume 142 (2)\u00a0: 19\u201335 <a href=\"https:\/\/www.erudit.org\/fr\/revues\/natcan\/2018-v142-n2-natcan03735\/1047146ar\/\">https:\/\/www.erudit.org\/fr\/revues\/natcan\/2018-v142-n2-natcan03735\/1047146ar\/<\/a><\/p>\n<p><strong>Langevin, \u00c9.,<\/strong> (2020). Review of [Lozier, Jean-Fran\u00e7ois, Flesh Reborn. The Saint Lawrence Valley Mission Settlements through the Seventeenth Century (Montr\u00e9al, McGill-Queen\u2019s University Press, 2018), 448 p.] Revue d\u2019histoire de l\u2019Am\u00e9rique fran\u00e7aise, 73 (3), 102\u2013105. <a href=\"https:\/\/doi.org\/10.7202\/1070119ar\">https:\/\/doi.org\/10.7202\/1070119ar<\/a><\/p>\n<p><strong>Langevin, \u00c9.<\/strong> (2020). Ledit \u00ab Sentier des J\u00e9suites \u00bb ou quand la r\u00e9alit\u00e9 confronte l&#8217;imaginaire. <em>Histoire-Qu\u00e9bec<\/em>, volume 25 (4)\u00a0: 5-7.<\/p>\n<h3>Articles scientifiques publi\u00e9s sans comit\u00e9 de lecture<\/h3>\n<p><strong>Langevin, E.<\/strong> et B\u00e9chard M-A., (2018). Entre pr\u00e9sence et \u00e9vanescence. Les Iroquoiens du Saint-Laurent en Haute-C\u00f4te-Nord et au Saguenay. Septentrion, <em>Revue Littoral<\/em>, volume 13\u00a0: 41\u201351 <a href=\"https:\/\/www.septentrion.qc.ca\/catalogue\/revue-littoral-no-13\">https:\/\/www.septentrion.qc.ca\/catalogue\/revue-littoral-no-13<\/a><\/p>\n<p><strong>Langevin, \u00c9.<\/strong> et Deschenes, D., (2019). Cartes et toponymes du Saguenay, Septentrion, <em>Littoral<\/em>, volume 14\u00a0: 49-58. (sans comit\u00e9 de lecture) <a href=\"https:\/\/www.septentrion.qc.ca\/catalogue\/revue-littoral-no-14\">https:\/\/www.septentrion.qc.ca\/catalogue\/revue-littoral-no-14<\/a><\/p>\n<p>Moreau, J.-F. et <strong>Langevin, \u00c9<\/strong>., (2019). L\u2019arch\u00e9ologie \u00e0 l\u2019UQAC de 1969 \u00e0 2019. Saguenayensia, vol. 60 (3), p. 61\u201462.<\/p>\n<p><strong>Langevin, \u00c9<\/strong>., (2021). Au temps de ces chemins qu\u2019on appelait Chic8timi, Kin8gami8, Pastagoutsy, Papa8etiche, Shipshaw, Picopaochipou, Ouaskaouachaouipiou, Ouabouchkagama \u2026, Saguenayensia, vol. 62 (2), p. 16-25.<\/p>\n<p><strong>Langevin, \u00c9<\/strong>., (2022). L\u2019embouchure de la rivi\u00e8re M\u00e9tabetchouane\u00a0: l\u00e0 o\u00f9 est n\u00e9 l\u2019arch\u00e9ologie r\u00e9gionale, Saguenayensia, vol. 63 (2), p. 17-21.<\/p>\n<p>&nbsp;<\/p>\n<h3><a name=\"_Toc95223282\"><\/a>Communications avec arbitrage<\/h3>\n<p><strong>Langevin, \u00c9<\/strong>., (2017). <em>Chicoutimi : Un lieu d\u2019\u00e9change identitaire<\/em> \u00bb. Pr\u00e9sentation dans le cadre du 1er Colloque de la Chaire de recherche sur la Parole autochtone. \u00ab Paroles retrouv\u00e9es, paroles exhum\u00e9es \u00bb, Saguenay, 16 juin 2017<strong>.<\/strong><\/p>\n<p><strong>Langevin, \u00c9.,<\/strong> (2017). <em>Le concept d\u2019\u00e9ternit\u00e9 chez les Premi\u00e8res Nations d\u2019Am\u00e9rique<\/em>. Cercle de conf\u00e9rences internationales en lien avec l\u2019exposition \u00c9ternit\u00e9, Mus\u00e9um d\u2019histoire naturelle de Nantes, France, 17 octobre 2017.<\/p>\n<p><strong>Langevin, \u00c9.,<\/strong> (2018), <em>Le site de Chicoutimi. Pal\u00e9ohistoire d\u2019un mythe fondateur<\/em>. \u00bb. Pr\u00e9sentation dans le cadre du 86e congr\u00e8s de l\u2019ACFAS, colloque 314, 7 mai 2018 (pi\u00e8ce 2.2a)<\/p>\n<p><strong>Langevin, \u00c9<\/strong>., (2018). <em>Sept mill\u00e9naires de navigation sur la rivi\u00e8re Pitchitaouichetz (Saguenay). Sommaire des connaissances arch\u00e9ologiques du fjord du Saguenay<\/em> \u00bb, Conf\u00e9rence pr\u00e9sent\u00e9e au Colloque 2018 du Parc marin du Saguenay-Saint-Laurent : Un mod\u00e8le participatif de recherche, de conservation et de mise en valeur,18 octobre 2018. <a href=\"https:\/\/parcmarin.qc.ca\/colloque\/\">https:\/\/parcmarin.qc.ca\/colloque\/<\/a>,<\/p>\n<p><strong>Langevin, \u00c9<\/strong>., (2019). <em>D\u00e9construire pour mieux reconstruire<\/em>, Conf\u00e9rence pr\u00e9sent\u00e9e dans le cadre du 87e congr\u00e8s de l\u2019ACFAS, colloque 303 : \u00ab Fronti\u00e8res et dialogues interdisciplinaires du patrimoine \u00bb, 28 et 29 mai 2019 (pi\u00e8ce 2.2.b)<\/p>\n<p><strong>Langevin, \u00c9<\/strong>., (2019). <em>Le sentier des J\u00e9suites o\u00f9 quand la r\u00e9alit\u00e9 confronte l&#8217;imaginaire.<\/em> Conf\u00e9rence pr\u00e9sent\u00e9e dans le cadre du Colloque Paysages du mouvement. Paysages en mouvement. Organis\u00e9 par le Laboratoire d\u2019histoire et du patrimoine de Montr\u00e9al, UQAM, le Centre interuniversitaire d\u2019\u00e9tudes qu\u00e9b\u00e9coises (CI\u00c9Q), l\u2019association qu\u00e9b\u00e9coise du patrimoine industriel (AQPI) et la F\u00e9d\u00e9ration histoire Qu\u00e9bec FHQ). Montr\u00e9al, 25 et 26 octobre 2019. <a href=\"https:\/\/lhpm.uqam.ca\/wp-content\/uploads\/2019\/06\/paysages-mouvement.pdf\">https:\/\/lhpm.uqam.ca\/wp-content\/uploads\/2019\/06\/paysages-mouvement.pdf<\/a><\/p>\n<p><strong>Langevin, \u00c9.,<\/strong> (2021), <em>Recherche et enseignement\u00a0: pour une r\u00e9elle arch\u00e9ologie collaborative<\/em>. \u00bb. Pr\u00e9sentation dans le cadre du 88e congr\u00e8s de l\u2019ACFAS, colloque 8, 6 mai 2021.<\/p>\n<p><strong>Langevin, \u00c9.<\/strong>, (2021), <em>Hier la pr\u00e9histoire. Aujourd\u2019hui l\u2019histoire. Le laboratoire saguenayen. <\/em>Pr\u00e9sentation dans le cadre du congr\u00e8s TECHNO. L\u2019exp\u00e9rimentation en arch\u00e9ologie, Centre Ardennais de recherche arch\u00e9ologique en collaboration avec le site de Bibracte, Charleville-M\u00e9zi\u00e8res, France, 5-8 octobre 2021.<\/p>\n<h3>Pr\u00e9sentations comme conf\u00e9rencier invit\u00e9<\/h3>\n<p><strong>Langevin, \u00c9. <\/strong>(2017). <em>Il \u00e9tait une fois \u2026.,<\/em> Conf\u00e9rence pr\u00e9sent\u00e9e \u00e0 la Soci\u00e9t\u00e9 Historique du Lac-Saint-Jean, Odyss\u00e9e des B\u00e2tisseurs, Alma, Janvier 2017.<\/p>\n<p><strong>Langevin, \u00c9. <\/strong>(2017). <em>Pr\u00e9histoire du Saguenay-Lac-Saint-Jean<\/em>. Conf\u00e9rence pr\u00e9sent\u00e9e dans le cadre des journ\u00e9es de la culture, Saguenay, Avril 2017.<\/p>\n<p><strong>Langevin, \u00c9. <\/strong>(2017). <em>Pal\u00e9ohistoire du Saguenay-Lac-Saint-Jean.<\/em> Semaine des sciences humaines, CEGEP de Jonqui\u00e8re. Septembre 2017, Qu\u00e9bec.<\/p>\n<p><strong>Langevin, \u00c9. (<\/strong>2017). <em>L&#8217;arch\u00e9ologie et la pr\u00e9sence am\u00e9rindienne \u00e0 Alma.<\/em> Semaine des sciences humaines, 150<sup>e<\/sup> anniversaire de la municipalit\u00e9 d\u2019Alma. 17 octobre 2017, Alma. <a href=\"https:\/\/www.youtube.com\/watch?v=KaBfXW_y5gY\">https:\/\/www.youtube.com\/watch?v=KaBfXW_y5gY<\/a><\/p>\n<p><strong>Langevin, \u00c9. <\/strong>et Plourde, N., (2018). <em>Patrimoine arch\u00e9ologique en territoire autochtone : le cas du site DdFb-18<\/em>. Pr\u00e9sentation dans le cadre du Colloque sur la sauvegarde et la mise en valeur du patrimoine de la Nation Innue, Mamuitunanu tshetshi uauitakanit innu-aitun, 5 septembre 2018 (pi\u00e8ce 2.2c)<\/p>\n<p><strong>Langevin, \u00c9.,<\/strong> (2018). <em>Projet de g\u00e9o r\u00e9f\u00e9rencement des sites arch\u00e9ologiques, MRC Domaine du Roi. Pour une meilleure gestion int\u00e9gr\u00e9e de la ressource<\/em>. Pr\u00e9sentation dans le cadre du Colloque sur la sauvegarde et la mise en valeur du patrimoine de la Nation Innue, Mamuitunanu tshetshi uauitakanit innu-aitun, 5 septembre 2018.<\/p>\n<p><strong>Langevin, \u00c9.<\/strong> (2018). <em>Lorsqu\u2019enseignement, recherche et innovation vont de pair<\/em>. Pr\u00e9sentation orale. D\u00e9jeuner hebdomadaire Fondation de l\u2019UQAC (FUQAC), 2 f\u00e9vrier 2018 (pi\u00e8ce 2.2d)<\/p>\n<p><strong>Langevin, \u00c9.<\/strong> (2018). <em>Le poste de traite de chek8timi. Cinq ann\u00e9es de fouilles. <\/em>Conf\u00e9rence offerte aux guides touristiques<em>. <\/em>Promotion Saguenay, ville Sagu<em>enay<\/em>, 20 juin 2018<\/p>\n<p><strong>Langevin, \u00c9.<\/strong> (2018). \u00c0 la d\u00e9couverte des premiers habitants du Piekouagamy. Conf\u00e9rence offerte dans le cadre du mois de l\u2019arch\u00e9ologie. Mus\u00e9e am\u00e9rindien de Mashteuiatsh, 23 ao\u00fbt 2018<\/p>\n<p><strong>Langevin, \u00c9.<\/strong> (2018). <em>La vie au poste de traite de Chicoutimi au XVIIIe si\u00e8cle. <\/em>Journ\u00e9e de la culture, ville Sagu<em>enay<\/em>, 28 septembre 2018 (pi\u00e8ce 2.2e)<\/p>\n<p><strong>Langevin, \u00c9.<\/strong> (2018). <em>Le poste de traite de Chicoutimi. Nouvelles fouilles et nouvelles donn\u00e9es<\/em>. Association des retrait\u00e9-es de l\u2019UQAC (ARUQUAC), 21 novembre 2018<\/p>\n<p><strong>Langevin, \u00c9.<\/strong> (2019). <em>Un arch\u00e9ologue\u2026\u00e7a mange quoi en hiver. Conf\u00e9rence pr\u00e9sent\u00e9e aux \u00e9tudiants de l\u2019\u00e9cole Kassinu Mamu,<\/em> Mashteuiatsh, 30 janvier 2019<\/p>\n<p><strong>Langevin, \u00c9.<\/strong> (2019). <em>Histoire d\u2019eau en trois temps: Occupation et exploitation de la rivi\u00e8re Saguenay (L\u2019\u00e9poque pal\u00e9ohistorique). <\/em>Conf\u00e9rence pr\u00e9sent\u00e9e dans le cadre de la Semaine du patrimoine de Saguenay, 17 f\u00e9vrier 2019.<\/p>\n<p><strong>Langevin, \u00c9.<\/strong> (2019). <em>Une histoire plurimill\u00e9naire. Pr\u00e9histoire de la rivi\u00e8re Sainte-Marguerite. <\/em>Conf\u00e9rence pr\u00e9sent\u00e9e au Centre d\u2019interpr\u00e9tation de la rivi\u00e8re Sainte-Marguerite, Sacr\u00e9-C\u0153ur, 7 septembre 2019. <a href=\"https:\/\/www.sepaq.com\/pq\/journee-parcs-nationaux\/parc-national-fjord-saguenay.dot?language_id=2\">https:\/\/www.sepaq.com\/pq\/journee-parcs-nationaux\/parc-national-fjord-saguenay.dot?language_id=2<\/a><\/p>\n<p><strong>Langevin, \u00c9.<\/strong> (2019). \u00catre j\u00e9suite en terre innu au XVII<sup>e<\/sup> si\u00e8cle. Conf\u00e9rence pr\u00e9sent\u00e9e \u00e0 la Pulperie de Chicoutimi pour l\u2019Association Hautes Vall\u00e9es Charente-Qu\u00e9bec, De Jauldes \u00e0 Tadoussac, 21 octobre 2019.<\/p>\n<p><strong>Langevin, \u00c9.<\/strong> (2020). <em>Faire affaire avec du fer<\/em><em>. <\/em>Conf\u00e9rence pr\u00e9sent\u00e9e dans le cadre de la Semaine du patrimoine de Saguenay, 17 f\u00e9vrier 2020. (pi\u00e8ce 2.2g)<\/p>\n<p><strong>Langevin, \u00c9.<\/strong> (2020). <em>Quand vient le temps de d\u00e9terrer la hache de&#8230; pierre. 5000 ans d&#8217;histoire \u00e0 Mashteuiatsh \u00bb<\/em> Pr\u00e9sentation orale. D\u00e9jeuner hebdomadaire Fondation de l\u2019UQAC (FUQAC), 27 novembre 2020 (pi\u00e8ce 2.2f)<\/p>\n<p><strong>Langevin, \u00c9. <\/strong>(2021). L\u2019art dans tous ses \u00e9tats: Chauvet, Lascaux et les autres. Communication orale dans le cadre des activit\u00e9s publiques de la Biblioth\u00e8que de Saint-Alphonse, Lanaudi\u00e8re.<\/p>\n<p><strong>Langevin, \u00c9.<\/strong> (2021). Il fallait d\u00e9terrer la hache \u2026de pierre. 5000 ans d\u2019histoire \u00e0 Mashteuiatsh. Communication pr\u00e9sent\u00e9e \u00e0 la rencontre annuelle de l\u2019Institut nordique du Qu\u00e9bec, \u00ab\u00a0Initiation \u00e0 la recherche et aux enjeux nordiques\u00a0\u00bb. Universit\u00e9 Laval.<\/p>\n<p><a name=\"_Toc95223284\"><\/a><a name=\"_Toc536601035\"><\/a><a name=\"_Toc315879089\"><\/a><strong>Langevin, \u00c9.<\/strong> (2023). De la pierre jusqu\u2019au fer dans le bassin hydrographique de la rivi\u00e8re Saguenay. Groupe de recherche en interventions r\u00e9gionales GRIR, Universit\u00e9 du Qu\u00e9bec \u00e0 Chicoutimi.<\/p>\n<h3>Rapports de recherche<\/h3>\n<p>Skeene-Parent, J., <strong>Langevin, \u00c9.<\/strong> et B\u00e9chard, M-A. (2017). <em>Rapport d\u2019activit\u00e9s arch\u00e9ologiques 2017. Inventaire et fouille de la Pointe \u00e0 John, municipalit\u00e9 de Bergeronnes, MRC de la Haute-C\u00f4te-Nord<\/em>. Rapport soumis \u00e0 la municipalit\u00e9 de Bergeronnes. Laboratoire d\u2019arch\u00e9ologie, Universit\u00e9 du Qu\u00e9bec \u00e0 Chicoutimi, Chicoutimi, d\u00e9cembre 2017, 117p. + annexes.<\/p>\n<p>Plourde, N. et <strong>Langevin \u00c9.<\/strong> (2017). <em>Intervention arch\u00e9ologique sur les terrasses de l\u2019Anse-\u00e0-la-Croix, Bas Saguenay. Activit\u00e9s de l\u2019\u00e9t\u00e9 2016.<\/em> Rapport soumis \u00e0 la corporation touristique de l\u2019Anse-\u00e0-la-Croix, St-F\u00e9lix-d\u2019Otis. Laboratoire d\u2019arch\u00e9ologie, UQAC et Subarctique Enr., Chicoutimi, mars 2018, 107 p. + annexes.<\/p>\n<p>Pi\u00e9dalue, G., <strong>Langevin, \u00c9.<\/strong> et Tremblay, M., (2017<em>). Interventions arch\u00e9ologiques sur le site du Poste de Traite de Chicoutimi (site DcEs-1), 2016<\/em>. Rapport soumis \u00e0 la municipalit\u00e9 de Saguenay. Laboratoire d\u2019arch\u00e9ologie de l\u2019UQAC, Chicoutimi, avril 2017, 134p + annexes.<\/p>\n<p><strong>Langevin, \u00c9.<\/strong>, Gagn\u00e9, J., Plourde N. et Gadbois, R., (2018). <em>Rapport concernant l\u2019analyse de sites arch\u00e9ologiques situ\u00e9s dans la partie Sud-Ouest<\/em>. Rapport soumis au regroupement Petapan et au bureau d\u2019avocat Ca\u00efn, Lamarre et associ\u00e9s. Subarctique, Chicoutimi, mars 2018, 44p.<\/p>\n<p><strong>Langevin, \u00c9.<\/strong> (2018). <em>Inventaire Arch\u00e9ologique Alcan. Programme de stabilisation des berges du lac Saint-Jean. Bilan des activit\u00e9s de l&#8217;automne 2017<\/em>. Rapport soumis Rio-Tinto Alcan. Laboratoire d&#8217;arch\u00e9ologie, Universit\u00e9 du Qu\u00e9bec \u00e0 Chicoutimi, Chicoutimi, 189 p. + DVD.<\/p>\n<p>Pi\u00e9dalue, G., <strong>Langevin \u00c9<\/strong>., Gagn\u00e9 J. et Tremblay M. (2018). <em>Interventions arch\u00e9ologiques sur le site du Poste de Traite de Chicoutimi (site DcEs-1), 2017.<\/em> Rapport soumis \u00e0 la municipalit\u00e9 de Saguenay. Laboratoire d\u2019arch\u00e9ologie de l\u2019UQAC, Chicoutimi, Avril 2018, 144p + annexes.<\/p>\n<p>Plourde, N. et <strong>Langevin \u00c9.<\/strong> (2018<em>). Intervention arch\u00e9ologique sur les terrasses de l\u2019Anse-\u00e0-la-Croix, Bas Saguenay. Activit\u00e9s de l\u2019\u00e9t\u00e9 2017<\/em>. Rapport soumis \u00e0 la corporation touristique de l\u2019Anse-\u00e0-la-Croix, St-F\u00e9lix-d\u2019Otis. Laboratoire d\u2019arch\u00e9ologie, UQAC et Subarctique Enr., Chicoutimi, mars 2018, 115 p. + annexes.<\/p>\n<p>Plourde, N., <strong>Langevin, \u00c9.<\/strong> et Pi\u00e9dalue, G. (2018). <em>Fouilles arch\u00e9ologiques sur le site DdFb-18, automne 2017 Mashteuiatsh, Lac-Saint-Jean. <\/em>Rapport soumis \u00e0 Pekuakamiilnuatsh Takuhikan. Subarctique, Chicoutimi, juin 2018, 115p. + annexes<\/p>\n<p>Gagn\u00e9 J., Gadbois R., et <strong>Langevin \u00c9.<\/strong>, (2019<em>). Intervention arch\u00e9ologique sur les terrasses de l\u2019Anse-\u00e0-la-Croix, Bas-Saguenay. Activit\u00e9s de l\u2019\u00e9t\u00e9 2018<\/em>. Laboratoire d\u2019arch\u00e9ologie de l\u2019UQAC, Chicoutimi, Avril 2019, 85 p. + annexes.<\/p>\n<p>B\u00e9chard, M.-A. et <strong>Langevin, \u00c9.<\/strong> (2019). <em>Inventaire Arch\u00e9ologique Alcan. Programme de stabilisation des berges du lac Saint-Jean. Bilan des activit\u00e9s de l&#8217;ann\u00e9e 2018<\/em>. Rapport soumis Rio-Tinto Alcan. Laboratoire d&#8217;arch\u00e9ologie, Universit\u00e9 du Qu\u00e9bec \u00e0 Chicoutimi, Chicoutimi, 127 p. + annexes.<\/p>\n<p>Pi\u00e9dalue, G., <strong>Langevin \u00c9.,<\/strong> Tremblay, M., Gagn\u00e9, J., et Gadbois R., (2019): <em>Fouille arch\u00e9ologique de l\u2019\u00e9t\u00e9 2018. Intervention arch\u00e9ologique sur le site du Poste de traite de Chicoutimi (site DcEs-1). Ann\u00e9e 2018<\/em>. Rapport soumis \u00e0 la municipalit\u00e9 de Saguenay. Laboratoire d\u2019arch\u00e9ologie de l\u2019UQAC, Chicoutimi, Mars 2019, 178p + annexes.<\/p>\n<p>Plourde, N., Bouchard, J.-C., Pilette, O. et <strong>Langevin, \u00c9<\/strong>., (2020). <em>Intervention arch\u00e9ologique sur les terrasses de l\u2019Anse-\u00e0-la-Croix, Bas-Saguenay. Activit\u00e9s de l\u2019\u00e9t\u00e9 2019.<\/em> Laboratoire d\u2019arch\u00e9ologie de l\u2019UQAC, Chicoutimi, Mai 2020, 106 p. + annexes.<\/p>\n<p>Pi\u00e9dalue, G., <strong>Langevin \u00c9.,<\/strong> Gagn\u00e9, J., et Gadbois R., (2020): <em>Inventaire arch\u00e9ologique 2019 au Poste de traite de Chicoutimi (site DcEs-1). Ann\u00e9e 2019.<\/em> Rapport soumis \u00e0 la municipalit\u00e9 de Saguenay. Laboratoire d\u2019arch\u00e9ologie de l\u2019UQAC, Chicoutimi, Mars 2020, 191p + annexes.<\/p>\n<p>Plourde, N. et <strong>Langevin, \u00c9.<\/strong> (2020). <em>Inventaire Arch\u00e9ologique Alcan. Programme de stabilisation des berges du lac Saint-Jean. Bilan des activit\u00e9s de l&#8217;ann\u00e9e 2019<\/em>. Rapport soumis Rio-Tinto Alcan. Laboratoire d&#8217;arch\u00e9ologie, Universit\u00e9 du Qu\u00e9bec \u00e0 Chicoutimi, Chicoutimi, 112p. + annexes.<\/p>\n<p>Plourde, N. et <strong>Langevin, \u00c9.<\/strong> (2021). <em>Inventaire Arch\u00e9ologique Alcan. Programme de stabilisation des berges du lac Saint-Jean. Bilan des activit\u00e9s de l&#8217;ann\u00e9e 2020<\/em>. Rapport soumis Rio-Tinto Alcan. Laboratoire d&#8217;histoire et d\u2019arch\u00e9ologie du Subarctique oriental (LHASO), Universit\u00e9 du Qu\u00e9bec \u00e0 Chicoutimi, Chicoutimi, 101p. + annexes.<\/p>\n<p>Plourde, N. et <strong>Langevin, \u00c9.<\/strong> (2022). <em>Inventaire Arch\u00e9ologique Alcan. Programme de stabilisation des berges du lac Saint-Jean. Bilan des activit\u00e9s de l&#8217;ann\u00e9e 2021<\/em>. Rapport soumis Rio-Tinto Alcan. Laboratoire d&#8217;histoire et d\u2019arch\u00e9ologie du Subarctique oriental (LHASO), Universit\u00e9 du Qu\u00e9bec \u00e0 Chicoutimi, Chicoutimi, 128 p.<\/p>\n<p>B\u00e9chard, M-A. et <strong>Langevin, \u00c9<\/strong>., (2022). Surveillance arch\u00e9ologique 2022. Projet \u00e9missaire fluvial Chemin de la Batture. Ville de Saguenay. Laboratoire d&#8217;histoire et d\u2019arch\u00e9ologie du Subarctique oriental (LHASO), Universit\u00e9 du Qu\u00e9bec \u00e0 Chicoutimi, Chicoutimi, 43 p.<\/p>\n<p>Bouchard, J.-C., Plourde, N. et <strong>Langevin, \u00c9.<\/strong>, (2023). Les Fleurs Maltais. Expertise arch\u00e9ologique 2022. Inventaire arch\u00e9ologique. Ville de Saguenay. Laboratoire d&#8217;histoire et d\u2019arch\u00e9ologie du Subarctique oriental (LHASO), Universit\u00e9 du Qu\u00e9bec \u00e0 Chicoutimi, Chicoutimi, 50 p.<\/p>\n<p>Plourde, N. et <strong>Langevin, \u00c9.<\/strong> (2023). <em>Inventaire Arch\u00e9ologique Alcan. Programme de stabilisation des berges du lac Saint-Jean. Bilan des activit\u00e9s de l&#8217;ann\u00e9e 2021<\/em>. Rapport soumis Rio-Tinto Alcan. Laboratoire d&#8217;histoire et d\u2019arch\u00e9ologie du Subarctique oriental (LHASO), Universit\u00e9 du Qu\u00e9bec \u00e0 Chicoutimi, Chicoutimi, 126 p.<\/p>\n<p>Plourde, N. et <strong>Langevin, \u00c9.<\/strong> (2023). <em>Inventaire Arch\u00e9ologique Alcan. Travaux arch\u00e9ologiques \u00e0 l\u2019\u00e9vacuateur #4. Grande-D\u00e9charge Alma.<\/em> Rapport soumis Rio-Tinto Alcan. Laboratoire d&#8217;histoire et d\u2019arch\u00e9ologie du Subarctique oriental (LHASO), Universit\u00e9 du Qu\u00e9bec \u00e0 Chicoutimi, Chicoutimi, 33 p.<\/p>\n<p>Plourde, N. et <strong>Langevin, \u00c9.<\/strong> (2023). <em>De nouvelles fouilles sur le site DbEj-11, Bergeronnes.<\/em> Rapport soumis au centre d\u2019interpr\u00e9tation Arch\u00e9o-Topo, Bergeronnes. Laboratoire d&#8217;histoire et d\u2019arch\u00e9ologie du Subarctique oriental (LHASO), Universit\u00e9 du Qu\u00e9bec \u00e0 Chicoutimi, Chicoutimi, \u00e0 venir.<\/p>\n<p>Plourde, N., B\u00e9chard, M-A et <strong>\u00c9rik Langevin<\/strong>, (2023). Inventaire arch\u00e9ologique dans la partie nord-ouest du lac \u00e0 Jim. Rapport soumis au Parc des Grandes Rivi\u00e8res, MRC Maria-Chapdelaine. Laboratoire d&#8217;histoire et d\u2019arch\u00e9ologie du Subarctique oriental (LHASO), Universit\u00e9 du Qu\u00e9bec \u00e0 Chicoutimi, Chicoutimi, \u00e0 venir.<\/p>\n<p>&nbsp;<\/p>\n<p>&nbsp;<\/p>\n<p>&nbsp;<\/p>\n<p>&nbsp;<\/p>\n<p>&nbsp;<\/p>\n<p>&nbsp;<\/p>\n<p>&nbsp;<\/p>\n<p>&nbsp;<\/p>\n<p>&nbsp;<\/p>\n<p>&nbsp;<\/p>\n","protected":false},"excerpt":{"rendered":"<p>2.2 Publications et communications depuis 2017 Livre Langevin, \u00c9. (2020). Un fjord, une rivi\u00e8re, un lac et des ruisseaux : variabilit\u00e9 culturelle pal\u00e9ohistorique sur le bassin hydrographique de la rivi\u00e8re Saguenay (Qu\u00e9bec, Canada). Groupe de recherche en Invention r\u00e9gionale (GRIR), UQAC, 523 p. Contributions \u00e0 des ouvrages collectifs Langevin, E. et Plourde N., (2017). Du &hellip; <a href=\"https:\/\/portfolio.uqac.ca\/eriklangevin\/publications\/\" class=\"more-link\">Continuer la lecture de <span class=\"screen-reader-text\">Publications<\/span>  <span class=\"meta-nav\">&rarr;<\/span><\/a><\/p>\n","protected":false},"author":89,"featured_media":0,"parent":0,"menu_order":0,"comment_status":"closed","ping_status":"closed","template":"","meta":{"footnotes":""},"tags":[],"_links":{"self":[{"href":"https:\/\/portfolio.uqac.ca\/eriklangevin\/wp-json\/wp\/v2\/pages\/20"}],"collection":[{"href":"https:\/\/portfolio.uqac.ca\/eriklangevin\/wp-json\/wp\/v2\/pages"}],"about":[{"href":"https:\/\/portfolio.uqac.ca\/eriklangevin\/wp-json\/wp\/v2\/types\/page"}],"author":[{"embeddable":true,"href":"https:\/\/portfolio.uqac.ca\/eriklangevin\/wp-json\/wp\/v2\/users\/89"}],"replies":[{"embeddable":true,"href":"https:\/\/portfolio.uqac.ca\/eriklangevin\/wp-json\/wp\/v2\/comments?post=20"}],"version-history":[{"count":33,"href":"https:\/\/portfolio.uqac.ca\/eriklangevin\/wp-json\/wp\/v2\/pages\/20\/revisions"}],"predecessor-version":[{"id":158,"href":"https:\/\/portfolio.uqac.ca\/eriklangevin\/wp-json\/wp\/v2\/pages\/20\/revisions\/158"}],"wp:attachment":[{"href":"https:\/\/portfolio.uqac.ca\/eriklangevin\/wp-json\/wp\/v2\/media?parent=20"}],"wp:term":[{"taxonomy":"post_tag","embeddable":true,"href":"https:\/\/portfolio.uqac.ca\/eriklangevin\/wp-json\/wp\/v2\/tags?post=20"}],"curies":[{"name":"wp","href":"https:\/\/api.w.org\/{rel}","templated":true}]}}