{"id":4,"date":"2019-01-25T13:55:55","date_gmt":"2019-01-25T18:55:55","guid":{"rendered":"http:\/\/portfolio-pre.uqac.ca\/gabarit\/?page_id=4"},"modified":"2019-03-29T08:50:23","modified_gmt":"2019-03-29T12:50:23","slug":"presentatio","status":"publish","type":"page","link":"https:\/\/portfolio.uqac.ca\/eriklangevin\/","title":{"rendered":"Pr\u00e9sentation"},"content":{"rendered":"<h1>\u00c9rik Langevin<\/h1>\n<p>Professeur au D\u00e9partement des\u00a0sciences humaines et sociales<br \/>\nResponsable du Laboratoire d&#8217;arch\u00e9ologie<\/p>\n<h2>Champs d&#8217;int\u00e9r\u00eat<\/h2>\n<p>Arch\u00e9ologie, anthropologie, histoire ancienne<\/p>\n","protected":false},"excerpt":{"rendered":"<p>\u00c9rik Langevin Professeur au D\u00e9partement des\u00a0sciences humaines et sociales Responsable du Laboratoire d&#8217;arch\u00e9ologie Champs d&#8217;int\u00e9r\u00eat Arch\u00e9ologie, anthropologie, histoire ancienne<\/p>\n","protected":false},"author":89,"featured_media":134,"parent":0,"menu_order":0,"comment_status":"closed","ping_status":"closed","template":"","meta":{"footnotes":""},"tags":[],"_links":{"self":[{"href":"https:\/\/portfolio.uqac.ca\/eriklangevin\/wp-json\/wp\/v2\/pages\/4"}],"collection":[{"href":"https:\/\/portfolio.uqac.ca\/eriklangevin\/wp-json\/wp\/v2\/pages"}],"about":[{"href":"https:\/\/portfolio.uqac.ca\/eriklangevin\/wp-json\/wp\/v2\/types\/page"}],"author":[{"embeddable":true,"href":"https:\/\/portfolio.uqac.ca\/eriklangevin\/wp-json\/wp\/v2\/users\/89"}],"replies":[{"embeddable":true,"href":"https:\/\/portfolio.uqac.ca\/eriklangevin\/wp-json\/wp\/v2\/comments?post=4"}],"version-history":[{"count":15,"href":"https:\/\/portfolio.uqac.ca\/eriklangevin\/wp-json\/wp\/v2\/pages\/4\/revisions"}],"predecessor-version":[{"id":142,"href":"https:\/\/portfolio.uqac.ca\/eriklangevin\/wp-json\/wp\/v2\/pages\/4\/revisions\/142"}],"wp:featuredmedia":[{"embeddable":true,"href":"https:\/\/portfolio.uqac.ca\/eriklangevin\/wp-json\/wp\/v2\/media\/134"}],"wp:attachment":[{"href":"https:\/\/portfolio.uqac.ca\/eriklangevin\/wp-json\/wp\/v2\/media?parent=4"}],"wp:term":[{"taxonomy":"post_tag","embeddable":true,"href":"https:\/\/portfolio.uqac.ca\/eriklangevin\/wp-json\/wp\/v2\/tags?post=4"}],"curies":[{"name":"wp","href":"https:\/\/api.w.org\/{rel}","templated":true}]}}