{"id":18,"date":"2019-02-06T15:06:59","date_gmt":"2019-02-06T20:06:59","guid":{"rendered":"http:\/\/portfolio-pre.uqac.ca\/gabarit\/?page_id=18"},"modified":"2019-03-11T09:26:45","modified_gmt":"2019-03-11T13:26:45","slug":"enseignement","status":"publish","type":"page","link":"https:\/\/portfolio.uqac.ca\/etiennehebert\/enseignement\/","title":{"rendered":"Enseignement"},"content":{"rendered":"<p>Au <a href=\"https:\/\/www.uqac.ca\/programme\/7092-baccalaureat-en-psychologie\/\">baccalaur\u00e9at en psychologie (7092)<\/a> :<\/p>\n<ul>\n<li><a href=\"https:\/\/cours.uqac.ca\/SPSY324\">Introduction \u00e0 la psychologie sportive (SPSY324)<\/a><\/li>\n<li><a href=\"https:\/\/cours.uqac.ca\/SPSY116\"><span style=\"line-height: 1.5\">Th\u00e9ories de la personnalit\u00e9 (SPSY116)<\/span><\/a><\/li>\n<li><a href=\"https:\/\/cours.uqac.ca\/SPSY145\">Psychopathologie descriptive (SPSY145)<\/a><\/li>\n<li><a href=\"https:\/\/cours.uqac.ca\/SPSY235\">Introduction \u00e0 la psychologie clinique (SPSY235)<\/a><\/li>\n<\/ul>\n<p>Au <a href=\"https:\/\/www.uqac.ca\/programme\/1746-doctorat-en-psychologie-psychologie-clinique\/\">doctorat en psychologie (1746)<\/a> :<\/p>\n<ul>\n<li><a href=\"https:\/\/cours.uqac.ca\/SDPN800\">Stage d&#8217;observation en psychologie (SDPC800)<\/a><\/li>\n<li><a href=\"https:\/\/cours.uqac.ca\/SDPN801\">Stage 1A : \u00c9valuation psychologique et initiation \u00e0 l&#8217;intervention (SDPC801)<\/a><\/li>\n<li><a href=\"https:\/\/cours.uqac.ca\/SDPN802\">Stage 1B : \u00c9valuation psychologique et initiation \u00e0 l&#8217;intervention (SDPC802)<\/a><\/li>\n<li><a href=\"https:\/\/cours.uqac.ca\/SDPN803\">Stage 2A : Psychologie clinique (SDPC803)<\/a><\/li>\n<li><a href=\"https:\/\/cours.uqac.ca\/SDPN804\">Stage 2B : Psychologie clinique (SDPC804<\/a><\/li>\n<\/ul>\n<p>Au <a href=\"https:\/\/www.uqac.ca\/programme\/7208-bac-ens-education-physique-et-a-la-sante\/\">baccalaur\u00e9at en enseignement de l&#8217;\u00e9ducation physique et \u00e0 la sant\u00e9\u00a0(7208)<\/a> :<\/p>\n<ul>\n<li><a href=\"https:\/\/cours.uqac.ca\/SEPK216\">L&#8217;entra\u00eeneur et la psychologie sportive (SEPK216)<\/a><\/li>\n<li><a href=\"https:\/\/cours.uqac.ca\/3EPK148\">Football (3EPK148)<\/a><\/li>\n<\/ul>\n","protected":false},"excerpt":{"rendered":"<p>Au baccalaur\u00e9at en psychologie (7092) : Introduction \u00e0 la psychologie sportive (SPSY324) Th\u00e9ories de la personnalit\u00e9 (SPSY116) Psychopathologie descriptive (SPSY145) Introduction \u00e0 la psychologie clinique (SPSY235) Au doctorat en psychologie (1746) : Stage d&#8217;observation en psychologie (SDPC800) Stage 1A : \u00c9valuation psychologique et initiation \u00e0 l&#8217;intervention (SDPC801) Stage 1B : \u00c9valuation psychologique et initiation \u00e0 &hellip; <a href=\"https:\/\/portfolio.uqac.ca\/etiennehebert\/enseignement\/\" class=\"more-link\">Continuer la lecture de <span class=\"screen-reader-text\">Enseignement<\/span>  <span class=\"meta-nav\">&rarr;<\/span><\/a><\/p>\n","protected":false},"author":89,"featured_media":0,"parent":0,"menu_order":0,"comment_status":"closed","ping_status":"closed","template":"","meta":{"footnotes":""},"tags":[],"_links":{"self":[{"href":"https:\/\/portfolio.uqac.ca\/etiennehebert\/wp-json\/wp\/v2\/pages\/18"}],"collection":[{"href":"https:\/\/portfolio.uqac.ca\/etiennehebert\/wp-json\/wp\/v2\/pages"}],"about":[{"href":"https:\/\/portfolio.uqac.ca\/etiennehebert\/wp-json\/wp\/v2\/types\/page"}],"author":[{"embeddable":true,"href":"https:\/\/portfolio.uqac.ca\/etiennehebert\/wp-json\/wp\/v2\/users\/89"}],"replies":[{"embeddable":true,"href":"https:\/\/portfolio.uqac.ca\/etiennehebert\/wp-json\/wp\/v2\/comments?post=18"}],"version-history":[{"count":9,"href":"https:\/\/portfolio.uqac.ca\/etiennehebert\/wp-json\/wp\/v2\/pages\/18\/revisions"}],"predecessor-version":[{"id":258,"href":"https:\/\/portfolio.uqac.ca\/etiennehebert\/wp-json\/wp\/v2\/pages\/18\/revisions\/258"}],"wp:attachment":[{"href":"https:\/\/portfolio.uqac.ca\/etiennehebert\/wp-json\/wp\/v2\/media?parent=18"}],"wp:term":[{"taxonomy":"post_tag","embeddable":true,"href":"https:\/\/portfolio.uqac.ca\/etiennehebert\/wp-json\/wp\/v2\/tags?post=18"}],"curies":[{"name":"wp","href":"https:\/\/api.w.org\/{rel}","templated":true}]}}