{"id":25,"date":"2019-02-06T15:06:59","date_gmt":"2019-02-06T20:06:59","guid":{"rendered":"http:\/\/portfolio-pre.uqac.ca\/gabarit\/?page_id=25"},"modified":"2022-10-09T08:18:16","modified_gmt":"2022-10-09T12:18:16","slug":"communications","status":"publish","type":"page","link":"https:\/\/portfolio.uqac.ca\/etiennehebert\/communications\/","title":{"rendered":"Communications  &#8211; Congr\u00e8s ou colloques"},"content":{"rendered":"<p>Lalande Daniel, Plouffe Jacques, Roussel M.-A., Baillargeon J. et H\u00e9bert \u00c9tienne. (2017).\u00a0<a href=\"https:\/\/constellation.uqac.ca\/id\/eprint\/4824\/\">Identifying Psychosocial Determinants of the Development of Passion among Elite Level Hockey Players.<\/a>\u00a0Dans : 5th World Congress on Positive Psychology , 13-16 Juillet 2017, Montreal, Canada.<\/p>\n<p>H\u00e9bert \u00c9tienne. (2011).\u00a0<a href=\"https:\/\/constellation.uqac.ca\/id\/eprint\/4825\/\">Les difficult\u00e9s inh\u00e9rentes \u00e0 la supervision dans la formation des psychologues cliniciens : les doctorants doivent-ils taire ce qu\u2019ils sont?<\/a>\u00a0Dans : 79e congr\u00e8s de l&#8217;Association francophone pour le savoir (ACFAS) , 9-13 mai 2011, Sherbrooke, Canada.<\/p>\n<p>H\u00e9bert \u00c9tienne, Diguer Louis, Gamache Dominick et Daoust Jean-Philippe. (2005).\u00a0<a href=\"https:\/\/constellation.uqac.ca\/id\/eprint\/4827\/\">Personality Organization and Sport Psychology.<\/a>\u00a0Dans : 36th Annual Meeting of the Society for Psychotherapy Research , 22-25 juin 2005, Montreal, Canada.<\/p>\n<p>H\u00e9bert \u00c9tienne, Diguer Louis et Daoust Jean-Philippe. (2005).\u00a0<a href=\"https:\/\/constellation.uqac.ca\/id\/eprint\/4828\/\">Approche psychodynamique, personnalit\u00e9 et psychologie sportive : perspective int\u00e9grative.<\/a>\u00a0Dans : Congr\u00e8s annuel de la Soci\u00e9t\u00e9 Canadienne de Psychologie , 9-11 juin 2005, Montreal, Canada.<\/p>\n<p>H\u00e9bert \u00c9tienne, Diguer Louis et Daoust Jean-Philippe. (2005).\u00a0<a href=\"https:\/\/constellation.uqac.ca\/id\/eprint\/4831\/\">Organisation de personnalit\u00e9 et perception de l&#8217;entra\u00eeneur chez les athl\u00e8tes de niveau universitaire.<\/a>\u00a0Dans : Congr\u00e8s annuel de la Soci\u00e9t\u00e9 Canadienne de Psychologie , 9-11 juin 2005, Montreal, Canada.<\/p>\n<p>Gamache Dominick, Diguer Louis, Laverdi\u00e8re Olivier, H\u00e9bert \u00c9tienne et Larochelle S\u00e9bastien. (2005).\u00a0<a href=\"https:\/\/constellation.uqac.ca\/id\/eprint\/4826\/\">Personality Organization and Transference Patterns.<\/a>\u00a0Dans : 36th Annual Meeting of the Society for Psychotherapy Research , 22-25 juin 2005, Montreal, Canada.<\/p>\n<p>Daoust Jean-Philippe, Diguer Louis, H\u00e9bert \u00c9tienne et Lavergne A.. (2005).\u00a0<a href=\"https:\/\/constellation.uqac.ca\/id\/eprint\/4830\/\">Sant\u00e9 mentale et organisation de personnalit\u00e9 : \u00e9tude exploratoire entre ces deux concepts.<\/a>\u00a0Dans : Congr\u00e8s annuel de la Soci\u00e9t\u00e9 Canadienne de Psychologie , 9-11 juin 2005, Montreal, Canada.<\/p>\n<p>Gamache Dominick, Laverdi\u00e8re Olivier, Diguer Louis, H\u00e9bert \u00c9tienne, Desc\u00f4teaux Jean et Larochelle S\u00e9bastien. (2004).\u00a0<a href=\"https:\/\/constellation.uqac.ca\/id\/eprint\/4833\/\">Personality Organization Diagnostic Form \u2013 II (PODF-II) : Interrater reliability and internal validity study.<\/a>\u00a0Dans : Congr\u00e8s annuel de la Society for Psychotherapy Research , 16-19 juin 2004, Rome, Italie.<\/p>\n<p>Diguer Louis, Laverdi\u00e8re Olivier, Gamache Dominick et H\u00e9bert \u00c9tienne. (2004).\u00a0<a href=\"https:\/\/constellation.uqac.ca\/id\/eprint\/4832\/\">Specificity of Transference Dyads among Personality Organizations.<\/a>\u00a0Dans : Congr\u00e8s annuel de la Socitey for Psychotherapy Research , 16-19 juin 2004, Rome, Italie.<\/p>\n<p>H\u00e9bert \u00c9tienne, Diguer Louis, Daoust Jean-Philippe et Gamache Dominick. (2002).\u00a0<a href=\"https:\/\/constellation.uqac.ca\/id\/eprint\/4829\/\">Personnalit\u00e9 et acte sportif : perspective psychodynamique.<\/a>\u00a0Dans : 25e congr\u00e8s de la Soci\u00e9t\u00e9 Qu\u00e9becoise de Recherche en Psychologie (SQRP) , Octobre 2002, Trois-Rivi\u00e8res, Canada.<\/p>\n<p>H\u00e9bert \u00c9tienne, Daoust Jean-Philippe et Diguer Louis. (2001).\u00a0<a href=\"https:\/\/constellation.uqac.ca\/id\/eprint\/4835\/\">Organisations de personnalit\u00e9 et \u00e9valuation empirique : Pr\u00e9sentation du Personality Organization Diagnostic Form II et \u00e9tude de ses propri\u00e9t\u00e9s psychom\u00e9triques.<\/a>\u00a0Dans : Congr\u00e8s annuel de l&#8217;Association Canadienne-Fran\u00e7aise pour l&#8217;Avancement des Sciences (ACFAS) , mai 2001, Sherbrooke, Canada.<\/p>\n<p>Daoust Jean-Philippe, Lavergne A., H\u00e9bert \u00c9tienne et Diguer Louis. (2001).\u00a0<a href=\"https:\/\/constellation.uqac.ca\/id\/eprint\/4834\/\">Organisations de personnalit\u00e9 et questionnaire auto-r\u00e9v\u00e9l\u00e9 : Traduction et adaptation canadienne-fran\u00e7aise du Borderline Personality Inventory.<\/a>\u00a0Dans : Congr\u00e8s annuel de l&#8217;Association Canadienne-Fran\u00e7aise pour l&#8217;Avancement des Sciences (ACFAS) , mai 2001, Sherbrooke, Canada.<\/p>\n","protected":false},"excerpt":{"rendered":"<p>Lalande Daniel, Plouffe Jacques, Roussel M.-A., Baillargeon J. et H\u00e9bert \u00c9tienne. (2017).\u00a0Identifying Psychosocial Determinants of the Development of Passion among Elite Level Hockey Players.\u00a0Dans : 5th World Congress on Positive Psychology , 13-16 Juillet 2017, Montreal, Canada. H\u00e9bert \u00c9tienne. (2011).\u00a0Les difficult\u00e9s inh\u00e9rentes \u00e0 la supervision dans la formation des psychologues cliniciens : les doctorants doivent-ils &hellip; <a href=\"https:\/\/portfolio.uqac.ca\/etiennehebert\/communications\/\" class=\"more-link\">Continuer la lecture de <span class=\"screen-reader-text\">Communications  &#8211; Congr\u00e8s ou colloques<\/span>  <span class=\"meta-nav\">&rarr;<\/span><\/a><\/p>\n","protected":false},"author":89,"featured_media":0,"parent":0,"menu_order":0,"comment_status":"closed","ping_status":"closed","template":"","meta":{"footnotes":""},"tags":[],"_links":{"self":[{"href":"https:\/\/portfolio.uqac.ca\/etiennehebert\/wp-json\/wp\/v2\/pages\/25"}],"collection":[{"href":"https:\/\/portfolio.uqac.ca\/etiennehebert\/wp-json\/wp\/v2\/pages"}],"about":[{"href":"https:\/\/portfolio.uqac.ca\/etiennehebert\/wp-json\/wp\/v2\/types\/page"}],"author":[{"embeddable":true,"href":"https:\/\/portfolio.uqac.ca\/etiennehebert\/wp-json\/wp\/v2\/users\/89"}],"replies":[{"embeddable":true,"href":"https:\/\/portfolio.uqac.ca\/etiennehebert\/wp-json\/wp\/v2\/comments?post=25"}],"version-history":[{"count":27,"href":"https:\/\/portfolio.uqac.ca\/etiennehebert\/wp-json\/wp\/v2\/pages\/25\/revisions"}],"predecessor-version":[{"id":304,"href":"https:\/\/portfolio.uqac.ca\/etiennehebert\/wp-json\/wp\/v2\/pages\/25\/revisions\/304"}],"wp:attachment":[{"href":"https:\/\/portfolio.uqac.ca\/etiennehebert\/wp-json\/wp\/v2\/media?parent=25"}],"wp:term":[{"taxonomy":"post_tag","embeddable":true,"href":"https:\/\/portfolio.uqac.ca\/etiennehebert\/wp-json\/wp\/v2\/tags?post=25"}],"curies":[{"name":"wp","href":"https:\/\/api.w.org\/{rel}","templated":true}]}}