{"id":251,"date":"2019-03-08T08:17:28","date_gmt":"2019-03-08T13:17:28","guid":{"rendered":"http:\/\/portfolio-pre.uqac.ca\/etiennehebert\/?page_id=251"},"modified":"2022-10-09T08:15:34","modified_gmt":"2022-10-09T12:15:34","slug":"autres-publications","status":"publish","type":"page","link":"https:\/\/portfolio.uqac.ca\/etiennehebert\/autres-publications\/","title":{"rendered":"Autres publications"},"content":{"rendered":"<p>Diguer Louis, H\u00e9bert \u00c9tienne, Gamache Dominick, Laverdi\u00e8re Olivier, Daoust Jean-Philippe et Pelletier Sylvie. (2006).\u00a0<a href=\"https:\/\/constellation.uqac.ca\/id\/eprint\/4837\/\">Personality Organization Diagnostic Form, II: Manual for Scoring.<\/a>\u00a0Laboratoire de recherche en personnalit\u00e9 et psychopathologie, Universit\u00e9 Laval.<\/p>\n<p>Diguer Louis, Normandin Lina et H\u00e9bert \u00c9tienne. (2001).\u00a0<a href=\"https:\/\/constellation.uqac.ca\/id\/eprint\/4836\/\">Personality Organization Diagnostic Form.<\/a>\u00a0Laboratoire de recherche en personnalit\u00e9 et psychopathologie, Universit\u00e9 Laval.<\/p>\n<p>&nbsp;<\/p>\n","protected":false},"excerpt":{"rendered":"<p>Diguer Louis, H\u00e9bert \u00c9tienne, Gamache Dominick, Laverdi\u00e8re Olivier, Daoust Jean-Philippe et Pelletier Sylvie. (2006).\u00a0Personality Organization Diagnostic Form, II: Manual for Scoring.\u00a0Laboratoire de recherche en personnalit\u00e9 et psychopathologie, Universit\u00e9 Laval. Diguer Louis, Normandin Lina et H\u00e9bert \u00c9tienne. (2001).\u00a0Personality Organization Diagnostic Form.\u00a0Laboratoire de recherche en personnalit\u00e9 et psychopathologie, Universit\u00e9 Laval. &nbsp;<\/p>\n","protected":false},"author":147,"featured_media":0,"parent":0,"menu_order":0,"comment_status":"closed","ping_status":"closed","template":"","meta":{"footnotes":""},"tags":[],"_links":{"self":[{"href":"https:\/\/portfolio.uqac.ca\/etiennehebert\/wp-json\/wp\/v2\/pages\/251"}],"collection":[{"href":"https:\/\/portfolio.uqac.ca\/etiennehebert\/wp-json\/wp\/v2\/pages"}],"about":[{"href":"https:\/\/portfolio.uqac.ca\/etiennehebert\/wp-json\/wp\/v2\/types\/page"}],"author":[{"embeddable":true,"href":"https:\/\/portfolio.uqac.ca\/etiennehebert\/wp-json\/wp\/v2\/users\/147"}],"replies":[{"embeddable":true,"href":"https:\/\/portfolio.uqac.ca\/etiennehebert\/wp-json\/wp\/v2\/comments?post=251"}],"version-history":[{"count":2,"href":"https:\/\/portfolio.uqac.ca\/etiennehebert\/wp-json\/wp\/v2\/pages\/251\/revisions"}],"predecessor-version":[{"id":303,"href":"https:\/\/portfolio.uqac.ca\/etiennehebert\/wp-json\/wp\/v2\/pages\/251\/revisions\/303"}],"wp:attachment":[{"href":"https:\/\/portfolio.uqac.ca\/etiennehebert\/wp-json\/wp\/v2\/media?parent=251"}],"wp:term":[{"taxonomy":"post_tag","embeddable":true,"href":"https:\/\/portfolio.uqac.ca\/etiennehebert\/wp-json\/wp\/v2\/tags?post=251"}],"curies":[{"name":"wp","href":"https:\/\/api.w.org\/{rel}","templated":true}]}}