{"id":27,"date":"2019-02-06T15:06:59","date_gmt":"2019-02-06T20:06:59","guid":{"rendered":"http:\/\/portfolio-pre.uqac.ca\/gabarit\/?page_id=27"},"modified":"2019-02-21T14:14:48","modified_gmt":"2019-02-21T19:14:48","slug":"curriculum-vitae","status":"publish","type":"page","link":"https:\/\/portfolio.uqac.ca\/etiennehebert\/curriculum-vitae\/","title":{"rendered":"Curriculum vitae"},"content":{"rendered":"<h2 style=\"text-align: center\"><strong>Dipl\u00f4mes<\/strong><\/h2>\n<h3><strong>2004\u00a0 \u00a0 \u00a0 \u00a0 \u00a0 \u00a0 \u00a0 \u00a0 \u00a0 \u00a0 \u00a0 \u00a0 \u00a0 <\/strong><\/h3>\n<p style=\"padding-left: 30px\">Doctorat en psychologie (Ph.D.)<\/p>\n<p style=\"padding-left: 30px\">\u00c9cole de psychologie, Facult\u00e9 des \u00c9tudes Sup\u00e9rieures, Universit\u00e9 Laval<\/p>\n<p style=\"padding-left: 30px\">Boursier FCAR (maintenant le FQRSC)<\/p>\n<p style=\"padding-left: 30px\">Th\u00e8se\u00a0: Personnalit\u00e9 et acte sportif\u00a0: perspective psychodynamique<\/p>\n<p>&nbsp;<\/p>\n<h3><strong>1999\u00a0\u00a0\u00a0\u00a0\u00a0\u00a0\u00a0\u00a0\u00a0\u00a0\u00a0\u00a0\u00a0\u00a0\u00a0 <\/strong><\/h3>\n<p style=\"padding-left: 30px\">Ma\u00eetrise en psychologie (M.Ps.)<\/p>\n<p style=\"padding-left: 30px\">\u00c9cole de psychologie, Facult\u00e9 des \u00c9tudes Sup\u00e9rieures, Universit\u00e9 Laval<\/p>\n<p style=\"padding-left: 30px\">M\u00e9moire\u00a0: <em>Personality Organization Diagnostic Form <\/em>(PODF): \u00c9tude d\u2019ententes interjuges, d\u2019\u00e9quivalence et de validit\u00e9<\/p>\n<p>&nbsp;<\/p>\n<h3><strong>1997\u00a0 \u00a0 \u00a0<\/strong><\/h3>\n<p style=\"padding-left: 30px\">Baccalaur\u00e9at sp\u00e9cialis\u00e9 en psychologie (B.A.)<\/p>\n<p style=\"padding-left: 30px\">\u00c9cole de psychologie, Facult\u00e9 des Sciences Sociales<\/p>\n<p style=\"padding-left: 30px\">Universit\u00e9 Laval<\/p>\n<h2 style=\"text-align: center\"><strong><br \/>\nAffiliations professionnelles<\/strong><\/h2>\n<p>&nbsp;<\/p>\n<p>Ordre des psychologues du Qu\u00e9bec (08726-99)<\/p>\n<h2 style=\"text-align: center\"><strong><br \/>\nExp\u00e9rience professionnelle \u00e0 l\u2019UQAC<br \/>\n<\/strong><\/h2>\n<h3><strong>2004-\u00a0 \u00a0 \u00a0<\/strong><\/h3>\n<p style=\"padding-left: 30px\">Professeur agr\u00e9g\u00e9 \u00e0 l&#8217;Universit\u00e9 du Qu\u00e9bec \u00e0 Chicoutimi<\/p>\n<h3><strong>2013-2017\u00a0 \u00a0<\/strong><\/h3>\n<p style=\"padding-left: 30px\">Doyen des \u00e9tudes, D\u00e9canat des \u00e9tudes<\/p>\n<h3><strong>2011-2013\u00a0 \u00a0 <\/strong><\/h3>\n<p style=\"padding-left: 30px\">\u00a0Directeur du D\u00e9partement des sciences de la sant\u00e9 (DSS)<\/p>\n<p style=\"padding-left: 30px\">Membre de la sous-commission des \u00e9tudes de premier cycle<\/p>\n<h3><strong>2008-2012<\/strong><\/h3>\n<p style=\"padding-left: 30px\">Membre du comit\u00e9 interne d\u2019agr\u00e9ment du programme de doctorat en psychologie de l\u2019Universit\u00e9 du Qu\u00e9bec \u00e0 Chicoutimi \u00e0 l\u2019Ordre des psychologues du Qu\u00e9bec (OPQ)<\/p>\n<h3><strong>2008-2011<\/strong><\/h3>\n<p style=\"padding-left: 30px\">Directeur de la Clinique universitaire de psychologie (CUP)<\/p>\n<h3><strong>2006-2008<\/strong><\/h3>\n<p style=\"padding-left: 30px\">Membre du Comit\u00e9 d\u2019\u00e9thique de la recherche<\/p>\n<h3><strong>2006-2007<\/strong><\/h3>\n<p style=\"padding-left: 30px\">Membre du Comit\u00e9 de gestion de la Clinique universitaire de psychologie<\/p>\n<h3><strong>2004-2007<\/strong><\/h3>\n<p style=\"padding-left: 30px\">Membre du Comit\u00e9 des programmes de cycles sup\u00e9rieurs en psychologie<\/p>\n<h2 style=\"text-align: center\"><strong>Exp\u00e9rience professionnelle ext\u00e9rieure \u00e0 l\u2019UQAC<\/strong><\/h2>\n<h3>2016-<\/h3>\n<p style=\"padding-left: 30px\">Psychologue clinicien<\/p>\n<h3>2014<\/h3>\n<p style=\"padding-left: 30px\">Pr\u00e9sident d\u2019honneur D\u00e9fi des t\u00eates ras\u00e9es Leucan Saguenay-Lac-St-Jean<\/p>\n<h3>2011-2013<\/h3>\n<p style=\"padding-left: 30px\">Consultant en pr\u00e9paration mentale pour les Saguen\u00e9ens de Chicoutimi (LHJMQ)<\/p>\n<h3><strong>2009-2011<\/strong><\/h3>\n<p style=\"padding-left: 30px\">Coordonnateur technique du programme de football de la Polyvalente L\u2019Odyss\u00e9e-Lafontaine Dominique-Racine<\/p>\n<p>&nbsp;<\/p>\n<p>&nbsp;<\/p>\n","protected":false},"excerpt":{"rendered":"<p>Dipl\u00f4mes 2004\u00a0 \u00a0 \u00a0 \u00a0 \u00a0 \u00a0 \u00a0 \u00a0 \u00a0 \u00a0 \u00a0 \u00a0 \u00a0 Doctorat en psychologie (Ph.D.) \u00c9cole de psychologie, Facult\u00e9 des \u00c9tudes Sup\u00e9rieures, Universit\u00e9 Laval Boursier FCAR (maintenant le FQRSC) Th\u00e8se\u00a0: Personnalit\u00e9 et acte sportif\u00a0: perspective psychodynamique &nbsp; 1999\u00a0\u00a0\u00a0\u00a0\u00a0\u00a0\u00a0\u00a0\u00a0\u00a0\u00a0\u00a0\u00a0\u00a0\u00a0 Ma\u00eetrise en psychologie (M.Ps.) \u00c9cole de psychologie, Facult\u00e9 des \u00c9tudes Sup\u00e9rieures, Universit\u00e9 Laval M\u00e9moire\u00a0: &hellip; <a href=\"https:\/\/portfolio.uqac.ca\/etiennehebert\/curriculum-vitae\/\" class=\"more-link\">Continuer la lecture de <span class=\"screen-reader-text\">Curriculum vitae<\/span>  <span class=\"meta-nav\">&rarr;<\/span><\/a><\/p>\n","protected":false},"author":89,"featured_media":0,"parent":0,"menu_order":0,"comment_status":"closed","ping_status":"closed","template":"","meta":{"footnotes":""},"tags":[],"_links":{"self":[{"href":"https:\/\/portfolio.uqac.ca\/etiennehebert\/wp-json\/wp\/v2\/pages\/27"}],"collection":[{"href":"https:\/\/portfolio.uqac.ca\/etiennehebert\/wp-json\/wp\/v2\/pages"}],"about":[{"href":"https:\/\/portfolio.uqac.ca\/etiennehebert\/wp-json\/wp\/v2\/types\/page"}],"author":[{"embeddable":true,"href":"https:\/\/portfolio.uqac.ca\/etiennehebert\/wp-json\/wp\/v2\/users\/89"}],"replies":[{"embeddable":true,"href":"https:\/\/portfolio.uqac.ca\/etiennehebert\/wp-json\/wp\/v2\/comments?post=27"}],"version-history":[{"count":9,"href":"https:\/\/portfolio.uqac.ca\/etiennehebert\/wp-json\/wp\/v2\/pages\/27\/revisions"}],"predecessor-version":[{"id":174,"href":"https:\/\/portfolio.uqac.ca\/etiennehebert\/wp-json\/wp\/v2\/pages\/27\/revisions\/174"}],"wp:attachment":[{"href":"https:\/\/portfolio.uqac.ca\/etiennehebert\/wp-json\/wp\/v2\/media?parent=27"}],"wp:term":[{"taxonomy":"post_tag","embeddable":true,"href":"https:\/\/portfolio.uqac.ca\/etiennehebert\/wp-json\/wp\/v2\/tags?post=27"}],"curies":[{"name":"wp","href":"https:\/\/api.w.org\/{rel}","templated":true}]}}