{"id":273,"date":"2019-03-26T09:37:14","date_gmt":"2019-03-26T13:37:14","guid":{"rendered":"http:\/\/portfolio-pre.uqac.ca\/etiennehebert\/?page_id=273"},"modified":"2019-03-26T09:42:46","modified_gmt":"2019-03-26T13:42:46","slug":"communications-conferencier-invite","status":"publish","type":"page","link":"https:\/\/portfolio.uqac.ca\/etiennehebert\/communications-conferencier-invite\/","title":{"rendered":"Communications &#8211; Conf\u00e9rencier invit\u00e9"},"content":{"rendered":"<p>H\u00e9bert, E. (2016, septembre). G\u00e9rer son stress durant ses \u00e9tudes. Communication pr\u00e9sent\u00e9e aux Journ\u00e9es de la rel\u00e8ve en recherche (ACFAS), Montr\u00e9al, Canada. <\/p>\n<p>H\u00e9bert, E. (2016, mars). La course \u00e0 votre rythme. Communication pr\u00e9sent\u00e9e \u00e0 La foul\u00e9e rose, club de course f\u00e9minin Saguenay, Chicoutimi, Canada. <\/p>\n<p>H\u00e9bert, E. (2015, f\u00e9vrier). La psychologie du sport. Communication pr\u00e9sent\u00e9e en collaboration avec la boutique VO2, Chicoutimi, Canada. <\/p>\n<p>H\u00e9bert, E. (2013, janvier). Je suis un nageur. Est-ce que je connais la fa\u00e7on dont le stress influence ma performance ? Communication pr\u00e9sent\u00e9e \u00e0 un camp d\u2019entra\u00eenement de natation, Jonqui\u00e8re, Canada. <\/p>\n<p>H\u00e9bert, E. (2012, novembre). Qu\u2019est-ce qu\u2019une \u00e9quipe ? Quels r\u00f4les pour l\u2019entra\u00eeneur ?  Communication pr\u00e9sent\u00e9e au Forum r\u00e9gional des entra\u00eeneurs, Chicoutimi, Canada. <\/p>\n<p>McMullen, D., &#038; H\u00e9bert, E. (2012, novembre). Formation sur l\u2019\u00e9thique sportive. Journ\u00e9e de formation offerte aux leaders identifi\u00e9s des \u00e9quipes sportives des programmes de l\u2019Odyss\u00e9e Lafontaine \u2013 Dominique Racine. <\/p>\n<p>H\u00e9bert, E. (2012, octobre). G\u00e9rer le stress : facile \u00e0 dire\u2026  Communication pr\u00e9sent\u00e9e aux repr\u00e9sentants de SFL du Fjord, Chicoutimi, Canada. <\/p>\n<p>H\u00e9bert, E. (2012, f\u00e9vrier). Est-ce que je connais la fa\u00e7on dont le stress influence ma performance ? Communication pr\u00e9sent\u00e9e au camp de s\u00e9lection de basketball U15 pour les Jeux du Qu\u00e9bec, Chicoutimi, Canada. <\/p>\n<p>McMullen, D., &#038; H\u00e9bert, E. (2011, novembre). Formation sur l\u2019\u00e9thique sportive. Journ\u00e9e de formation offerte aux leaders identifi\u00e9s des \u00e9quipes sportives des programmes de l\u2019Odyss\u00e9e Lafontaine \u2013 Dominique Racine. <\/p>\n<p>H\u00e9bert, E. (2011, octobre). Le D\u00e9partement des sciences de la sant\u00e9. Communication pr\u00e9sent\u00e9e \u00e0 la Fondation de l\u2019UQAC, Chicoutimi, Canada. <\/p>\n<p>H\u00e9bert, E. (2011, octobre). La relation entra\u00eeneur-entra\u00een\u00e9 : comment communiquer efficacement ? Communication pr\u00e9sent\u00e9e aux entra\u00eeneurs des programmes sports-arts-\u00e9tudes de la commission scolaire de la Jonqui\u00e8re, Jonqui\u00e8re, Canada. <\/p>\n<p>H\u00e9bert, E. (2011, mars). Mon ado fait du sport : comment puis-je le supporter ? Communication pr\u00e9sent\u00e9e \u00e0 la commission scolaire des Ch\u00eanes, Drummondville, Canada. <\/p>\n<p>H\u00e9bert, E. (2011, mars). Je fais du sport\u2026 Est-ce que je connais la fa\u00e7on dont le stress influence ma performance ? Communication pr\u00e9sent\u00e9e \u00e0 la commission scolaire des Ch\u00eanes, Drummondville, Canada. <\/p>\n<p>H\u00e9bert, E (2011, mars) Pr\u00e9paration psychologique avant une comp\u00e9tition Communication pr\u00e9sent\u00e9e aux entra\u00eeneurs des programmes sports-\u00e9tudes de l\u2019Odyss\u00e9e Lafontaine \u2013 Dominique Racine. <\/p>\n<p>H\u00e9bert, E. (2011, f\u00e9vrier). Qu\u2019est-ce qu\u2019une \u00e9quipe ? Quels r\u00f4les pour l\u2019entra\u00eeneur ? Communication pr\u00e9sent\u00e9e dans le cadre de la clinique annuelle d\u2019entra\u00eeneurs du Vert et Or de l\u2019Universit\u00e9 de Sherbrooke, Sherbrooke, Canada. <\/p>\n<p>H\u00e9bert, E. (2010, d\u00e9cembre). La gestion du stress. Atelier pr\u00e9sent\u00e9 dans le cadre du congr\u00e8s sports-\u00e9tudes de la commission scolaire des Rives du Saguenay. <\/p>\n<p>McMullen, D., &#038; H\u00e9bert, E. (2010, mai et novembre). Formation sur l\u2019\u00e9thique sportive. Journ\u00e9e de formation offerte aux leaders identifi\u00e9s des \u00e9quipes sportives des programmes de l\u2019Odyss\u00e9e Lafontaine \u2013 Dominique Racine. <\/p>\n<p>H\u00e9bert, E. (2010, f\u00e9vrier). Les organisations de personnalit\u00e9 : d\u00e9veloppement, applications, traitement et recherche. Communication pr\u00e9sent\u00e9e dans le cadre du Psycolloque : L\u2019envers du d\u00e9cor. <\/p>\n<p>H\u00e9bert, E (2010, janvier) Qu\u2019est-ce qu\u2019une \u00e9quipe? Communication aux entra\u00eeneurs des programmes sports-\u00e9tudes de l\u2019Odyss\u00e9e Lafontaine\u2013Dominique Racine. <\/p>\n<p>H\u00e9bert, \u00c9 (2009, octobre) La relation entra\u00eeneur-entra\u00een\u00e9 : comment communiquer efficacement. Communication pr\u00e9sent\u00e9e aux entra\u00eeneurs des programmes sports-\u00e9tudes de l\u2019Odyss\u00e9e Lafontaine \u2013 Dominique Racine. <\/p>\n<p>H\u00e9bert, \u00c9. (2008, septembre). L\u2019intervention aupr\u00e8s des athl\u00e8tes : perspective de la psychologie sportive. Communication pr\u00e9sent\u00e9e aux entra\u00eeneurs des programmes sport-\u00e9tudes de la commission scolaire des Ch\u00eanes, Drummondville, Canada.<\/p>\n<p>H\u00e9bert, \u00c9. (2008, ao\u00fbt). L\u2019intervention aupr\u00e8s des athl\u00e8tes : perspective de la psychologie sportive. Communication pr\u00e9sent\u00e9e aux entra\u00eeneurs du hockey espoirs AA du Saguenay Lac-St-Jean, Chicoutimi, Canada.<\/p>\n<p>H\u00e9bert, \u00c9. (2008, ao\u00fbt). L\u2019intervention aupr\u00e8s des athl\u00e8tes : perspective de la psychologie sportive. Communication pr\u00e9sent\u00e9e aux entra\u00eeneurs du hockey mineur de Jonqui\u00e8re, Chicoutimi, Canada.<\/p>\n<p>H\u00e9bert, \u00c9. (2008, mars). Comment parvenir \u00e0 int\u00e9grer l\u2019intervention psychologique dans une semaine de pr\u00e9paration. Communication pr\u00e9sent\u00e9e \u00e0 l\u2019Universit\u00e9 de Sherbrooke, Sherbrooke, Canada.<\/p>\n<p>H\u00e9bert, \u00c9. (2006, janvier). L\u2019activit\u00e9 sportive et l\u2019intervention psychologique visant la motivation : un m\u00e9lange possible. Communication pr\u00e9sent\u00e9e \u00e0 l\u2019Universit\u00e9 du Qu\u00e9bec \u00e0 Chicoutimi (UQAC), Chicoutimi, Canada.<\/p>\n<p>H\u00e9bert, \u00c9. (2004, avril). L\u2019activit\u00e9 sportive et l\u2019intervention psychologique visant la motivation : un m\u00e9lange possible. Communication pr\u00e9sent\u00e9e \u00e0 l\u2019Universit\u00e9 du Qu\u00e9bec \u00e0 Chicoutimi (UQAC), Chicoutimi, Canada.<\/p>\n<p>Daoust, J.P, &#038; H\u00e9bert, E. (2001, avril). Les organisations de la personnalit\u00e9. Communication pr\u00e9sent\u00e9e dans le cadre des clini-rencontres, Universit\u00e9 Laval, Canada.<\/p>\n<p>H\u00e9bert, E., &#038; Daoust, J.P. (2001, janvier). La personnalit\u00e9. Communication pr\u00e9sent\u00e9e dans le cadre des clini-rencontres, Universit\u00e9 Laval, Canada<\/p>\n","protected":false},"excerpt":{"rendered":"<p>H\u00e9bert, E. (2016, septembre). G\u00e9rer son stress durant ses \u00e9tudes. Communication pr\u00e9sent\u00e9e aux Journ\u00e9es de la rel\u00e8ve en recherche (ACFAS), Montr\u00e9al, Canada. H\u00e9bert, E. (2016, mars). La course \u00e0 votre rythme. Communication pr\u00e9sent\u00e9e \u00e0 La foul\u00e9e rose, club de course f\u00e9minin Saguenay, Chicoutimi, Canada. H\u00e9bert, E. (2015, f\u00e9vrier). La psychologie du sport. Communication pr\u00e9sent\u00e9e en &hellip; <a href=\"https:\/\/portfolio.uqac.ca\/etiennehebert\/communications-conferencier-invite\/\" class=\"more-link\">Continuer la lecture de <span class=\"screen-reader-text\">Communications &#8211; Conf\u00e9rencier invit\u00e9<\/span>  <span class=\"meta-nav\">&rarr;<\/span><\/a><\/p>\n","protected":false},"author":147,"featured_media":0,"parent":0,"menu_order":0,"comment_status":"closed","ping_status":"closed","template":"","meta":{"footnotes":""},"tags":[],"_links":{"self":[{"href":"https:\/\/portfolio.uqac.ca\/etiennehebert\/wp-json\/wp\/v2\/pages\/273"}],"collection":[{"href":"https:\/\/portfolio.uqac.ca\/etiennehebert\/wp-json\/wp\/v2\/pages"}],"about":[{"href":"https:\/\/portfolio.uqac.ca\/etiennehebert\/wp-json\/wp\/v2\/types\/page"}],"author":[{"embeddable":true,"href":"https:\/\/portfolio.uqac.ca\/etiennehebert\/wp-json\/wp\/v2\/users\/147"}],"replies":[{"embeddable":true,"href":"https:\/\/portfolio.uqac.ca\/etiennehebert\/wp-json\/wp\/v2\/comments?post=273"}],"version-history":[{"count":3,"href":"https:\/\/portfolio.uqac.ca\/etiennehebert\/wp-json\/wp\/v2\/pages\/273\/revisions"}],"predecessor-version":[{"id":280,"href":"https:\/\/portfolio.uqac.ca\/etiennehebert\/wp-json\/wp\/v2\/pages\/273\/revisions\/280"}],"wp:attachment":[{"href":"https:\/\/portfolio.uqac.ca\/etiennehebert\/wp-json\/wp\/v2\/media?parent=273"}],"wp:term":[{"taxonomy":"post_tag","embeddable":true,"href":"https:\/\/portfolio.uqac.ca\/etiennehebert\/wp-json\/wp\/v2\/tags?post=273"}],"curies":[{"name":"wp","href":"https:\/\/api.w.org\/{rel}","templated":true}]}}