{"id":4,"date":"2019-02-06T15:06:59","date_gmt":"2019-02-06T20:06:59","guid":{"rendered":"http:\/\/portfolio-pre.uqac.ca\/gabarit\/?page_id=4"},"modified":"2024-04-09T14:26:20","modified_gmt":"2024-04-09T18:26:20","slug":"presentatio","status":"publish","type":"page","link":"https:\/\/portfolio.uqac.ca\/etiennehebert\/","title":{"rendered":"Pr\u00e9sentation"},"content":{"rendered":"<p>Je suis un psychologue clinicien passionn\u00e9 par le sport !<\/p>\n<p>Je suis\u00a0 professeur \u00e0 l&#8217;UQAC depuis\u00a02004 \u00e0 titre de professeur en psychologie sp\u00e9cialis\u00e9 dans les th\u00e9ories de la personnalit\u00e9 et en psychopathologie.\u00a0Ainsi,\u00a0 de 2004 \u00e0 2013, j\u2019ai r\u00e9guli\u00e8rement enseign\u00e9 les cours \u00ab\u00a0th\u00e9ories de la personnalit\u00e9\u00a0\u00bb (SPSY116) et \u00ab\u00a0psychopathologie descriptive\u00a0\u00bb (SPSY145) au baccalaur\u00e9at en psychologie. De m\u00eame, j\u2019ai supervis\u00e9 \u00e0 de nombreuses reprises des stagiaires au doctorat en psychologie (stages 1 et 2). \u00c9galement et puisque je poss\u00e8de une expertise dans le domaine du sport tant \u00e0 titre d\u2019entra\u00eeneur que de psychologue, j\u2019ai collabor\u00e9 avec le module de psychologie afin de d\u00e9velopper le cours \u00ab\u00a0introduction \u00e0 la psychologie sportive\u00a0\u00bb (SPSY324).<\/p>\n<p>Quant \u00e0 mes travaux de recherche, ils ont d&#8217;abord port\u00e9 dans une premi\u00e8re p\u00e9riode de ma carri\u00e8re sur la psychologie clinique et, plus pr\u00e9cis\u00e9ment, sur les liens entre les organisations de personnalit\u00e9, les contenus verbaux, les affects et les modes relationnels. \u00c0 pr\u00e9sent, je m&#8217;int\u00e9resse\u00a0au\u00a0d\u00e9veloppement des comp\u00e9tences\u00a0transf\u00e9rables des \u00e9tudiants \u00e0 travers le sport-\u00e9tudiant et les aspects psychologiques de l&#8217;entra\u00eenement sportif.<\/p>\n<p>Par ailleurs,\u00a0j\u2019ai occup\u00e9 diff\u00e9rentes fonctions administratives de fa\u00e7on continue au cours de neuf ann\u00e9es et demie (9 \u00bd ans). En effet, j&#8217;ai \u00e9t\u00e9 tour \u00e0 tour directeur de la Clinique universitaire de psychologie pendant plus de deux (2) ans (juin 2008 \u00e0 janvier 2011),\u00a0directeur du d\u00e9partement des sciences de la sant\u00e9 pendant pr\u00e8s trois (3) ans (janvier 2011 \u00e0 septembre 2013) et doyen des \u00e9tudes pendant quatre (4) ans (septembre 2013 \u00e0 novembre 2017).<\/p>\n<p>Finalement, depuis septembre 2022, j&#8217;occupe le poste de vice-recteur aux \u00e9tudes, \u00e0 la formation et \u00e0 la r\u00e9ussite. J&#8217;ai d&#8217;abord occup\u00e9 l&#8217;int\u00e9rim de septembre \u00e0 d\u00e9cembre puis j&#8217;ai obtenu un mandat de 5 ans qui s&#8217;est amorc\u00e9 en janvier 2023.<\/p>\n<p>&nbsp;<\/p>\n","protected":false},"excerpt":{"rendered":"<p>Je suis un psychologue clinicien passionn\u00e9 par le sport ! Je suis\u00a0 professeur \u00e0 l&#8217;UQAC depuis\u00a02004 \u00e0 titre de professeur en psychologie sp\u00e9cialis\u00e9 dans les th\u00e9ories de la personnalit\u00e9 et en psychopathologie.\u00a0Ainsi,\u00a0 de 2004 \u00e0 2013, j\u2019ai r\u00e9guli\u00e8rement enseign\u00e9 les cours \u00ab\u00a0th\u00e9ories de la personnalit\u00e9\u00a0\u00bb (SPSY116) et \u00ab\u00a0psychopathologie descriptive\u00a0\u00bb (SPSY145) au baccalaur\u00e9at en psychologie. De &hellip; <a href=\"https:\/\/portfolio.uqac.ca\/etiennehebert\/\" class=\"more-link\">Continuer la lecture de <span class=\"screen-reader-text\">Pr\u00e9sentation<\/span>  <span class=\"meta-nav\">&rarr;<\/span><\/a><\/p>\n","protected":false},"author":89,"featured_media":0,"parent":0,"menu_order":0,"comment_status":"closed","ping_status":"closed","template":"","meta":{"footnotes":""},"tags":[11,16,15,14,13,10,7,12],"_links":{"self":[{"href":"https:\/\/portfolio.uqac.ca\/etiennehebert\/wp-json\/wp\/v2\/pages\/4"}],"collection":[{"href":"https:\/\/portfolio.uqac.ca\/etiennehebert\/wp-json\/wp\/v2\/pages"}],"about":[{"href":"https:\/\/portfolio.uqac.ca\/etiennehebert\/wp-json\/wp\/v2\/types\/page"}],"author":[{"embeddable":true,"href":"https:\/\/portfolio.uqac.ca\/etiennehebert\/wp-json\/wp\/v2\/users\/89"}],"replies":[{"embeddable":true,"href":"https:\/\/portfolio.uqac.ca\/etiennehebert\/wp-json\/wp\/v2\/comments?post=4"}],"version-history":[{"count":17,"href":"https:\/\/portfolio.uqac.ca\/etiennehebert\/wp-json\/wp\/v2\/pages\/4\/revisions"}],"predecessor-version":[{"id":160,"href":"https:\/\/portfolio.uqac.ca\/etiennehebert\/wp-json\/wp\/v2\/pages\/4\/revisions\/160"}],"wp:attachment":[{"href":"https:\/\/portfolio.uqac.ca\/etiennehebert\/wp-json\/wp\/v2\/media?parent=4"}],"wp:term":[{"taxonomy":"post_tag","embeddable":true,"href":"https:\/\/portfolio.uqac.ca\/etiennehebert\/wp-json\/wp\/v2\/tags?post=4"}],"curies":[{"name":"wp","href":"https:\/\/api.w.org\/{rel}","templated":true}]}}