{"id":46,"date":"2019-02-06T15:06:59","date_gmt":"2019-02-06T20:06:59","guid":{"rendered":"http:\/\/portfolio-pre.uqac.ca\/gabarit\/?page_id=46"},"modified":"2019-02-21T20:25:26","modified_gmt":"2019-02-22T01:25:26","slug":"recherche","status":"publish","type":"page","link":"https:\/\/portfolio.uqac.ca\/etiennehebert\/recherche\/","title":{"rendered":"Recherche"},"content":{"rendered":"<h2 style=\"text-align: center\">Projets en cours<\/h2>\n<h2>2019-<\/h2>\n<p>&nbsp;<\/p>\n<h2><strong><em>2005- <\/em><\/strong><\/h2>\n<p>\u00c9tude des liens entre la personnalit\u00e9 et les contenus verbaux, les \u00e9motions, le fonctionnement psychosocial et les relations interpersonnelles<\/p>\n","protected":false},"excerpt":{"rendered":"<p>Projets en cours 2019- &nbsp; 2005- \u00c9tude des liens entre la personnalit\u00e9 et les contenus verbaux, les \u00e9motions, le fonctionnement psychosocial et les relations interpersonnelles<\/p>\n","protected":false},"author":89,"featured_media":0,"parent":0,"menu_order":0,"comment_status":"closed","ping_status":"closed","template":"","meta":{"footnotes":""},"tags":[],"_links":{"self":[{"href":"https:\/\/portfolio.uqac.ca\/etiennehebert\/wp-json\/wp\/v2\/pages\/46"}],"collection":[{"href":"https:\/\/portfolio.uqac.ca\/etiennehebert\/wp-json\/wp\/v2\/pages"}],"about":[{"href":"https:\/\/portfolio.uqac.ca\/etiennehebert\/wp-json\/wp\/v2\/types\/page"}],"author":[{"embeddable":true,"href":"https:\/\/portfolio.uqac.ca\/etiennehebert\/wp-json\/wp\/v2\/users\/89"}],"replies":[{"embeddable":true,"href":"https:\/\/portfolio.uqac.ca\/etiennehebert\/wp-json\/wp\/v2\/comments?post=46"}],"version-history":[{"count":6,"href":"https:\/\/portfolio.uqac.ca\/etiennehebert\/wp-json\/wp\/v2\/pages\/46\/revisions"}],"predecessor-version":[{"id":184,"href":"https:\/\/portfolio.uqac.ca\/etiennehebert\/wp-json\/wp\/v2\/pages\/46\/revisions\/184"}],"wp:attachment":[{"href":"https:\/\/portfolio.uqac.ca\/etiennehebert\/wp-json\/wp\/v2\/media?parent=46"}],"wp:term":[{"taxonomy":"post_tag","embeddable":true,"href":"https:\/\/portfolio.uqac.ca\/etiennehebert\/wp-json\/wp\/v2\/tags?post=46"}],"curies":[{"name":"wp","href":"https:\/\/api.w.org\/{rel}","templated":true}]}}