{"id":162,"date":"2021-06-17T13:37:33","date_gmt":"2021-06-17T17:37:33","guid":{"rendered":"http:\/\/portfolio-pre.uqac.ca\/gabarit\/?page_id=162"},"modified":"2024-02-19T14:13:08","modified_gmt":"2024-02-19T19:13:08","slug":"articles","status":"publish","type":"page","link":"https:\/\/portfolio.uqac.ca\/etienneroygregoire\/articles\/","title":{"rendered":"Articles et Chapitres"},"content":{"rendered":"<h4><a href=\"https:\/\/constellation.uqac.ca\/view\/people\/Roy_Gr=E9goire=3AEtienne=3A=3A.html\">Consulter la liste des publications disponibles en acc\u00e8s libre.<\/a><\/h4>\n<h4>Articles et chapitres<\/h4>\n<div>\n<p>Hatcher, P. et Roy Gr\u00e9goire, E. (2023). Territorial Control, Dispossession and Resistance: The Political Economy of Large-Scale Mining in Asia. Dans Routledge Handbook of Global Land and Resource Grabbing. Routledge. ACC\u00c8S LIBRE: https:\/\/<a href=\"https:\/\/www.taylorfrancis.com\/chapters\/oa-edit\/10.4324\/9781003080916-21\/territorial-control-dispossession-resistance-pascale-hatcher-etienne-roy-gr%C3%A9goire?context=ubx&amp;refId=b7ee3d3e-9350-4ed5-b711-dcb93b1a3590\">www.taylorfrancis.com\/chapters\/oa-edit\/10.4324\/9781003080916-21\/territorial-control-dispossession-resistance-pascale-hatcher-etienne-roy-gr%C3%A9goire?context=ubx&amp;refId=b7ee3d3e-9350-4ed5-b711-dcb93b1a3590<\/a><\/p>\n<p>Roy Gr\u00e9goire, E. et Deer, K. (2023). Dialogue sur l\u2019histoire qu\u00e9b\u00e9coise et l\u2019histoire mohawk. Entretien avec Kenneth Deer. Dans G. Nootens et F.-O. Dorais (dir.), Qu\u00e9b\u00e9cois et Autochtones\u202f: histoire commune, histoire crois\u00e9e, ou histoires parall\u00e8les? (p. 75\u201197). Bor\u00e9al.<\/p>\n<p>Anzueto, M.-A., Roy Gr\u00e9goire, E. et Dufort, P. (2022). Beyond the \u201cweakness of the state\u201d: Canada\u2019s intervention in post-agreement Colombia. International Journal, 00207020221135370. <a href=\"https:\/\/doi.org\/10.1177\/00207020221135370\">https:\/\/doi.org\/10.1177\/00207020221135370<\/a><\/p>\n<\/div>\n<p>Roy Gr\u00e9goire, E. et P. Hatcher (2022). \u00ab\u00a0Global Extractivism as a Vector of Inequality and Vulnerability\u00a0\u00bb, dans N. Banks, S. Engel, P. Hodge, J. Makuwira, N. Nakamura, A. Salamanca, K. Sims, P. Yeophantong, et J. Rigg (dir.) Routledge Handbook of Global Development, Routledge, London, doi.org\/10.4324\/9871003017653-33 \/ <a href=\"https:\/\/www.taylorfrancis.com\/chapters\/edit\/10.4324\/9781003017653-33\/global-extractivism-inequality-etienne-roy-gr%C3%A9goire-pascale-hatcher\">https:\/\/www.taylorfrancis.com\/chapters\/edit\/10.4324\/9781003017653-33\/global-extractivism-inequality-etienne-roy-gr%C3%A9goire-pascale-hatcher<\/a>;<\/p>\n<p>Etienne Roy Gr\u00e9goire\u00a0(2022). \u00ab\u00a0D\u00e9passer les effets de rupture et historiciser la d\u00e9colonisation des savoirs avec Orlando Fals Borda\u00a0\u00bb, <em>Canadian Journal of Latin American and Caribbean Studies \/ Revue canadienne des \u00e9tudes latino-am\u00e9ricaines et cara\u00efbes<\/em>,\u00a0<a href=\"https:\/\/doi.org\/10.1080\/08263663.2022.2005902\">doi.org\/10.1080\/08263663.2022.2005902<\/a>;<\/p>\n<p>Roy Gr\u00e9goire, E. (2020). \u00ab Gouvernementalit\u00e9 extractive et autod\u00e9termination au Canada. \u00c9cosyst\u00e8mes normatifs et charge critique de l\u2019inter-normativit\u00e9 \u00bb, Canadian Journal of Law and Society \/ Revue canadienne droit et soci\u00e9t\u00e9 35:3, 455-475, <a href=\"https:\/\/doi.org\/10.1017\/cls.2020.22\">doi.org\/10.1017\/cls.2020.22<\/a>.<\/p>\n<p>Roy Gr\u00e9goire, E. (2019). \u00ab Dialogue as Racism? Canadian dialogue promotion in Guatemala\u2019s extractive sector \u00bb, Extractive Industries and Society 6:3, 688-701, <a href=\"https:\/\/doi.org\/10.1016\/j.exis.2019.01.009\">doi.org\/10.1016\/j.exis.2019.01.009<\/a>.<\/p>\n<p>Roy Gr\u00e9goire, E. (2017). \u00ab <a href=\"https:\/\/cdp-hrc.uottawa.ca\/sites\/cdp-hrc.uottawa.ca\/files\/ottawau_canadianyearbookofhumanrights_vol1_2015.pdf\">Les Rapports annuels sur les impacts de l\u2019Accord de libre-\u00e9change Canada-Colombie sur les droits humains au regard des enjeux entourant l\u2019investissement extractif en Colombie : limites m\u00e9thodologiques, cr\u00e9dibilit\u00e9 et pertinence<\/a> \u00bb, Canadian Yearbook of Human Rights \/ Annuaire canadien des droits de la personne 1, 19-2.<\/p>\n<p>Roy Gr\u00e9goire, E. et L. M. Monz\u00f3n (2017). \u00ab <a href=\"https:\/\/www.ipc.org.co\/agenciadeprensa\/wp-content\/uploads\/2017\/08\/Boleti%CC%81n-7.pdf\">La miner\u00eda en Colombia y su filosof\u00eda pol\u00edtica. \u00bfHacia una raz\u00f3n p\u00fablico-privada de Estado? <\/a>\u00bb, Bolet\u00edn no. 20, Observatorio Derechos Humanos y Paz, Instituto Popular de Capacitaci\u00f3n, Medellin, 29 p.<\/p>\n<p>Roy Gr\u00e9goire, E. , B. Campbell et M.-C. Doran\u00a0 (2017). \u00ab The complex terrain of rights-based approaches: from the renewal of development practice to depoliticization \u00bb, Canadian Journal of Development Studies \/ Revue canadienne d\u2019\u00e9tudes du d\u00e9veloppement 38:2, 169-183, <a href=\"https:\/\/doi.org\/10.1080\/02255189.2017.1318049\">doi.org\/10.1080\/02255189.2017.1318049<\/a>.<\/p>\n<p>Roy Gr\u00e9goire, E.\u00a0 et Luz Marina Monz\u00f3n\u00a0 (2017). \u00ab Institutionalising Corporate Social Responsibility in Colombia\u2019s extractive sector: disciplining society, destabilising enforcement? \u00bb, Canadian Journal of Development Studies \/ Revue canadienne d\u2019\u00e9tudes du d\u00e9veloppement 38:2, 253-271, <a href=\"https:\/\/doi.org \/10.1080\/02255189.2017.1289077\">doi.org \/10.1080\/02255189.2017.1289077<\/a>.<\/p>\n<p>Roy Gr\u00e9goire, E et K. Hamilton (2017). \u00ab International accompaniment, reflexivity and the intelligibility of power in post-conflict Guatemala \u00bb dans E. Oglesby et D. M. Nelson (dir.), Guatemala, the Question of Genocide, Routledge, London et New York, 55-72. Publication du num\u00e9ro sp\u00e9cial 18:2-3 du Journal of Genocide Research (2016) au format livre.<\/p>\n<p>Roy Gr\u00e9goire, E\u00a0 et K. Hamilton\u00a0 (2016). \u00ab International accompaniment, reflexivity and the intelligibility of power in post-conflict Guatemala \u00bb, Journal of Genocide Research 18:2-3, 189-205, <a href=\"https:\/\/doi.org\/10.1080\/14623528.2016.1186896\">doi.org\/10.1080\/14623528.2016.1186896<\/a>.<\/p>\n<p>Roy Gr\u00e9goire, E. (2013). \u00ab<a href=\"https:\/\/www.ieim.uqam.ca\/IMG\/pdf\/roy-gregoire.pdf\"> The Contribution of Impact and Benefit Agreements to the Regulation of Mining Projects: Lessons from the Raglan Agreement in Northern Quebec<\/a> \u00bb, Proceedings of the 2013 World Mining Congress, Canadian Institute of Mining, Metallurgy and Petroleum.<\/p>\n<p>Roy Gr\u00e9goire, E. , U. Lapointe\u00a0 et G. King-Ruel\u00a0 (2012). \u00ab R\u00e9gulation du secteur minier au Qu\u00e9bec. Quelles contraintes et quelles ouvertures \u00e0 l\u2019\u00e9gard des populations locales? Le cas du projet minier Raglan \u00bb, dans M. Laforce, B. Campbell et B. Sarrasin (dir.), Pouvoir et r\u00e9gulation dans le secteur minier. Le\u00e7ons \u00e0 partir de l\u2019exp\u00e9rience canadienne, Presses de l\u2019Universit\u00e9 du Qu\u00e9bec, 111-156.<\/p>\n<p>Campbell, B. , E. Roy Gr\u00e9goire\u00a0 et M. Laforce (2011). \u00ab Regulatory Frameworks, Issues of Legitimacy and Accountability: Reflections Drawn from the PERCAN Initiative \u00bb, dans J. Sagebien et N. Lindsay (dir.), Governance Ecosystems: CSR in the Latin American Mining Sector, Palgrave Macmillan, Basingstoke, 84-101.<\/p>\n<p>Roy Gr\u00e9goire, E. (2007). \u00ab <a href=\"https:\/\/ieim.uqam.ca\/spip.php?page=article-ameriques&amp;id_article=3953\">Les \u00c9lections du 4 novembre 2007 au Guatemala: une transition d\u00e9mocratique en \u00e9chec?<\/a> \u00bb, Observatoire des Am\u00e9riques 7:19.<\/p>\n<p>&nbsp;<\/p>\n","protected":false},"excerpt":{"rendered":"<p>Consulter la liste des publications disponibles en acc\u00e8s libre. Articles et chapitres Hatcher, P. et Roy Gr\u00e9goire, E. (2023). Territorial Control, Dispossession and Resistance: The Political Economy of Large-Scale Mining in Asia. Dans Routledge Handbook of Global Land and Resource Grabbing. Routledge. ACC\u00c8S LIBRE: https:\/\/www.taylorfrancis.com\/chapters\/oa-edit\/10.4324\/9781003080916-21\/territorial-control-dispossession-resistance-pascale-hatcher-etienne-roy-gr%C3%A9goire?context=ubx&amp;refId=b7ee3d3e-9350-4ed5-b711-dcb93b1a3590 Roy Gr\u00e9goire, E. et Deer, K. (2023). Dialogue sur l\u2019histoire &hellip; <a href=\"https:\/\/portfolio.uqac.ca\/etienneroygregoire\/articles\/\" class=\"more-link\">Continuer la lecture de <span class=\"screen-reader-text\">Articles et Chapitres<\/span>  <span class=\"meta-nav\">&rarr;<\/span><\/a><\/p>\n","protected":false},"author":89,"featured_media":0,"parent":0,"menu_order":0,"comment_status":"closed","ping_status":"closed","template":"","meta":{"footnotes":""},"tags":[],"_links":{"self":[{"href":"https:\/\/portfolio.uqac.ca\/etienneroygregoire\/wp-json\/wp\/v2\/pages\/162"}],"collection":[{"href":"https:\/\/portfolio.uqac.ca\/etienneroygregoire\/wp-json\/wp\/v2\/pages"}],"about":[{"href":"https:\/\/portfolio.uqac.ca\/etienneroygregoire\/wp-json\/wp\/v2\/types\/page"}],"author":[{"embeddable":true,"href":"https:\/\/portfolio.uqac.ca\/etienneroygregoire\/wp-json\/wp\/v2\/users\/89"}],"replies":[{"embeddable":true,"href":"https:\/\/portfolio.uqac.ca\/etienneroygregoire\/wp-json\/wp\/v2\/comments?post=162"}],"version-history":[{"count":15,"href":"https:\/\/portfolio.uqac.ca\/etienneroygregoire\/wp-json\/wp\/v2\/pages\/162\/revisions"}],"predecessor-version":[{"id":236,"href":"https:\/\/portfolio.uqac.ca\/etienneroygregoire\/wp-json\/wp\/v2\/pages\/162\/revisions\/236"}],"wp:attachment":[{"href":"https:\/\/portfolio.uqac.ca\/etienneroygregoire\/wp-json\/wp\/v2\/media?parent=162"}],"wp:term":[{"taxonomy":"post_tag","embeddable":true,"href":"https:\/\/portfolio.uqac.ca\/etienneroygregoire\/wp-json\/wp\/v2\/tags?post=162"}],"curies":[{"name":"wp","href":"https:\/\/api.w.org\/{rel}","templated":true}]}}