{"id":18,"date":"2021-06-17T13:37:33","date_gmt":"2021-06-17T17:37:33","guid":{"rendered":"http:\/\/portfolio-pre.uqac.ca\/gabarit\/?page_id=18"},"modified":"2024-02-19T14:40:02","modified_gmt":"2024-02-19T19:40:02","slug":"enseignement","status":"publish","type":"page","link":"https:\/\/portfolio.uqac.ca\/etienneroygregoire\/enseignement\/","title":{"rendered":"Enseignement"},"content":{"rendered":"<p>Au baccalaur\u00e9at:<\/p>\n<ul>\n<li><a href=\"https:\/\/programmes.uqac.ca\/4PLU200\">4PLU200<\/a> : Introduction \u00e0 la recherche et aux m\u00e9thodes de travail en sciences humaines<\/li>\n<li><a href=\"https:\/\/programmes.uqac.ca\/4POL115\">4POL115<\/a> : Sociologie politique<\/li>\n<li><a href=\"https:\/\/programmes.uqac.ca\/4POL163\">4POL163<\/a> : S\u00e9minaire de troisi\u00e8me ann\u00e9e<\/li>\n<li><span style=\"line-height: 1.5\"><span style=\"line-height: 1.5\"><a href=\"https:\/\/cours.uqac.ca\/4POL216\">4POL216<\/a> :\u00a0<\/span><\/span>L&#8217;Am\u00e9rique latine<\/li>\n<li><a href=\"https:\/\/programmes.uqac.ca\/4POL235\">4POL235<\/a> : Les Peuples Autochtones au Canada et au Qu\u00e9bec: enjeux politiques<\/li>\n<li><a href=\"https:\/\/programmes.uqac.ca\/4POL260\">4POL260<\/a> : Les populismes<\/li>\n<li><a href=\"https:\/\/programmes.uqac.ca\/4POL265\">4POL265<\/a> : Extractivisme et autochtonie<\/li>\n<li><a href=\"https:\/\/programmes.uqac.ca\/4POL270\">4POL270<\/a> : Colonialit\u00e9 et post-colonialisme<\/li>\n<li><a href=\"https:\/\/cours.uqac.ca\/4POL308\">4POL308<\/a> : Forces politiques<\/li>\n<\/ul>\n<p>\u00c0 la maitrise:<\/p>\n<ul>\n<li><a href=\"https:\/\/programmes.uqac.ca\/4GDD803\">4GDD803<\/a> : D\u00e9mocratie, gouvernance et d\u00e9veloppement<\/li>\n<li><a href=\"https:\/\/programmes.uqac.ca\/4GDD808\">4GDD808<\/a> : S\u00e9minaire de recherche<\/li>\n<li><a href=\"https:\/\/programmes.uqac.ca\/4GDD810\">4GDD810<\/a> : Gouvernance des Premiers Peuples &#8211; Enjeux et d\u00e9fis<\/li>\n<\/ul>\n<p>Au doctorat:<\/p>\n<ul>\n<li><a href=\"https:\/\/programmes.uqac.ca\/SHA7015\">SHA7015<\/a> : \u00c9pist\u00e9mologie &#8211; sciences humaines appliqu\u00e9es<\/li>\n<li><a href=\"https:\/\/programmes.uqac.ca\/SHA7065\">SHA7065<\/a> : S\u00e9minaire sur l&#8217;intervention<\/li>\n<\/ul>\n","protected":false},"excerpt":{"rendered":"<p>Au baccalaur\u00e9at: 4PLU200 : Introduction \u00e0 la recherche et aux m\u00e9thodes de travail en sciences humaines 4POL115 : Sociologie politique 4POL163 : S\u00e9minaire de troisi\u00e8me ann\u00e9e 4POL216 :\u00a0L&#8217;Am\u00e9rique latine 4POL235 : Les Peuples Autochtones au Canada et au Qu\u00e9bec: enjeux politiques 4POL260 : Les populismes 4POL265 : Extractivisme et autochtonie 4POL270 : Colonialit\u00e9 et post-colonialisme &hellip; <a href=\"https:\/\/portfolio.uqac.ca\/etienneroygregoire\/enseignement\/\" class=\"more-link\">Continuer la lecture de <span class=\"screen-reader-text\">Enseignement<\/span>  <span class=\"meta-nav\">&rarr;<\/span><\/a><\/p>\n","protected":false},"author":89,"featured_media":0,"parent":0,"menu_order":0,"comment_status":"closed","ping_status":"closed","template":"","meta":{"footnotes":""},"tags":[],"_links":{"self":[{"href":"https:\/\/portfolio.uqac.ca\/etienneroygregoire\/wp-json\/wp\/v2\/pages\/18"}],"collection":[{"href":"https:\/\/portfolio.uqac.ca\/etienneroygregoire\/wp-json\/wp\/v2\/pages"}],"about":[{"href":"https:\/\/portfolio.uqac.ca\/etienneroygregoire\/wp-json\/wp\/v2\/types\/page"}],"author":[{"embeddable":true,"href":"https:\/\/portfolio.uqac.ca\/etienneroygregoire\/wp-json\/wp\/v2\/users\/89"}],"replies":[{"embeddable":true,"href":"https:\/\/portfolio.uqac.ca\/etienneroygregoire\/wp-json\/wp\/v2\/comments?post=18"}],"version-history":[{"count":7,"href":"https:\/\/portfolio.uqac.ca\/etienneroygregoire\/wp-json\/wp\/v2\/pages\/18\/revisions"}],"predecessor-version":[{"id":241,"href":"https:\/\/portfolio.uqac.ca\/etienneroygregoire\/wp-json\/wp\/v2\/pages\/18\/revisions\/241"}],"wp:attachment":[{"href":"https:\/\/portfolio.uqac.ca\/etienneroygregoire\/wp-json\/wp\/v2\/media?parent=18"}],"wp:term":[{"taxonomy":"post_tag","embeddable":true,"href":"https:\/\/portfolio.uqac.ca\/etienneroygregoire\/wp-json\/wp\/v2\/tags?post=18"}],"curies":[{"name":"wp","href":"https:\/\/api.w.org\/{rel}","templated":true}]}}