{"id":18,"date":"2012-07-23T20:05:15","date_gmt":"2012-07-23T20:05:15","guid":{"rendered":"http:\/\/portfolio-pre.uqac.ca\/gabarit\/?page_id=18"},"modified":"2025-06-07T09:47:38","modified_gmt":"2025-06-07T13:47:38","slug":"enseignement","status":"publish","type":"page","link":"https:\/\/portfolio.uqac.ca\/evepouliot\/enseignement\/","title":{"rendered":""},"content":{"rendered":"<h1><\/h1>\n<h1><span style=\"color: #808080\"><strong>FORMULE P\u00c9DAGOGIQUE<\/strong><\/span><\/h1>\n<hr \/>\n<p>Les activit\u00e9s universitaires dispens\u00e9es par la professeure Pouliot s\u2019inscrivent dans une approche socioconstructiviste de l\u2019apprentissage. Pour ce faire, elles utilisent une m\u00e9taphore visant \u00e0 renforcer des liens et \u00e0 rendre les contenus int\u00e9ressants, vivants et plus faciles \u00e0 m\u00e9moriser. Elles s\u2019appuient sur le mod\u00e8le de la classe invers\u00e9e selon lequel les \u00e9tudiant.es se familiarisent avec les contenus et d\u00e9veloppent des comp\u00e9tences avant les rencontres hebdomadaires, pour ensuite r\u00e9fl\u00e9chir \u00e0 leurs apprentissages et aux m\u00e9thodes p\u00e9dagogiques dont ils ont fait l\u2019exp\u00e9rience. Ces activit\u00e9s universitaires combinent aussi d\u2019autres m\u00e9thodes d\u2019apprentissage, telles que le r\u00e9cit (storytelling), la mod\u00e9lisation des connaissances et de multiples activit\u00e9s d\u2019apprentissage collaboratives et individuelles.<\/p>\n<p><a href=\"https:\/\/youtu.be\/012BtBvvS0Q\">https:\/\/youtu.be\/012BtBvvS0Q<\/a><\/p>\n<p>En raison de cette\u00a0formule p\u00e9dagogique, la professeure Pouliot a re\u00e7u le Prix d&#8217;excellence en enseignement du r\u00e9seau des Universit\u00e9s du Qu\u00e9bec, volet R\u00e9alisation pour l&#8217;ann\u00e9e 2021.\u00a0En 2022,\u00a0elle a aussi remport\u00e9 le Prix de la ministre en enseignement sup\u00e9rieur (prix Guy Rocher) et le Prix national 3M d&#8217;excellence en enseignement.<\/p>\n<p><a href=\"https:\/\/youtu.be\/W-ekIq4GxqY\">https:\/\/youtu.be\/W-ekIq4GxqY<\/a><\/p>\n<h1><a href=\"https:\/\/uqac.ca.panopto.com\/Panopto\/Pages\/Embed.aspx?id=7d053952-37c5-49d8-aab0-afb40158b1a3&amp;autoplay=false&amp;offerviewer=true&amp;showtitle=true&amp;showbrand=true&amp;captions=false&amp;interactivity=all\" target=\"_blank\" rel=\"noopener\"><img loading=\"lazy\" decoding=\"async\" class=\"alignnone wp-image-958\" src=\"https:\/\/portfolio.uqac.ca\/evepouliot\/files\/2012\/07\/Prix_MES_2022-1-300x148.jpg\" alt=\"\" width=\"474\" height=\"234\" srcset=\"https:\/\/portfolio.uqac.ca\/evepouliot\/files\/2012\/07\/Prix_MES_2022-1-300x148.jpg 300w, https:\/\/portfolio.uqac.ca\/evepouliot\/files\/2012\/07\/Prix_MES_2022-1-768x379.jpg 768w, https:\/\/portfolio.uqac.ca\/evepouliot\/files\/2012\/07\/Prix_MES_2022-1-1024x506.jpg 1024w, https:\/\/portfolio.uqac.ca\/evepouliot\/files\/2012\/07\/Prix_MES_2022-1.jpg 1661w\" sizes=\"(max-width: 474px) 100vw, 474px\" \/><\/a><\/h1>\n<h1><span style=\"color: #808080\"><strong>COURS AU 1ER CYCLE<\/strong><\/span><\/h1>\n<hr \/>\n<h3><span style=\"color: #000000\">Cours dispens\u00e9s actuellement<\/span><\/h3>\n<ul>\n<li><span style=\"line-height: 1.5\"><a href=\"https:\/\/cours.uqac.ca\/4SVS226\">4SVS226<\/a> : Intervention sociale aupr\u00e8s des enfants et des adolescents<br \/>\n<\/span><\/li>\n<li><span style=\"line-height: 1.5\"><a href=\"https:\/\/cours.uqac.ca\/4svs227\">4SVS227 <\/a>: D\u00e9viance sociale et d\u00e9pendance<\/span><\/li>\n<\/ul>\n<h3><span style=\"color: #000000\">Cours dispens\u00e9s ant\u00e9rieurement<\/span><\/h3>\n<ul>\n<li>\n<div class=\"col-2\"><a href=\"https:\/\/cours.uqac.ca\/4SVS215\">4SVS215<\/a> : Politiques sociales et citoyennet\u00e9<\/div>\n<\/li>\n<li>\n<div class=\"col-2\"><a href=\"https:\/\/cours.uqac.ca\/4SVS229\" target=\"_blank\" rel=\"noopener\">4SVS229<span style=\"color: #000000\"> : <\/span><\/a>Intervention aupr\u00e8s des familles en travail social<\/div>\n<\/li>\n<li>\n<div class=\"col-2\"><a href=\"https:\/\/cours.uqac.ca\/4SVS235\">4SVS235<\/a> : Recherche en travail social<\/div>\n<\/li>\n<li><span style=\"line-height: 1.5\"><a href=\"https:\/\/cours.uqac.ca\/4TXM133\">4TXM133<\/a> : D\u00e9pendances, client\u00e8les sp\u00e9cifiques et probl\u00e9matiques associ\u00e9es<\/span><\/li>\n<li><a href=\"https:\/\/cours.uqac.ca\/4SVS177\">4SVS177<\/a> : Intervention sociale et pratiques en pr\u00e9vention des d\u00e9pendances chez les jeunes des Premi\u00e8res Nations<\/li>\n<li><a href=\"https:\/\/cours.uqac.ca\/4SVS221\">4SVS221<\/a>\u00a0: Intervention en contexte de crise et d&#8217;urgence sociale (en\u00a0<em>Team Teaching<\/em>\u00a0avec Christiane Bergeron-Leclerc, Danielle Maltais et Jacques Cherblanc)<\/li>\n<\/ul>\n<h1><span style=\"color: #808080\"><strong>COURS AU <\/strong>2E CYCLE<\/span><\/h1>\n<hr \/>\n<ul>\n<li><span style=\"line-height: 1.5\"><a href=\"https:\/\/cours.uqac.ca\/TSO6003\">TSO6003 <\/a>: M\u00e9thodologie de la recherche en travail social<br \/>\n<\/span><\/li>\n<li><a href=\"https:\/\/cours.uqac.ca\/TSO6093\">TSO6093<\/a> : Intervention familiale et intervention psychosociale en r\u00e9seaux<\/li>\n<\/ul>\n<p>&nbsp;<\/p>\n<p>&nbsp;<\/p>\n","protected":false},"excerpt":{"rendered":"<p>FORMULE P\u00c9DAGOGIQUE Les activit\u00e9s universitaires dispens\u00e9es par la professeure Pouliot s\u2019inscrivent dans une approche socioconstructiviste de l\u2019apprentissage. Pour ce faire, elles utilisent une m\u00e9taphore visant \u00e0 renforcer des liens et \u00e0 rendre les contenus int\u00e9ressants, vivants et plus faciles \u00e0 m\u00e9moriser. Elles s\u2019appuient sur le mod\u00e8le de la classe invers\u00e9e selon lequel les \u00e9tudiant.es se &hellip; <a href=\"https:\/\/portfolio.uqac.ca\/evepouliot\/enseignement\/\" class=\"more-link\">Continuer la lecture de <span class=\"screen-reader-text\"><\/span>  <span class=\"meta-nav\">&rarr;<\/span><\/a><\/p>\n","protected":false},"author":245,"featured_media":180,"parent":0,"menu_order":0,"comment_status":"closed","ping_status":"closed","template":"","meta":{"footnotes":""},"tags":[],"_links":{"self":[{"href":"https:\/\/portfolio.uqac.ca\/evepouliot\/wp-json\/wp\/v2\/pages\/18"}],"collection":[{"href":"https:\/\/portfolio.uqac.ca\/evepouliot\/wp-json\/wp\/v2\/pages"}],"about":[{"href":"https:\/\/portfolio.uqac.ca\/evepouliot\/wp-json\/wp\/v2\/types\/page"}],"author":[{"embeddable":true,"href":"https:\/\/portfolio.uqac.ca\/evepouliot\/wp-json\/wp\/v2\/users\/245"}],"replies":[{"embeddable":true,"href":"https:\/\/portfolio.uqac.ca\/evepouliot\/wp-json\/wp\/v2\/comments?post=18"}],"version-history":[{"count":61,"href":"https:\/\/portfolio.uqac.ca\/evepouliot\/wp-json\/wp\/v2\/pages\/18\/revisions"}],"predecessor-version":[{"id":1214,"href":"https:\/\/portfolio.uqac.ca\/evepouliot\/wp-json\/wp\/v2\/pages\/18\/revisions\/1214"}],"wp:featuredmedia":[{"embeddable":true,"href":"https:\/\/portfolio.uqac.ca\/evepouliot\/wp-json\/wp\/v2\/media\/180"}],"wp:attachment":[{"href":"https:\/\/portfolio.uqac.ca\/evepouliot\/wp-json\/wp\/v2\/media?parent=18"}],"wp:term":[{"taxonomy":"post_tag","embeddable":true,"href":"https:\/\/portfolio.uqac.ca\/evepouliot\/wp-json\/wp\/v2\/tags?post=18"}],"curies":[{"name":"wp","href":"https:\/\/api.w.org\/{rel}","templated":true}]}}