{"id":27,"date":"2012-07-24T12:57:18","date_gmt":"2012-07-24T12:57:18","guid":{"rendered":"http:\/\/portfolio-pre.uqac.ca\/gabarit\/?page_id=27"},"modified":"2026-02-26T00:27:24","modified_gmt":"2026-02-26T05:27:24","slug":"curriculum-vitae","status":"publish","type":"page","link":"https:\/\/portfolio.uqac.ca\/evepouliot\/curriculum-vitae\/","title":{"rendered":""},"content":{"rendered":"<h2><\/h2>\n<h2><strong>Dipl\u00f4mes<\/strong><\/h2>\n<p>Doctorat en Service social, Universit\u00e9 Laval<\/p>\n<p>Ma\u00eetrise en Service social, Universit\u00e9 Laval<\/p>\n<p>Baccalaur\u00e9at en Droit, Universit\u00e9 de Sherbrooke<\/p>\n<h2><strong><br \/>\nDistinctions et bourses<br \/>\n<\/strong><\/h2>\n<p><a href=\"https:\/\/www.quebec.ca\/gouvernement\/reconnaissance-prix\/education\/prix-ministre-enseignement-superieur\/laureats-2021-2022\">Prix de la ministre d&#8217;excellence en enseignement sup\u00e9rieur (Prix Guy Rocher) (10 000$) &#8211; 2022<\/a><\/p>\n<p><a href=\"https:\/\/www.stlhe.ca\/award_winners\/laureats-du-prix-national-3m-dexcellence-en-enseignement-2022\/?lang=fr\">Prix national 3M d&#8217;excellence en enseignement (subvention de cohorte de 25 000$ pour d\u00e9velopper un projet) &#8211; 2022<\/a><\/p>\n<p><a href=\"https:\/\/www.uquebec.ca\/reseau\/fr\/reseau-de-luq\/la-vie-en-reseau\/prix-et-honneurs\/prix-dexcellence\/laureats-de-lannee#Pouliot\">Prix d&#8217;excellence en enseignement du r\u00e9seau des UQ, volet r\u00e9alisation (15 000$) &#8211; 2021<\/a><\/p>\n<p>Bourse postdoctorale du FQRSC (64 000$). D\u00e9clin\u00e9e.<\/p>\n<p>Bourse de doctorat en recherche du FQRSC (60 000$).<\/p>\n<p>Bourse de soutien du Centre jeunesse de Qu\u00e9bec \u2013 Institut universitaire (5 000$).<\/p>\n<p>Bourse de soutien financier \u00e0 la r\u00e9ussite de l\u2019\u00c9cole de service social, Universit\u00e9 Laval (4 500$).<\/p>\n<h2><strong>Mandats en cours (services aux collectivit\u00e9s)<br \/>\n<\/strong><\/h2>\n<p>Repr\u00e9sentante des professeur.es au Conseil de l&#8217;Unit\u00e9 d&#8217;enseignement en travail social (UETS)<\/p>\n<p>Membre du Comit\u00e9 conseil du P\u00f4le sur les transitions en enseignement sup\u00e9rieur<\/p>\n<p>Membre du Comit\u00e9 de d\u00e9veloppement du Centre intersectoriel en sant\u00e9 durable (CISD)<\/p>\n","protected":false},"excerpt":{"rendered":"<p>Dipl\u00f4mes Doctorat en Service social, Universit\u00e9 Laval Ma\u00eetrise en Service social, Universit\u00e9 Laval Baccalaur\u00e9at en Droit, Universit\u00e9 de Sherbrooke Distinctions et bourses Prix de la ministre d&#8217;excellence en enseignement sup\u00e9rieur (Prix Guy Rocher) (10 000$) &#8211; 2022 Prix national 3M d&#8217;excellence en enseignement (subvention de cohorte de 25 000$ pour d\u00e9velopper un projet) &#8211; 2022 &hellip; <a href=\"https:\/\/portfolio.uqac.ca\/evepouliot\/curriculum-vitae\/\" class=\"more-link\">Continuer la lecture de <span class=\"screen-reader-text\"><\/span>  <span class=\"meta-nav\">&rarr;<\/span><\/a><\/p>\n","protected":false},"author":245,"featured_media":184,"parent":0,"menu_order":0,"comment_status":"closed","ping_status":"closed","template":"","meta":{"footnotes":""},"tags":[],"_links":{"self":[{"href":"https:\/\/portfolio.uqac.ca\/evepouliot\/wp-json\/wp\/v2\/pages\/27"}],"collection":[{"href":"https:\/\/portfolio.uqac.ca\/evepouliot\/wp-json\/wp\/v2\/pages"}],"about":[{"href":"https:\/\/portfolio.uqac.ca\/evepouliot\/wp-json\/wp\/v2\/types\/page"}],"author":[{"embeddable":true,"href":"https:\/\/portfolio.uqac.ca\/evepouliot\/wp-json\/wp\/v2\/users\/245"}],"replies":[{"embeddable":true,"href":"https:\/\/portfolio.uqac.ca\/evepouliot\/wp-json\/wp\/v2\/comments?post=27"}],"version-history":[{"count":38,"href":"https:\/\/portfolio.uqac.ca\/evepouliot\/wp-json\/wp\/v2\/pages\/27\/revisions"}],"predecessor-version":[{"id":1285,"href":"https:\/\/portfolio.uqac.ca\/evepouliot\/wp-json\/wp\/v2\/pages\/27\/revisions\/1285"}],"wp:featuredmedia":[{"embeddable":true,"href":"https:\/\/portfolio.uqac.ca\/evepouliot\/wp-json\/wp\/v2\/media\/184"}],"wp:attachment":[{"href":"https:\/\/portfolio.uqac.ca\/evepouliot\/wp-json\/wp\/v2\/media?parent=27"}],"wp:term":[{"taxonomy":"post_tag","embeddable":true,"href":"https:\/\/portfolio.uqac.ca\/evepouliot\/wp-json\/wp\/v2\/tags?post=27"}],"curies":[{"name":"wp","href":"https:\/\/api.w.org\/{rel}","templated":true}]}}