{"id":4,"date":"2012-07-23T17:46:31","date_gmt":"2012-07-23T17:46:31","guid":{"rendered":"http:\/\/portfolio-pre.uqac.ca\/gabarit\/?page_id=4"},"modified":"2025-12-20T15:05:31","modified_gmt":"2025-12-20T20:05:31","slug":"presentatio","status":"publish","type":"page","link":"https:\/\/portfolio.uqac.ca\/evepouliot\/","title":{"rendered":""},"content":{"rendered":"<h1><\/h1>\n<h1><span style=\"color: #808080\">EVE POULIOT, Ph.D. LL.B.\u00a0 \u00a0 \u00a0 \u00a0<\/span><\/h1>\n<h2><span style=\"color: #000000\">Cotitulaire de la Chaire VISAJ<\/span><\/h2>\n<ul>\n<li><a href=\"https:\/\/www.visaj.ca\/equipe\/eve-pouliot\/\">Chaire de recherche\u00a0UQAC-C\u00e9gep de Jonqui\u00e8re sur la vie et la sant\u00e9 des jeunes (VISAJ)<\/a><\/li>\n<\/ul>\n<h2><span style=\"color: #ff99cc\"><span style=\"color: #000000\">Principales affiliations comme chercheure r\u00e9guli\u00e8re<\/span><\/span><\/h2>\n<ul>\n<li><a href=\"https:\/\/www.crujef.ca\/\">Centre de recherche universitaire sur les jeunes et les familles (CRUJeF)<\/a><\/li>\n<li><a href=\"https:\/\/www.jefar.ulaval.ca\/centreJefar\/?pid=1582\">Centre de recherche\u00a0Jeunes, familles et r\u00e9ponses sociales (JEFAR)<\/a><\/li>\n<li><a href=\"https:\/\/www.riisq.ca\/\">R\u00e9seau Inondations InterSectoriel du Qu\u00e9bec (RIISQ)<\/a><\/li>\n<li><a href=\"https:\/\/cisd.uqac.ca\/membres-reguliers-2\/#PE\">Centre intersectoriel en sant\u00e9 durable (CISD)<\/a><\/li>\n<\/ul>\n<h2><span style=\"color: #ff99cc\"><span style=\"color: #000000\">Biographie<\/span><\/span><\/h2>\n<p>Docteure en travail social et bacheli\u00e8re en droit,\u00a0Eve Pouliot est professeure titulaire en travail social \u00e0 l&#8217;UQAC, o\u00f9 elle enseigne la d\u00e9viance sociale, l&#8217;intervention sociale aupr\u00e8s des jeunes, l&#8217;intervention familiale et la m\u00e9thodologie de la recherche.<\/p>\n<p>Cotitulaire de la Chaire de recherche UQAC-C\u00e9gep de Jonqui\u00e8re sur la vie et la sant\u00e9 des jeunes (VISAJ), elle\u00a0est \u00e9galement chercheure r\u00e9guli\u00e8re au Centre de recherche universitaire sur les jeunes et les familles (CRUJeF), au Centre de recherche Jeunes, Familles, R\u00e9ponses sociales (JEFAR), au R\u00e9seau Inondations InterSectoriel du Qu\u00e9bec (RIISQ) et au Centre intersectoriel en sant\u00e9 durable (CISD).<b>\u00a0<\/b>Ces diff\u00e9rentes\u00a0affiliations l\u2019am\u00e8nent \u00e0 s\u2019int\u00e9resser aux jeunes et aux familles vuln\u00e9rables dans diff\u00e9rents projets de recherche et \u00e0 l&#8217;\u00e9valuation des pratiques sociales qui s&#8217;adressent \u00e0 ces populations. Elle a,\u00a0entre autres, publi\u00e9 des articles et des chapitres de livre sur le r\u00f4le parental en contexte de protection de la jeunesse, l&#8217;\u00e9valuation de la comp\u00e9tence parentale,\u00a0de m\u00eame qu\u2019en ce qui concerne l\u2019intervention familiale centr\u00e9e sur les forces.<\/p>\n<p>Depuis 2015, ses travaux de recherche portent plus sp\u00e9cifiquement sur les jeunes et les familles \u00e0 la suite de catastrophes.\u00a0 Financ\u00e9s par plusieurs organismes subventionnaires (CRSH, IRSC, FRQ), ces travaux ont donn\u00e9 lieu \u00e0 de nombreuses publications et conf\u00e9rences et ont eu des retomb\u00e9es importantes pour les milieux concern\u00e9s.<\/p>\n<p>Laur\u00e9ate de trois prix d&#8217;excellence en enseignement (Prix de la ministre en enseignement sup\u00e9rieur, 2022; Prix national 3M d&#8217;excellence en enseignement, 2022; Prix d&#8217;excellence en enseignement\u00a0du r\u00e9seau des UQ, volet R\u00e9alisation 2021), elle s&#8217;int\u00e9resse aussi \u00e0 la p\u00e9dagogie universitaire, aux in\u00e9galit\u00e9s scolaires et num\u00e9riques chez les \u00e9tudiant.es, aux pratiques d&#8217;enseignement inclusives et \u00e0 l&#8217;approche du r\u00e9cit (Storytelling).<\/p>\n<h2><span style=\"color: #ff99cc\"><span style=\"color: #000000\">Champs d&#8217;int\u00e9r\u00eats<\/span><br \/>\n<\/span><\/h2>\n<p>Jeunes et familles en situation d&#8217;adversit\u00e9 \/Protection de la jeunesse \/ Exposition \u00e0 des \u00e9v\u00e8nements traumatiques \/ Catastrophes naturelles et technologiques \/ R\u00f4les parentaux \/ Comp\u00e9tence parentale \/ Repr\u00e9sentations sociales \/ Jeunes adultes faiblement scolaris\u00e9s \/ Approche centr\u00e9e sur les forces \/ R\u00e9silience \/ \u00c9valuation de programmes \/ Politiques sociales et l\u00e9gislations \/ P\u00e9dagogie universitaire en travail social<\/p>\n","protected":false},"excerpt":{"rendered":"<p>EVE POULIOT, Ph.D. LL.B.\u00a0 \u00a0 \u00a0 \u00a0 Cotitulaire de la Chaire VISAJ Chaire de recherche\u00a0UQAC-C\u00e9gep de Jonqui\u00e8re sur la vie et la sant\u00e9 des jeunes (VISAJ) Principales affiliations comme chercheure r\u00e9guli\u00e8re Centre de recherche universitaire sur les jeunes et les familles (CRUJeF) Centre de recherche\u00a0Jeunes, familles et r\u00e9ponses sociales (JEFAR) R\u00e9seau Inondations InterSectoriel du Qu\u00e9bec &hellip; <a href=\"https:\/\/portfolio.uqac.ca\/evepouliot\/\" class=\"more-link\">Continuer la lecture de <span class=\"screen-reader-text\"><\/span>  <span class=\"meta-nav\">&rarr;<\/span><\/a><\/p>\n","protected":false},"author":245,"featured_media":178,"parent":0,"menu_order":0,"comment_status":"closed","ping_status":"closed","template":"","meta":{"footnotes":""},"tags":[],"_links":{"self":[{"href":"https:\/\/portfolio.uqac.ca\/evepouliot\/wp-json\/wp\/v2\/pages\/4"}],"collection":[{"href":"https:\/\/portfolio.uqac.ca\/evepouliot\/wp-json\/wp\/v2\/pages"}],"about":[{"href":"https:\/\/portfolio.uqac.ca\/evepouliot\/wp-json\/wp\/v2\/types\/page"}],"author":[{"embeddable":true,"href":"https:\/\/portfolio.uqac.ca\/evepouliot\/wp-json\/wp\/v2\/users\/245"}],"replies":[{"embeddable":true,"href":"https:\/\/portfolio.uqac.ca\/evepouliot\/wp-json\/wp\/v2\/comments?post=4"}],"version-history":[{"count":66,"href":"https:\/\/portfolio.uqac.ca\/evepouliot\/wp-json\/wp\/v2\/pages\/4\/revisions"}],"predecessor-version":[{"id":1271,"href":"https:\/\/portfolio.uqac.ca\/evepouliot\/wp-json\/wp\/v2\/pages\/4\/revisions\/1271"}],"wp:featuredmedia":[{"embeddable":true,"href":"https:\/\/portfolio.uqac.ca\/evepouliot\/wp-json\/wp\/v2\/media\/178"}],"wp:attachment":[{"href":"https:\/\/portfolio.uqac.ca\/evepouliot\/wp-json\/wp\/v2\/media?parent=4"}],"wp:term":[{"taxonomy":"post_tag","embeddable":true,"href":"https:\/\/portfolio.uqac.ca\/evepouliot\/wp-json\/wp\/v2\/tags?post=4"}],"curies":[{"name":"wp","href":"https:\/\/api.w.org\/{rel}","templated":true}]}}