{"id":46,"date":"2012-07-24T14:17:13","date_gmt":"2012-07-24T14:17:13","guid":{"rendered":"http:\/\/portfolio-pre.uqac.ca\/gabarit\/?page_id=46"},"modified":"2026-04-01T09:22:36","modified_gmt":"2026-04-01T13:22:36","slug":"recherche","status":"publish","type":"page","link":"https:\/\/portfolio.uqac.ca\/evepouliot\/recherche\/","title":{"rendered":""},"content":{"rendered":"<h1><\/h1>\n<h1><span style=\"color: #808080\">PROJETS DE RECHERCHE EN COURS<\/span><\/h1>\n<hr \/>\n<h2>Chercheure principale<\/h2>\n<p><em>Chaire de recherche du Canada ZENITH sur les jeunes, les catastrophes et la justice sociale.\u00a0<\/em>Subvention du CRSH, 2025-2031 (600 000$).<\/p>\n<p><em>Trajectoires d\u2019Espoir et de R\u00e9silience par la Reconnexion \u00e0 l\u2019Environnement (TERRE) : vers une approche familiale d\u2019intervention par la nature et l\u2019aventure en contexte de catastrophe<\/em>.\u00a0 (Chercheure principale; Cochercheurs : Gervais, C., Tardif-Grenier, K., Fortin, J., Bergeron-Leclerc, C., Cherblanc, J. et Dumont, A.). Subvention du CRSH \u2013 Savoir, 2026-2030 (423 662$).<\/p>\n<p><em>Les repr\u00e9sentations sociales des changements climatiques chez des jeunes ayant \u00e9t\u00e9 expos\u00e9s \u00e0 des \u00e9v\u00e9nements m\u00e9t\u00e9orologiques extr\u00eames : un projet pilote. <\/em>Subvention du CRUJeF, 2026-2027 (10 000$).<\/p>\n<p><em>R\u00e9tablir le lien \u00e0 la nature chez des jeunes expos\u00e9s \u00e0 des inondations : une d\u00e9marche d\u2019innovation ouverte<\/em>. (Chercheure principale; Cochercheurs : Christine Gervais, Kristel Tardif-Grenier, Julie Fortin, Christiane Bergeron-Leclerc, Jacques Cherblanc et Annie Dumont). Subvention du R\u00e9seau Inondations InterSectoriel du Qu\u00e9bec (RIISQ-FRQ), 2026-2029 (199 710$).<\/p>\n<p><em>Chaire VISAJ : budget de fonctionnement.<\/em> (Chercheures principales : Eve Pouliot, Marie-\u00c8ve Blackburn et Jacinthe Dion). FODAR &#8211; volet d\u00e9veloppement institutionnel, 2025-2027 (30 000$).<\/p>\n<p><em>L&#8217;intervention familiale par la nature et l&#8217;aventure avec des jeunes et des parents expos\u00e9s \u00e0 des catastrophes naturelles : un projet pilote<\/em> (Chercheure principale, Cochercheures : Annie Dumont, Julie Fortin et Christiane Bergeron-Leclerc). Subvention du CRUJeF, 2025-2026 (10 000$).<\/p>\n<p><em>L\u2019utilisation des \u00e9crans chez des adolescentes et des adolescents au Saguenay-Lac-Saint-Jean : un projet pilote <\/em>(Chercheure principale, Cochercheures : Marie-\u00c8ve Blackburn et Jacinthe Dion). Subvention du CISD, 2024-2025 (25 000$).<\/p>\n<p><em>L\u2019utilisation des \u00e9crans chez des adolescents cumulant diff\u00e9rents contextes de vuln\u00e9rabilit\u00e9 en contexte post-pand\u00e9mique\u00a0: mieux comprendre pour mieux intervenir\u00a0<\/em>(Chercheure principale, Cochercheures : Christine Gervais, Kristel Tardif-Grenier, Jacinthe Dion et Marie-\u00c8ve Blackburn). Subvention du CRSH, Engagement partenarial, 2024-2025 (25 000$).<\/p>\n<p><em>Les r\u00e9percussions de l\u2019utilisation intensive des \u00e9crans sur la vie sociale des adolescents en contexte post-pand\u00e9mique\u00a0: ce qu\u2019en pensent les jeunes <\/em>(Chercheure principale, Cochercheures : Marie-Eve Blackburn et Jacinthe Dion).\u00a0Subvention du Centre de recherche universitaire sur les jeunes et les familles, 2024-2025 (10 000$).<\/p>\n<p><em>Chaire VISAJ\u00a0: Programme de bourses VISAJ-Fondation JA de S\u00e8ve <\/em>(Chercheure principale avec Marie-\u00c8ve Blackburn et Jacinthe Dion).\u00a0Subvention de la Fondation JA de S\u00e8ve &#8211; 2024-2025 (50 000$).<\/p>\n<p><em>Chaire VISAJ\u00a0: Se propulser par la mobilisation des savoirs<\/em>\u00a0(Chercheure principale avec Marie-\u00c8ve Blackburn et Jacinthe Dion).\u00a0Subvention\u00a0de la\u00a0FUQAC &#8211; 2024-2026 (40 000$).<\/p>\n<p><em>Violence conjugale : Pour un meilleur accompagnement des intervenants psychosociaux au Centre Int\u00e9gr\u00e9 Universitaire de Sant\u00e9 et de Services sociaux du Saguenay-Lac-Saint-Jean (CIUSSS-SLSJ)<\/em>. (Chercheure principale\u00a0avec Marie-\u00c8ve Blackburn). Subvention Mitacs Acc\u00e9l\u00e9ration (30 000$).<\/p>\n<p><em>L&#8217;utilisation du Digital Storytelling pour favoriser le pouvoir d&#8217;agir et la r\u00e9silience d&#8217;adolescents et de leurs parents expos\u00e9s \u00e0 une catastrophe naturelle en contexte de vuln\u00e9rabilit\u00e9.<\/em> (Chercheure principale, Cochercheures\u00a0 \u00a0: Danielle Maltais, Christine Gervais, Kristel Tardif-Grenier). Subvention du CRSH &#8211; Savoir 2023-2025 (99 987$).<\/p>\n<p><em>Mieux comprendre et att\u00e9nuer les impacts psychosociaux des inondations sur le parcours de vie d\u2019adolescents et de parents en milieu rural et favoriser leur pouvoir d\u2019agir par le Digital Storytelling <\/em>(Chercheure principale, Cochercheurs : Danielle Maltais, Christine Gervais, Kristel Tardif-Grenier). Subvention du RIISQ-FRQ 2023-2025 (99 906$).<\/p>\n<p><em>Comprendre et att\u00e9nuer les r\u00e9percussions de la pand\u00e9mie de COVID-19 sur les jeunes, les familles et les milieux scolaires en r\u00e9gion \u00e9loign\u00e9e<\/em>\u00a0(Chercheure principale avec\u00a0Danielle Maltais; Cochercheur : Patrick Giroux).\u00a0 Subventions des IRSC, de la FUQAC et du CRUJeF 2021-2023 (101 269$).<\/p>\n<p><em>Le v\u00e9cu d&#8217;adolescents expos\u00e9s \u00e0 un cumul de catastrophes en milieu rural dans le contexte de la COVID-19\u00a0<\/em>(Cochercheurs : Danielle Maltais, Christine Gervais et Kristel Tardif-Grenier). Subvention du CRSH &#8211; D\u00e9veloppement Savoir 2021-2023 (59 819$).<\/p>\n<p><em>\u00c9valuation de l\u2019implantation et des effets potentiels du programme Versant\u00a0 en contexte de protection de la jeunesse dans trois CISSS et CIUSSS du Qu\u00e9bec\u00a0<\/em> (Cochercheure : Marie-Claude Simard). \u00c9tude financ\u00e9e par Boscoville 2022-2025 (52 955$).<\/p>\n<p><em>Les meilleures pratiques pour faciliter la conciliation famille-travail dans un contexte de p\u00e9nurie de personnel au Saguenay-Lac-Saint-Jean<\/em> (Chercheure principale avec Danielle Maltais). Subvention accord\u00e9e par le Minist\u00e8re de la Famille 2022-2023 (30\u00a0000$).<\/p>\n<p><em>MAVIPAN, volet : Sant\u00e9 et bien-\u00eatre des jeunes de 14 \u00e0 24 ans en contexte de crise pand\u00e9mique<\/em> (Chercheure principale avec Danielle Maltais; Cochercheurs : Marie-Claude Simard, Danielle Nadeau et Delphine Collin-V\u00e9zina).\u00a0\u00c9tude financ\u00e9e par le CRUJeF 2021-2023 (53 666$).<\/p>\n<h2>Cochercheure<\/h2>\n<div class=\"kvgmc6g5 cxmmr5t8 oygrvhab hcukyx3x c1et5uql ii04i59q\">\n<div dir=\"auto\">\n<p><em>S\u00e9par\u00e9s, mais toujours connect\u00e9s ? Exp\u00e9riences, usages et enjeux des TIC au sein des familles s\u00e9par\u00e9es\u00a0\u00a0<\/em>(recherche dirig\u00e9e par K\u00e9vin Lavoie). Subvention du CRUJeF (9 755$).<\/p>\n<p class=\"xmsonormal\"><em>Pediatric Outcomes imProvement through COordination of Research Networks (POPCORN) <\/em>(recherche dirig\u00e9e par Caroline Quach-Thanh), Subvention des IRSC, 2025-2027 (2 988 500$).<\/p>\n<p><em>ANCRAGE &#8211; Acc\u00e8s num\u00e9rique pour le d\u00e9veloppement de la comp\u00e9tence visant \u00e0 r\u00e9duire les in\u00e9galit\u00e9s et soutenir des apprentissages garants d\u2019\u00e9quit\u00e9<\/em> (recherche dirig\u00e9e par S\u00e9verine Parent). Subvention du FRQSC, Grand d\u00e9fi soci\u00e9t\u00e9 apprenante &#8211; GDSA, 2025-2027 (499 356$).<\/p>\n<p><em>Projet de recherche-action sur la pr\u00e9vention et la postvention du suicide chez les adolescents vivant en contexte de mixit\u00e9 autochtone et allochtone dans une perspective de sant\u00e9 mentale.<\/em> (Chercheure principale : Annie Dumont). CIUSSS du SLSJ, Direction de la sant\u00e9 publique (142 379$).<\/p>\n<p class=\"xmsonormal\"><em>Grandir \u00e0 Montr\u00e9al : Facteurs associ\u00e9s au bien-\u00eatre des enfants immigrants et non immigrants <\/em>(recherche dirig\u00e9e par Lisa Merry), Subvention du CRSH, Engagement partenarial (24 977$).<em><br \/>\nConseil de Recherches en Sciences Humaines du Canada (CRSH)<\/em><\/p>\n<p><em>Rendre visibles les orphelins du Canada : \u00c9tude interdisciplinaire sur la sant\u00e9 et les besoins des jeunes qui ont perdu par d\u00e9c\u00e8s un ou deux de leurs parents<\/em> (recherche dirig\u00e9e par Jacques Cherblanc et Christiane Bergeron-Leclerc). Subvention des IRSC, 2024-2029 (527 821$).<\/p>\n<p><em>Vers un campus positif : une analyse du d\u00e9ploiement et des retomb\u00e9es de l&#8217;approche centr\u00e9e sur les forces en milieu universitaire.<\/em> (recherche dirig\u00e9e par Christiane Bergeron-Leclerc). FUQAC, 2024-2026 (10 000$).<\/p>\n<p><em>Penser l&#8217;adaptation et le d\u00e9ploiement de l&#8217;approche centr\u00e9e sur les forces en enseignement sup\u00e9rieur avec les personnes concern\u00e9es.<\/em> (recherche dirig\u00e9e par Christiane Bergeron-Leclerc). OSM\u00c9ES, 2025-2026 (10 000$).<\/p>\n<p><em>La peur de la r\u00e9cidive des patients atteints de maladie coronarienne : adaptation et validation d&#8217;un questionnaire multidimensionnel.<\/em> (recherche dirig\u00e9e par S\u00e9bastien Simard). FUQAC, 2025-2027 (10 000$).<\/p>\n<p><em>\u00c9valuation du programme Mots d&#8217;enfants<\/em> (recherche dirig\u00e9e par George Tarabulsy). Subvention du MSSS, 2024-2027 (481 965$).<\/p>\n<p class=\"xmsonormal\"><em>Une approche collaborative contre la violence conjugale \u2013 Cod\u00e9veloppement d\u2019outils pour soutenir les intervenantes et intervenants psychosociaux\u00a0<\/em>(recherche dirig\u00e9e par Marie-\u00c8ve Balckburn). Subvention du CRSH, Engagement partenarial, 2024-2025 (25 000$).<\/p>\n<p class=\"xmsonormal\"><em>Connaissances, attitudes et comportements pro-environnementaux favorables au bien-\u00eatre des familles en contexte de crise climatique Une revue de litt\u00e9rature<\/em> (recherche dirig\u00e9e par Christine Gervais). Subventions du CRSH exploration &#8211; 2024-2025 (6 983$).<\/p>\n<p><em>Comprendre la mobilisation des familles envers le climat pour mieux la soutenir<\/em>\u00a0(Projet pilote dirig\u00e9 par Christine Gervais). Subvention du Partenariat de recherche Familles en mouvance &#8211; 2024-2025 (5500$).<\/p>\n<p><em>Faire famille en contexte de crise climatique<\/em> (Projet pilote dirig\u00e9 par Christine Gervais). Subvention de l&#8217;\u00e9quipe Paternit\u00e9, Famille et Soci\u00e9t\u00e9 &#8211; 2-24-2025 (5 000$).<\/p>\n<p><em>Observatoire sur le bien-\u00eatre et la sant\u00e9 mentale \u00e9tudiante en enseignement sup\u00e9rieur: des connaissances au service de l\u2019action <\/em>(Recherche dirig\u00e9e par Julie Lane). Subvention du\u00a0Fonds de recherche du Qu\u00e9bec \u2013 Sant\u00e9 (FRQS) &#8211; 2023-2028 (2,8 M$).<\/p>\n<p><em>Caract\u00e9ristiques et trajectoires de service des adolescents et adolescentes plac\u00e9s en contexte de pand\u00e9mie<\/em>\u00a0(Recherche dirig\u00e9e par Annie Dumont). Subvention du CRUJeF &#8211; 2023-2024 (10 000$).<\/p>\n<p><em>I-LUM-IN: Une station de promotion de la sant\u00e9 mentale au coeur de l\u2019universit\u00e9<\/em> (Recherche dirig\u00e9e par Christiane Bergeron-Leclerc et S\u00e9bastien Gaboury). Subvention du\u00a0Fonds de recherche du Qu\u00e9bec \u2013 Sant\u00e9 (FRQS) &#8211; 2023-2024 (125 465 $).<\/p>\n<p><em>R\u00e9silience familiale en contexte de pand\u00e9mie de COVID-19<\/em>\u00a0(Recherche dirig\u00e9e par Carol Castro). Subvention du CRSH, D\u00e9veloppement Savoir &#8211; 2023-2025 (52 800$).<\/p>\n<p><em>Laboratoire Vivant d\u2019Innovation en \u00c9ducation (LaVIE)\u00a0<\/em>(Recherche dirig\u00e9e par S\u00e9verine Parent). Subvention du minist\u00e8re de l&#8217;Enseignement sup\u00e9rieur &#8211; 2022-2024 (513\u00a0650$).<\/p>\n<p><em>Processus de m\u00e9dicalisation durant l&#8217;enfance : \u00c9tude qualitative longitudinale des r\u00e9sistances parentales et du v\u00e9cu des enfants <\/em>(Recherche dirig\u00e9e par Marie-Christine Brault). Subvention Savoir du CRSH &#8211; 2022-2026 (98\u00a0892$).<\/p>\n<p><em>Sant\u00e9 mentale et accessibilit\u00e9 aux services en milieu universitaire : la diversit\u00e9 constitue-t-elle une barri\u00e8re ?<\/em> (Recherche dirig\u00e9e par Christiane Bergeron-Leclerc, Danielle Maltais et Jacques Cherblanc). Subvention des IRSC (334 040$).<\/p>\n<p><em>\u00catre autochtone et \u00e9tudier \u00e0 l&#8217;universit\u00e9 en temps de pand\u00e9mie : mieux comprendre les impacts de la COVID-19 sur les parcours scolaires des \u00e9tudiant.es autochtones de l&#8217;UQAC <\/em>(Recherche dirig\u00e9e par Dominic Bizot). Subvention d&#8217;engagement partenarial du CRSH (25 000$).<\/p>\n<p><em>R\u00e9sistances des parents, recevant des services en vertu de la LPJ, face au processus de m\u00e9dicalisation impliquant leur enfant<\/em> (Recherche dirig\u00e9e par Marie-Christine Brault). Subvention de l&#8217;Institut universitaire Jeunes en difficult\u00e9 (35 000$).<\/p>\n<p><em>Sant\u00e9 mentale et population universitaire: un laboratoire-vivant au service de la communaut\u00e9<\/em> (Recherche dirig\u00e9e par Christiane Bergeron-Leclerc).\u00a0 Subventions de la<b>\u00a0<\/b>FUQAC et Bell Cause (135 000$).<\/p>\n<p>&nbsp;<\/p>\n<\/div>\n<\/div>\n","protected":false},"excerpt":{"rendered":"<p>PROJETS DE RECHERCHE EN COURS Chercheure principale Chaire de recherche du Canada ZENITH sur les jeunes, les catastrophes et la justice sociale.\u00a0Subvention du CRSH, 2025-2031 (600 000$). Trajectoires d\u2019Espoir et de R\u00e9silience par la Reconnexion \u00e0 l\u2019Environnement (TERRE) : vers une approche familiale d\u2019intervention par la nature et l\u2019aventure en contexte de catastrophe.\u00a0 (Chercheure principale; &hellip; <a href=\"https:\/\/portfolio.uqac.ca\/evepouliot\/recherche\/\" class=\"more-link\">Continuer la lecture de <span class=\"screen-reader-text\"><\/span>  <span class=\"meta-nav\">&rarr;<\/span><\/a><\/p>\n","protected":false},"author":245,"featured_media":181,"parent":0,"menu_order":0,"comment_status":"closed","ping_status":"closed","template":"","meta":{"footnotes":""},"tags":[],"_links":{"self":[{"href":"https:\/\/portfolio.uqac.ca\/evepouliot\/wp-json\/wp\/v2\/pages\/46"}],"collection":[{"href":"https:\/\/portfolio.uqac.ca\/evepouliot\/wp-json\/wp\/v2\/pages"}],"about":[{"href":"https:\/\/portfolio.uqac.ca\/evepouliot\/wp-json\/wp\/v2\/types\/page"}],"author":[{"embeddable":true,"href":"https:\/\/portfolio.uqac.ca\/evepouliot\/wp-json\/wp\/v2\/users\/245"}],"replies":[{"embeddable":true,"href":"https:\/\/portfolio.uqac.ca\/evepouliot\/wp-json\/wp\/v2\/comments?post=46"}],"version-history":[{"count":85,"href":"https:\/\/portfolio.uqac.ca\/evepouliot\/wp-json\/wp\/v2\/pages\/46\/revisions"}],"predecessor-version":[{"id":1299,"href":"https:\/\/portfolio.uqac.ca\/evepouliot\/wp-json\/wp\/v2\/pages\/46\/revisions\/1299"}],"wp:featuredmedia":[{"embeddable":true,"href":"https:\/\/portfolio.uqac.ca\/evepouliot\/wp-json\/wp\/v2\/media\/181"}],"wp:attachment":[{"href":"https:\/\/portfolio.uqac.ca\/evepouliot\/wp-json\/wp\/v2\/media?parent=46"}],"wp:term":[{"taxonomy":"post_tag","embeddable":true,"href":"https:\/\/portfolio.uqac.ca\/evepouliot\/wp-json\/wp\/v2\/tags?post=46"}],"curies":[{"name":"wp","href":"https:\/\/api.w.org\/{rel}","templated":true}]}}