{"id":165,"date":"2022-09-13T10:47:56","date_gmt":"2022-09-13T14:47:56","guid":{"rendered":"http:\/\/portfolio-pre.uqac.ca\/gabarit\/?page_id=165"},"modified":"2025-05-21T18:36:11","modified_gmt":"2025-05-21T22:36:11","slug":"communications-2","status":"publish","type":"page","link":"https:\/\/portfolio.uqac.ca\/fernandaribeiro\/publications\/communications-2\/","title":{"rendered":"Communications"},"content":{"rendered":"<p>PR\u00c9SENTATIONS \u00c0 TITRE DE CONF\u00c9RENCIER INVIT\u00c9 (DEPUIS 2017)<\/p>\n<p>Mai 2025 &#8211; &#8220;Out of sight, out of mind: How healthcare professionals&#8217; perceptions influence accessibility to physiotherapy in your country?&#8221;, Idobata session. World Physiotherapy Congress, 31 mai 2025, Tokyo, Japan.<\/p>\n<p>Mai 2023 &#8211; &#8220;Technologies en sant\u00e9 au Qu\u00e9bec, Canada \u2013 l\u2019exp\u00e9rience du chercheur comme usager.&#8221;<br \/>\n3e Symposium de Sant\u00e9 fond\u00e9e sur des donn\u00e9es probantes<\/p>\n<p>Mar 2022 &#8211; Diner-conf\u00e9rence : \u00c9change pour la prise en charge en r\u00e9adaptation de la client\u00e8le atteinte de la COVID-19 &#8211; CIUSSS du Saguenay-Lac-St-Jean, H\u00f4pital de Roberval, 2 mars 2022, Roberval, Qu\u00e9bec, Canada<\/p>\n<p>Juil 2019-\u00a0 Conf\u00e9rence &#8211; Physiotherapy during acute phase of cardiac diseases\u2015clinical and post-operative management<br \/>\nClinical workshop &#8211; A cardiac rehabilitation protocol in Canada: physiotherapy post-uncomplicated open heart surgery<br \/>\nCo-auteurs: Ana Maria Moga et Mathieu Simard<br \/>\nThird International Great Wall Academic Conference on Cardiopulmonary Prevention and Rehabilitation, 26 au 28 juillet 2019,\u00a0Changchun, Chine.<\/p>\n<p>Nov 2017 &#8211; \u00ab Les interventions cardiorespiratoires chez la client\u00e8le neurologique : pertinence, d\u00e9fis et solutions \u00bb Physioth\u00e9rapie 360, 11 novembre 2017,\u00a0L\u00e9vis, Qu\u00e9bec, Canada.<\/p>\n<p>Juil 2017 &#8211; \u00ab Aller-retour entre les pays \u00e0 faible revenu et \u00e0 revenu \u00e9lev\u00e9: d\u00e9mythifier les lacunes et am\u00e9liorer \u00e0 partir des diff\u00e9rences de pratique clinique et de recherche \u00bb. &#8211; Nomination \u00e0 la session d\u2019\u00e9change \u201cIndaba session in equity and equality\u201d, en anglais et en fran\u00e7ais.\u00a0World Confederation of Physical Therapy Congress 2017, 3 juillet 2017,\u00a0Le Cap, Afrique du sud.<\/p>\n","protected":false},"excerpt":{"rendered":"<p>PR\u00c9SENTATIONS \u00c0 TITRE DE CONF\u00c9RENCIER INVIT\u00c9 (DEPUIS 2017) Mai 2025 &#8211; &#8220;Out of sight, out of mind: How healthcare professionals&#8217; perceptions influence accessibility to physiotherapy in your country?&#8221;, Idobata session. World Physiotherapy Congress, 31 mai 2025, Tokyo, Japan. Mai 2023 &#8211; &#8220;Technologies en sant\u00e9 au Qu\u00e9bec, Canada \u2013 l\u2019exp\u00e9rience du chercheur comme usager.&#8221; 3e Symposium &hellip; <a href=\"https:\/\/portfolio.uqac.ca\/fernandaribeiro\/publications\/communications-2\/\" class=\"more-link\">Continuer la lecture de <span class=\"screen-reader-text\">Communications<\/span>  <span class=\"meta-nav\">&rarr;<\/span><\/a><\/p>\n","protected":false},"author":353,"featured_media":0,"parent":20,"menu_order":2,"comment_status":"closed","ping_status":"closed","template":"","meta":{"footnotes":""},"tags":[],"_links":{"self":[{"href":"https:\/\/portfolio.uqac.ca\/fernandaribeiro\/wp-json\/wp\/v2\/pages\/165"}],"collection":[{"href":"https:\/\/portfolio.uqac.ca\/fernandaribeiro\/wp-json\/wp\/v2\/pages"}],"about":[{"href":"https:\/\/portfolio.uqac.ca\/fernandaribeiro\/wp-json\/wp\/v2\/types\/page"}],"author":[{"embeddable":true,"href":"https:\/\/portfolio.uqac.ca\/fernandaribeiro\/wp-json\/wp\/v2\/users\/353"}],"replies":[{"embeddable":true,"href":"https:\/\/portfolio.uqac.ca\/fernandaribeiro\/wp-json\/wp\/v2\/comments?post=165"}],"version-history":[{"count":14,"href":"https:\/\/portfolio.uqac.ca\/fernandaribeiro\/wp-json\/wp\/v2\/pages\/165\/revisions"}],"predecessor-version":[{"id":256,"href":"https:\/\/portfolio.uqac.ca\/fernandaribeiro\/wp-json\/wp\/v2\/pages\/165\/revisions\/256"}],"up":[{"embeddable":true,"href":"https:\/\/portfolio.uqac.ca\/fernandaribeiro\/wp-json\/wp\/v2\/pages\/20"}],"wp:attachment":[{"href":"https:\/\/portfolio.uqac.ca\/fernandaribeiro\/wp-json\/wp\/v2\/media?parent=165"}],"wp:term":[{"taxonomy":"post_tag","embeddable":true,"href":"https:\/\/portfolio.uqac.ca\/fernandaribeiro\/wp-json\/wp\/v2\/tags?post=165"}],"curies":[{"name":"wp","href":"https:\/\/api.w.org\/{rel}","templated":true}]}}