{"id":4,"date":"2022-09-13T10:47:56","date_gmt":"2022-09-13T14:47:56","guid":{"rendered":"http:\/\/portfolio-pre.uqac.ca\/gabarit\/?page_id=4"},"modified":"2025-05-21T17:59:32","modified_gmt":"2025-05-21T21:59:32","slug":"presentatio","status":"publish","type":"page","link":"https:\/\/portfolio.uqac.ca\/fernandaribeiro\/","title":{"rendered":"Pr\u00e9sentation"},"content":{"rendered":"<h2>Fernanda Ribeiro<\/h2>\n<p>Professeure au D\u00e9partement des sciences de la sant\u00e9.<br \/>\nUnit\u00e9 d&#8217;enseignement en physioth\u00e9rapie.<\/p>\n<p style=\"text-align: justify;line-height: 115%\">Fernanda Ribeiro est professeure agr\u00e9g\u00e9e \u00e0 l\u2019Unit\u00e9 d\u2019enseignement en physioth\u00e9rapie de l\u2019Universit\u00e9 du Qu\u00e9bec \u00e0 Chicoutimi (UQAC) depuis 2013. Titulaire d\u2019une sp\u00e9cialisation en physioth\u00e9rapie respiratoire et d\u2019une ma\u00eetrise en sciences de la sant\u00e9 de l\u2019Universit\u00e9 de Brasilia, ainsi que d\u2019un certificat de deuxi\u00e8me cycle en maladies respiratoires de l\u2019Universit\u00e9 Laval, elle se distingue par son expertise en r\u00e9adaptation cardiorespiratoire.<\/p>\n<p style=\"text-align: justify;line-height: 115%\">Ses publications portent sur les m\u00e9canismes de dysfonction musculaire p\u00e9riph\u00e9rique dans les maladies respiratoires chroniques, notamment la MPOC, le cancer et l\u2019hypertension pulmonaire. Son parcours est enrichi par une solide exp\u00e9rience clinique acquise au Br\u00e9sil en soins intensifs et en r\u00e9adaptation pulmonaire. Elle maintient une pratique clinique \u00e0 temps partiel au CIUSSS du Saguenay\u2013Lac-Saint-Jean. \u00c0 l\u2019UQAC, elle enseigne la physiologie de l\u2019exercice, la r\u00e9adaptation cardiorespiratoire int\u00e9gr\u00e9e et dirige des projets de ma\u00eetrise professionnelle.<\/p>\n<p style=\"text-align: justify;line-height: 115%\">Chercheure associ\u00e9e au Centre intersectoriel en sant\u00e9 durable (CISD), ses int\u00e9r\u00eats de recherche actuels comportent deux volets compl\u00e9mentaires: la bonification des pratiques organisationnelles en r\u00e9adaptation pour les maladies et incapacit\u00e9s physiques chroniques, et le d\u00e9veloppement de technologies innovantes pour la formation clinique. Elle accueille \u00e0 la ma\u00eetrise en sant\u00e9 durable des \u00e9tudiants souhaitant contribuer au rayonnement scientifique de la r\u00e9adaptation pour les personnes souffrant des probl\u00e8mes de sant\u00e9 chroniques.<\/p>\n<h2>Champs d&#8217;int\u00e9r\u00eat<\/h2>\n<ul>\n<li>Physioth\u00e9rapie cardiovasculaire et respiratoire.<\/li>\n<li>R\u00e9adaptation physique dans les maladies chroniques.<\/li>\n<li>R\u00e9adaptation physique en soins aigus.<\/li>\n<li>Physioth\u00e9rapie en sant\u00e9 publique et sant\u00e9 durable.<\/li>\n<\/ul>\n","protected":false},"excerpt":{"rendered":"<p>Fernanda Ribeiro Professeure au D\u00e9partement des sciences de la sant\u00e9. Unit\u00e9 d&#8217;enseignement en physioth\u00e9rapie. Fernanda Ribeiro est professeure agr\u00e9g\u00e9e \u00e0 l\u2019Unit\u00e9 d\u2019enseignement en physioth\u00e9rapie de l\u2019Universit\u00e9 du Qu\u00e9bec \u00e0 Chicoutimi (UQAC) depuis 2013. Titulaire d\u2019une sp\u00e9cialisation en physioth\u00e9rapie respiratoire et d\u2019une ma\u00eetrise en sciences de la sant\u00e9 de l\u2019Universit\u00e9 de Brasilia, ainsi que d\u2019un certificat &hellip; <a href=\"https:\/\/portfolio.uqac.ca\/fernandaribeiro\/\" class=\"more-link\">Continuer la lecture de <span class=\"screen-reader-text\">Pr\u00e9sentation<\/span>  <span class=\"meta-nav\">&rarr;<\/span><\/a><\/p>\n","protected":false},"author":353,"featured_media":0,"parent":0,"menu_order":0,"comment_status":"closed","ping_status":"closed","template":"","meta":{"footnotes":""},"tags":[],"_links":{"self":[{"href":"https:\/\/portfolio.uqac.ca\/fernandaribeiro\/wp-json\/wp\/v2\/pages\/4"}],"collection":[{"href":"https:\/\/portfolio.uqac.ca\/fernandaribeiro\/wp-json\/wp\/v2\/pages"}],"about":[{"href":"https:\/\/portfolio.uqac.ca\/fernandaribeiro\/wp-json\/wp\/v2\/types\/page"}],"author":[{"embeddable":true,"href":"https:\/\/portfolio.uqac.ca\/fernandaribeiro\/wp-json\/wp\/v2\/users\/353"}],"replies":[{"embeddable":true,"href":"https:\/\/portfolio.uqac.ca\/fernandaribeiro\/wp-json\/wp\/v2\/comments?post=4"}],"version-history":[{"count":18,"href":"https:\/\/portfolio.uqac.ca\/fernandaribeiro\/wp-json\/wp\/v2\/pages\/4\/revisions"}],"predecessor-version":[{"id":241,"href":"https:\/\/portfolio.uqac.ca\/fernandaribeiro\/wp-json\/wp\/v2\/pages\/4\/revisions\/241"}],"wp:attachment":[{"href":"https:\/\/portfolio.uqac.ca\/fernandaribeiro\/wp-json\/wp\/v2\/media?parent=4"}],"wp:term":[{"taxonomy":"post_tag","embeddable":true,"href":"https:\/\/portfolio.uqac.ca\/fernandaribeiro\/wp-json\/wp\/v2\/tags?post=4"}],"curies":[{"name":"wp","href":"https:\/\/api.w.org\/{rel}","templated":true}]}}