{"id":46,"date":"2022-09-13T10:47:56","date_gmt":"2022-09-13T14:47:56","guid":{"rendered":"http:\/\/portfolio-pre.uqac.ca\/gabarit\/?page_id=46"},"modified":"2025-05-21T18:09:22","modified_gmt":"2025-05-21T22:09:22","slug":"recherche","status":"publish","type":"page","link":"https:\/\/portfolio.uqac.ca\/fernandaribeiro\/recherche\/","title":{"rendered":"Recherche"},"content":{"rendered":"<p><strong>Projets de recherche r\u00e9cents<\/strong><\/p>\n<p>Projet en cours : Communication interprofessionnelle et la physioth\u00e9rapie en soins de plaies.<\/p>\n<p><strong>Chercheure principale :<\/strong><\/p>\n<p>Efficacit\u00e9 d\u2019une strat\u00e9gie de gestion de liste d\u2019attente pour prise en charge en physioth\u00e9rapie.<br \/>\nProjet de maitrise en physioth\u00e9rapie \u2013 cohorte 2020-2021<\/p>\n<p><strong>\u00c0 titre de collaboratrice : <\/strong><\/p>\n<p>Fonds de d\u00e9veloppement de l\u2019enseignement \u00e0 distance du r\u00e9seau UQ<br \/>\nTitre\u00a0: L\u2019UVSI pour le d\u00e9veloppement de comp\u00e9tences infirmi\u00e8res dans un contexte de FAD dans les UQ (UVSI = unit\u00e9 virtuelle de soins intensifs)<br \/>\nChercheur principal : Fr\u00e9d\u00e9ric Banville \u2013 UQAR<\/p>\n<h5><strong>ENCADREMENT ET SUPERVISION<\/strong><\/h5>\n<p><strong><u>Direction de recherche<\/u><\/strong><\/p>\n<p><strong>Programme\u00a0de maitrise en sant\u00e9 durable<\/strong><br \/>\nUniversit\u00e9 du Qu\u00e9bec \u00e0 Chicoutimi<br \/>\n2023- en cours\u00a0: Mireille Bouchard<br \/>\nTitre du Projet\u00a0: <em>Facteurs contributifs \u00e0 la demande de services en physioth\u00e9rapie en soins de plaies chroniques<\/em><\/p>\n<p><strong><u>Codirection de recherche<\/u><\/strong><\/p>\n<p><strong>Programme de maitrise en sciences de la sant\u00e9<br \/>\n<\/strong>\u00c9cole sup\u00e9rieur des sciences de la sant\u00e9, Brasilia, Br\u00e9sil<br \/>\n2022-2024\u00a0: Andresa da Costa Correia<br \/>\nTitre du projet\u00a0: <em>Efficacit\u00e9 de l\u2019entrainement musculaire respiratoire et des programmes multi-composante dans la prise en charge des conditions p\u00f3s-COVID<\/em><\/p>\n","protected":false},"excerpt":{"rendered":"<p>Projets de recherche r\u00e9cents Projet en cours : Communication interprofessionnelle et la physioth\u00e9rapie en soins de plaies. Chercheure principale : Efficacit\u00e9 d\u2019une strat\u00e9gie de gestion de liste d\u2019attente pour prise en charge en physioth\u00e9rapie. Projet de maitrise en physioth\u00e9rapie \u2013 cohorte 2020-2021 \u00c0 titre de collaboratrice : Fonds de d\u00e9veloppement de l\u2019enseignement \u00e0 distance du &hellip; <a href=\"https:\/\/portfolio.uqac.ca\/fernandaribeiro\/recherche\/\" class=\"more-link\">Continuer la lecture de <span class=\"screen-reader-text\">Recherche<\/span>  <span class=\"meta-nav\">&rarr;<\/span><\/a><\/p>\n","protected":false},"author":353,"featured_media":0,"parent":0,"menu_order":0,"comment_status":"closed","ping_status":"closed","template":"","meta":{"footnotes":""},"tags":[],"_links":{"self":[{"href":"https:\/\/portfolio.uqac.ca\/fernandaribeiro\/wp-json\/wp\/v2\/pages\/46"}],"collection":[{"href":"https:\/\/portfolio.uqac.ca\/fernandaribeiro\/wp-json\/wp\/v2\/pages"}],"about":[{"href":"https:\/\/portfolio.uqac.ca\/fernandaribeiro\/wp-json\/wp\/v2\/types\/page"}],"author":[{"embeddable":true,"href":"https:\/\/portfolio.uqac.ca\/fernandaribeiro\/wp-json\/wp\/v2\/users\/353"}],"replies":[{"embeddable":true,"href":"https:\/\/portfolio.uqac.ca\/fernandaribeiro\/wp-json\/wp\/v2\/comments?post=46"}],"version-history":[{"count":9,"href":"https:\/\/portfolio.uqac.ca\/fernandaribeiro\/wp-json\/wp\/v2\/pages\/46\/revisions"}],"predecessor-version":[{"id":245,"href":"https:\/\/portfolio.uqac.ca\/fernandaribeiro\/wp-json\/wp\/v2\/pages\/46\/revisions\/245"}],"wp:attachment":[{"href":"https:\/\/portfolio.uqac.ca\/fernandaribeiro\/wp-json\/wp\/v2\/media?parent=46"}],"wp:term":[{"taxonomy":"post_tag","embeddable":true,"href":"https:\/\/portfolio.uqac.ca\/fernandaribeiro\/wp-json\/wp\/v2\/tags?post=46"}],"curies":[{"name":"wp","href":"https:\/\/api.w.org\/{rel}","templated":true}]}}