{"id":18,"date":"2020-06-16T11:15:21","date_gmt":"2020-06-16T15:15:21","guid":{"rendered":"http:\/\/portfolio-pre.uqac.ca\/gabarit\/?page_id=18"},"modified":"2020-12-11T15:11:37","modified_gmt":"2020-12-11T20:11:37","slug":"enseignement","status":"publish","type":"page","link":"https:\/\/portfolio.uqac.ca\/florentbiao\/enseignement\/","title":{"rendered":"Enseignement"},"content":{"rendered":"<p><strong>Baccalaur\u00e9at en enseignement du fran\u00e7ais au secondaire (BES)<\/strong><\/p>\n<ul>\n<li>3ENF105 : Didactique de l&#8217;\u00e9criture au secondaire<\/li>\n<li><span style=\"line-height: 1.5\">3ENF109 : Didactique de la lecture au secondaire<\/span><\/li>\n<li><span style=\"line-height: 1.5\">3ENF112 : Didactique de l&#8217;oral au secondaire<\/span><\/li>\n<\/ul>\n<p><strong>Baccalaur\u00e9at en \u00e9ducation pr\u00e9scolaire et en enseignement primaire (B\u00c9PEP)<\/strong><\/p>\n<ul>\n<li><span style=\"line-height: 1.5\">3DID544 : Didactique du fran\u00e7ais au pr\u00e9scolaire et au premier cycle du primaire<\/span><\/li>\n<li><span style=\"line-height: 1.5\">3DID644 : Didactique du fran\u00e7ais aux deuxi\u00e8me et troisi\u00e8me cycles du primaire<\/span><\/li>\n<li>3PPG433 : Didactique de l&#8217;oral au pr\u00e9scolaire et au primaire<\/li>\n<\/ul>\n<p><strong>Cours de deuxi\u00e8me cycle<\/strong><\/p>\n<ul>\n<li><span style=\"line-height: 1.5\">3MED879 : Analyse des pratiques \u00e9ducatives (Ma\u00eetrise &#8211; DESS)<\/span><\/li>\n<\/ul>\n<p><strong>Stages<\/strong><\/p>\n<ul>\n<li><span style=\"line-height: 1.5\">3EEL220 :\u00a0Stage II en milieu scolaire (B\u00c9PEP)<\/span><\/li>\n<li><span style=\"line-height: 1.5\">3EEL230 : Stage III en milieu scolaire (B\u00c9PEP)<\/span><\/li>\n<\/ul>\n","protected":false},"excerpt":{"rendered":"<p>Baccalaur\u00e9at en enseignement du fran\u00e7ais au secondaire (BES) 3ENF105 : Didactique de l&#8217;\u00e9criture au secondaire 3ENF109 : Didactique de la lecture au secondaire 3ENF112 : Didactique de l&#8217;oral au secondaire Baccalaur\u00e9at en \u00e9ducation pr\u00e9scolaire et en enseignement primaire (B\u00c9PEP) 3DID544 : Didactique du fran\u00e7ais au pr\u00e9scolaire et au premier cycle du primaire 3DID644 : Didactique &hellip; <a href=\"https:\/\/portfolio.uqac.ca\/florentbiao\/enseignement\/\" class=\"more-link\">Continuer la lecture de <span class=\"screen-reader-text\">Enseignement<\/span>  <span class=\"meta-nav\">&rarr;<\/span><\/a><\/p>\n","protected":false},"author":89,"featured_media":0,"parent":0,"menu_order":0,"comment_status":"closed","ping_status":"closed","template":"","meta":{"footnotes":""},"tags":[],"_links":{"self":[{"href":"https:\/\/portfolio.uqac.ca\/florentbiao\/wp-json\/wp\/v2\/pages\/18"}],"collection":[{"href":"https:\/\/portfolio.uqac.ca\/florentbiao\/wp-json\/wp\/v2\/pages"}],"about":[{"href":"https:\/\/portfolio.uqac.ca\/florentbiao\/wp-json\/wp\/v2\/types\/page"}],"author":[{"embeddable":true,"href":"https:\/\/portfolio.uqac.ca\/florentbiao\/wp-json\/wp\/v2\/users\/89"}],"replies":[{"embeddable":true,"href":"https:\/\/portfolio.uqac.ca\/florentbiao\/wp-json\/wp\/v2\/comments?post=18"}],"version-history":[{"count":9,"href":"https:\/\/portfolio.uqac.ca\/florentbiao\/wp-json\/wp\/v2\/pages\/18\/revisions"}],"predecessor-version":[{"id":226,"href":"https:\/\/portfolio.uqac.ca\/florentbiao\/wp-json\/wp\/v2\/pages\/18\/revisions\/226"}],"wp:attachment":[{"href":"https:\/\/portfolio.uqac.ca\/florentbiao\/wp-json\/wp\/v2\/media?parent=18"}],"wp:term":[{"taxonomy":"post_tag","embeddable":true,"href":"https:\/\/portfolio.uqac.ca\/florentbiao\/wp-json\/wp\/v2\/tags?post=18"}],"curies":[{"name":"wp","href":"https:\/\/api.w.org\/{rel}","templated":true}]}}